{"id":8267,"date":"2022-02-13T14:22:04","date_gmt":"2022-02-13T14:22:04","guid":{"rendered":"https:\/\/shop.tjasha.si\/?page_id=8267"},"modified":"2022-02-14T07:50:29","modified_gmt":"2022-02-14T07:50:29","slug":"vavcer","status":"publish","type":"page","link":"https:\/\/shop.tjasha.si\/en\/vavcer\/","title":{"rendered":""},"content":{"rendered":"<div data-elementor-type=\"wp-page\" data-elementor-id=\"8267\" class=\"elementor elementor-8267\">\n\t\t\t\t\t\t<section class=\"elementor-section elementor-top-section elementor-element elementor-element-5df0254 elementor-section-boxed elementor-section-height-default elementor-section-height-default\" data-id=\"5df0254\" data-element_type=\"section\">\n\t\t\t\t\t\t<div class=\"elementor-container elementor-column-gap-default\">\n\t\t\t\t\t<div class=\"elementor-column elementor-col-33 elementor-top-column elementor-element elementor-element-52b59aa5\" data-id=\"52b59aa5\" data-element_type=\"column\">\n\t\t\t<div class=\"elementor-widget-wrap elementor-element-populated\">\n\t\t\t\t\t\t<div class=\"elementor-element elementor-element-7442ab60 elementor-widget elementor-widget-image\" data-id=\"7442ab60\" data-element_type=\"widget\" data-widget_type=\"image.default\">\n\t\t\t\t<div class=\"elementor-widget-container\">\n\t\t\t<style>\/*! elementor - v3.20.0 - 20-03-2024 *\/\n.elementor-widget-image{text-align:center}.elementor-widget-image a{display:inline-block}.elementor-widget-image a img[src$=\".svg\"]{width:48px}.elementor-widget-image img{vertical-align:middle;display:inline-block}<\/style>\t\t\t\t\t\t\t\t\t\t<img decoding=\"async\" src=\"https:\/\/shop.tjasha.si\/wp-content\/uploads\/sites\/2\/elementor\/thumbs\/eu-logo1-pknalxityuq5m3mfml1adxem3nbnhpb2mh5l92n20w.jpg\" title=\"eu-logo1.jpg\" alt=\"eu-logo1.jpg\" loading=\"lazy\" \/>\t\t\t\t\t\t\t\t\t\t\t\t\t<\/div>\n\t\t\t\t<\/div>\n\t\t\t\t\t<\/div>\n\t\t<\/div>\n\t\t\t\t<div class=\"elementor-column elementor-col-33 elementor-top-column elementor-element elementor-element-3aadcf49\" data-id=\"3aadcf49\" data-element_type=\"column\">\n\t\t\t<div class=\"elementor-widget-wrap elementor-element-populated\">\n\t\t\t\t\t\t<div class=\"elementor-element elementor-element-4207ac82 elementor-widget elementor-widget-image\" data-id=\"4207ac82\" data-element_type=\"widget\" data-widget_type=\"image.default\">\n\t\t\t\t<div class=\"elementor-widget-container\">\n\t\t\t\t\t\t\t\t\t\t\t\t\t<img decoding=\"async\" src=\"https:\/\/shop.tjasha.si\/wp-content\/uploads\/sites\/2\/elementor\/thumbs\/ministrstvo-logo1-pknalxityuq5m3mfml1adxem3nbnhpb2mh5l92n20w.jpg\" title=\"ministrstvo-logo1.jpg\" alt=\"ministrstvo-logo1.jpg\" loading=\"lazy\" \/>\t\t\t\t\t\t\t\t\t\t\t\t\t<\/div>\n\t\t\t\t<\/div>\n\t\t\t\t\t<\/div>\n\t\t<\/div>\n\t\t\t\t<div class=\"elementor-column elementor-col-33 elementor-top-column elementor-element elementor-element-59044298\" data-id=\"59044298\" data-element_type=\"column\">\n\t\t\t<div class=\"elementor-widget-wrap elementor-element-populated\">\n\t\t\t\t\t\t<div class=\"elementor-element elementor-element-76e222ad elementor-widget elementor-widget-image\" data-id=\"76e222ad\" data-element_type=\"widget\" data-widget_type=\"image.default\">\n\t\t\t\t<div class=\"elementor-widget-container\">\n\t\t\t\t\t\t\t\t\t\t\t\t\t<img decoding=\"async\" src=\"https:\/\/shop.tjasha.si\/wp-content\/uploads\/sites\/2\/elementor\/thumbs\/skd-logo1-pknalxityuq5m3mfml1adxem3nbnhpb2mh5l92n20w.jpg\" title=\"skd-logo1.jpg\" alt=\"skd-logo1.jpg\" loading=\"lazy\" \/>\t\t\t\t\t\t\t\t\t\t\t\t\t<\/div>\n\t\t\t\t<\/div>\n\t\t\t\t\t<\/div>\n\t\t<\/div>\n\t\t\t\t\t<\/div>\n\t\t<\/section>\n\t\t\t\t<section class=\"elementor-section elementor-top-section elementor-element elementor-element-e309bfc elementor-section-boxed elementor-section-height-default elementor-section-height-default\" data-id=\"e309bfc\" data-element_type=\"section\">\n\t\t\t\t\t\t<div class=\"elementor-container elementor-column-gap-default\">\n\t\t\t\t\t<div class=\"elementor-column elementor-col-100 elementor-top-column elementor-element elementor-element-6ec3508\" data-id=\"6ec3508\" data-element_type=\"column\">\n\t\t\t<div class=\"elementor-widget-wrap elementor-element-populated\">\n\t\t\t\t\t\t<div class=\"elementor-element elementor-element-6d3a9ab elementor-widget elementor-widget-text-editor\" data-id=\"6d3a9ab\" data-element_type=\"widget\" data-widget_type=\"text-editor.default\">\n\t\t\t\t<div class=\"elementor-widget-container\">\n\t\t\t<style>\/*! elementor - v3.20.0 - 20-03-2024 *\/\n.elementor-widget-text-editor.elementor-drop-cap-view-stacked .elementor-drop-cap{background-color:#69727d;color:#fff}.elementor-widget-text-editor.elementor-drop-cap-view-framed .elementor-drop-cap{color:#69727d;border:3px solid;background-color:transparent}.elementor-widget-text-editor:not(.elementor-drop-cap-view-default) .elementor-drop-cap{margin-top:8px}.elementor-widget-text-editor:not(.elementor-drop-cap-view-default) .elementor-drop-cap-letter{width:1em;height:1em}.elementor-widget-text-editor .elementor-drop-cap{float:left;text-align:center;line-height:1;font-size:50px}.elementor-widget-text-editor .elementor-drop-cap-letter{display:inline-block}<\/style>\t\t\t\t<p><strong>NAZIV OPERACIJE<\/strong><\/p><p>Vav\u010der za digitalni marketing \u2013 izdelava nove spletne strani<\/p><p><strong>OPIS OPERACIJE<\/strong><\/p><p>Vzpostavitev nove spletne trgovine, vklju\u010dno z mobilno prilagoditvijo ter izvedba testiranja spletne strani in mobilne prilagoditve za spletno mesto www.shop.tjasha.si za podjetje <strong>TJASHA d.o.o.<\/strong><\/p><p><strong>NAMEN<\/strong><\/p><p>Namen operacije je s pomo\u010djo sofinanciranja upravi\u010denih stro\u0161kov zunanjega izvajalca izdelati novo spletno stran za podjetje <strong>TJASHA d.o.o.<\/strong><br \/>Namen izdelave spletne strani je pove\u010danje prepoznavnosti podjetja TJASHA d.o.o.. Ker \u017eeli biti podjetje v stikom s \u010dasom, je bil to prakti\u010dno obvezni korak za dolgoro\u010dni uspeh.<\/p><p><strong>CILJI IN REZULTATI OPERACIJE<\/strong><\/p><p>Nova spletna stran, testiranje, optimizacija uporabni\u0161ke izku\u0161nje in mobilna prilagoditev le-te na domeni www.shop.tjasha.si.<\/p><p>Ve\u010d o nepovratnih sredstvih in EU skladih lahko preberete na <a href=\"https:\/\/www.eu-skladi.si\">www.eu-skladi.si<\/a><\/p><p>Nalo\u017ebo sofinancirata Republika Slovenija in Evropska unija iz Evropskega sklada za regionalni razvoj.<\/p>\t\t\t\t\t\t<\/div>\n\t\t\t\t<\/div>\n\t\t\t\t\t<\/div>\n\t\t<\/div>\n\t\t\t\t\t<\/div>\n\t\t<\/section>\n\t\t\t\t<\/div>","protected":false},"excerpt":{"rendered":"<p>NAZIV OPERACIJE Vav\u010der za digitalni marketing \u2013 izdelava nove spletne strani OPIS OPERACIJE Vzpostavitev nove spletne trgovine, vklju\u010dno z mobilno prilagoditvijo ter izvedba testiranja spletne strani in mobilne prilagoditve za spletno mesto www.shop.tjasha.si za podjetje TJASHA d.o.o. NAMEN Namen operacije je s pomo\u010djo sofinanciranja upravi\u010denih stro\u0161kov zunanjega izvajalca izdelati novo spletno stran za podjetje TJASHA [&hellip;]<\/p>","protected":false},"author":1,"featured_media":0,"parent":0,"menu_order":0,"comment_status":"closed","ping_status":"closed","template":"","meta":{"_acf_changed":false,"inline_featured_image":false,"_monsterinsights_skip_tracking":false,"_monsterinsights_sitenote_active":false,"_monsterinsights_sitenote_note":"","_monsterinsights_sitenote_category":0,"footnotes":""},"aioseo_notices":[],"acf":[],"_links":{"self":[{"href":"https:\/\/shop.tjasha.si\/en\/wp-json\/wp\/v2\/pages\/8267"}],"collection":[{"href":"https:\/\/shop.tjasha.si\/en\/wp-json\/wp\/v2\/pages"}],"about":[{"href":"https:\/\/shop.tjasha.si\/en\/wp-json\/wp\/v2\/types\/page"}],"author":[{"embeddable":true,"href":"https:\/\/shop.tjasha.si\/en\/wp-json\/wp\/v2\/users\/1"}],"replies":[{"embeddable":true,"href":"https:\/\/shop.tjasha.si\/en\/wp-json\/wp\/v2\/comments?post=8267"}],"version-history":[{"count":14,"href":"https:\/\/shop.tjasha.si\/en\/wp-json\/wp\/v2\/pages\/8267\/revisions"}],"predecessor-version":[{"id":8312,"href":"https:\/\/shop.tjasha.si\/en\/wp-json\/wp\/v2\/pages\/8267\/revisions\/8312"}],"wp:attachment":[{"href":"https:\/\/shop.tjasha.si\/en\/wp-json\/wp\/v2\/media?parent=8267"}],"curies":[{"name":"wp","href":"https:\/\/api.w.org\/{rel}","templated":true}]}}