{"id":10186,"date":"2024-06-12T13:02:07","date_gmt":"2024-06-12T13:02:07","guid":{"rendered":"https:\/\/shop.tjasha.si\/?post_type=product&#038;p=10186"},"modified":"2026-03-15T10:47:23","modified_gmt":"2026-03-15T10:47:23","slug":"joico-dream-blowout-creme-200ml-2","status":"publish","type":"product","link":"https:\/\/shop.tjasha.si\/en\/trgovina\/joico-dream-blowout-creme-200ml-2\/","title":{"rendered":"Joico Dream Blowout creme 200ml"},"content":{"rendered":"<h3>DREAM BLOWOUT CREME toplotna za\u0161\u010dita<\/h3>\n<p>Kremasta formula omogo\u010da do 50% hitrej\u0161e su\u0161enje in je toplotna za\u0161\u010dita vse do 232 \u00b0C .\u0161\u010diti pred stati\u010dnostjo in vlago. Lasje ostanejo svilnato gladki in sijo\u010di.<\/p>","protected":false},"excerpt":{"rendered":"<h3>DREAM BLOWOUT CREME toplotna za\u0161\u010dita<\/h3>\n<p>Kremasta formula omogo\u010da do 50% hitrej\u0161e su\u0161enje in je toplotna za\u0161\u010dita vse do 232 \u00b0C .\u0161\u010diti pred stati\u010dnostjo in vlago. Lasje ostanejo svilnato gladki in sijo\u010di.<\/p>","protected":false},"featured_media":10187,"template":"","meta":{"_acf_changed":false,"inline_featured_image":false,"_monsterinsights_skip_tracking":false,"_monsterinsights_sitenote_active":false,"_monsterinsights_sitenote_note":"","_monsterinsights_sitenote_category":0},"product_cat":[155,273,199,285,288],"product_tag":[],"aioseo_notices":[],"acf":[],"_links":{"self":[{"href":"https:\/\/shop.tjasha.si\/en\/wp-json\/wp\/v2\/product\/10186"}],"collection":[{"href":"https:\/\/shop.tjasha.si\/en\/wp-json\/wp\/v2\/product"}],"about":[{"href":"https:\/\/shop.tjasha.si\/en\/wp-json\/wp\/v2\/types\/product"}],"version-history":[{"count":1,"href":"https:\/\/shop.tjasha.si\/en\/wp-json\/wp\/v2\/product\/10186\/revisions"}],"predecessor-version":[{"id":10188,"href":"https:\/\/shop.tjasha.si\/en\/wp-json\/wp\/v2\/product\/10186\/revisions\/10188"}],"wp:featuredmedia":[{"embeddable":true,"href":"https:\/\/shop.tjasha.si\/en\/wp-json\/wp\/v2\/media\/10187"}],"wp:attachment":[{"href":"https:\/\/shop.tjasha.si\/en\/wp-json\/wp\/v2\/media?parent=10186"}],"wp:term":[{"taxonomy":"product_cat","embeddable":true,"href":"https:\/\/shop.tjasha.si\/en\/wp-json\/wp\/v2\/product_cat?post=10186"},{"taxonomy":"product_tag","embeddable":true,"href":"https:\/\/shop.tjasha.si\/en\/wp-json\/wp\/v2\/product_tag?post=10186"}],"curies":[{"name":"wp","href":"https:\/\/api.w.org\/{rel}","templated":true}]}}