{"id":10192,"date":"2024-06-12T13:20:29","date_gmt":"2024-06-12T13:20:29","guid":{"rendered":"https:\/\/shop.tjasha.si\/?post_type=product&#038;p=10192"},"modified":"2026-03-15T10:47:23","modified_gmt":"2026-03-15T10:47:23","slug":"joico-blonde-life-violet-conditioner-250ml","status":"publish","type":"product","link":"https:\/\/shop.tjasha.si\/en\/trgovina\/joico-blonde-life-violet-conditioner-250ml\/","title":{"rendered":"Joico BLONDE LIFE VIOLET Conditioner 250ml"},"content":{"rendered":"<p>Balzam brez sulfatov, ki odstranjuje rumene in bakrene tone. S pomo\u010djo eksoti\u010dne me\u0161anice Tamanu in Manoi olja, lase neguje in \u0161\u010diti pred po\u0161kodbami. Lase obogati in obnovi ter jim vrne mehkobo in sijaj.<\/p>\n<p><strong>Priporo\u010damo za:<\/strong><\/p>\n<ul>\n<li>Za vse vrste-tip blond las<\/li>\n<li>Lase, ki so zaradi kemi\u010dne, toplotne obdelave in\/ ali okolskih vplivov po\u0161kodovani<\/li>\n<li>Utrujene, \u0161ibke in iz\u010drpane lase<\/li>\n<\/ul>\n<p><strong>Posebne zna\u010dilnosti:<\/strong><\/p>\n<ul>\n<li>za vsakodnevno uporabo<\/li>\n<li>ima edinstveno, kremasto osnovo<\/li>\n<li>lase neguje in \u0161\u010diti pred po\u0161kodbami<\/li>\n<li>odstranjuje rumene in bakrene tone<\/li>\n<\/ul>\n<p><strong>Navodila za uporabo:<\/strong><\/p>\n<ul>\n<li>Na \u010diste, mokre lase nanesi majhno koli\u010dino preparata BLONDE LIFE VIOLET Conditioner.<\/li>\n<li>Pustite delovati 1-3 minute in nato izperite.<\/li>\n<\/ul>\n<p><strong>Prednosti:<\/strong><\/p>\n<ul>\n<li>Pove\u010da pro\u017enost, mo\u010d in sijaj las<\/li>\n<li>Lasem povrne videz zdravih las<\/li>\n<\/ul>\n<p><strong>Kon\u010dni rezultat:<\/strong><\/p>\n<ul>\n<li>Lasje so bolj pro\u017eni in svileni.<\/li>\n<li>Lasje so gladki, sijo\u010di in vitalni<\/li>\n<\/ul>","protected":false},"excerpt":{"rendered":"<h4>ZA BLOND LASE<\/h4>\n<h4>Balzam brez sulfatov, ki odstranjuje rumene in bakrene tone. S pomo\u010djo eksoti\u010dne me\u0161anice Tamanu in Manoi olja, lase neguje in \u0161\u010diti pred po\u0161kodbami. Lase obogati in obnovi ter jim vrne mehkobo in sijaj.<\/h4>","protected":false},"featured_media":10193,"template":"","meta":{"_acf_changed":false,"inline_featured_image":false,"_monsterinsights_skip_tracking":false,"_monsterinsights_sitenote_active":false,"_monsterinsights_sitenote_note":"","_monsterinsights_sitenote_category":0},"product_cat":[241,242,153,155],"product_tag":[],"aioseo_notices":[],"acf":[],"_links":{"self":[{"href":"https:\/\/shop.tjasha.si\/en\/wp-json\/wp\/v2\/product\/10192"}],"collection":[{"href":"https:\/\/shop.tjasha.si\/en\/wp-json\/wp\/v2\/product"}],"about":[{"href":"https:\/\/shop.tjasha.si\/en\/wp-json\/wp\/v2\/types\/product"}],"version-history":[{"count":2,"href":"https:\/\/shop.tjasha.si\/en\/wp-json\/wp\/v2\/product\/10192\/revisions"}],"predecessor-version":[{"id":10195,"href":"https:\/\/shop.tjasha.si\/en\/wp-json\/wp\/v2\/product\/10192\/revisions\/10195"}],"wp:featuredmedia":[{"embeddable":true,"href":"https:\/\/shop.tjasha.si\/en\/wp-json\/wp\/v2\/media\/10193"}],"wp:attachment":[{"href":"https:\/\/shop.tjasha.si\/en\/wp-json\/wp\/v2\/media?parent=10192"}],"wp:term":[{"taxonomy":"product_cat","embeddable":true,"href":"https:\/\/shop.tjasha.si\/en\/wp-json\/wp\/v2\/product_cat?post=10192"},{"taxonomy":"product_tag","embeddable":true,"href":"https:\/\/shop.tjasha.si\/en\/wp-json\/wp\/v2\/product_tag?post=10192"}],"curies":[{"name":"wp","href":"https:\/\/api.w.org\/{rel}","templated":true}]}}