{"id":10214,"date":"2024-06-12T14:08:28","date_gmt":"2024-06-12T14:08:28","guid":{"rendered":"https:\/\/shop.tjasha.si\/?post_type=product&#038;p=10214"},"modified":"2026-03-15T10:47:23","modified_gmt":"2026-03-15T10:47:23","slug":"joico-hydrasplash-hydrating-shampoo-1000-ml","status":"publish","type":"product","link":"https:\/\/shop.tjasha.si\/en\/trgovina\/joico-hydrasplash-hydrating-shampoo-1000-ml\/","title":{"rendered":"Joico HYDRASPLASH Hydrating Shampoo 1000 ml"},"content":{"rendered":"<p>Izredno hranljiv \u0161ampon, ki ne\u017eno o\u010disti brez obte\u017eitve, navla\u017ei in krepi suhe lase, ter jim daje voljnost.<\/p>\n<p>Priporo\u010damo za:<\/p>\n<p>Vla\u017eenje, hranjenje in okrepitev suhih las<br \/>\nVse vrste suhih las<\/p>\n<p>Posebne zna\u010dilnosti:<\/p>\n<p>Povrne vitalne teko\u010dine<br \/>\nZagotavlja intenzivno vla\u017eenje<br \/>\nPrepre\u010duje izsu\u0161itev<br \/>\nPrispeva k obvladljivosti in regeneraciji<br \/>\nNe vpliva na obstojnost barv<\/p>\n<p>Navodila za uporabo:<\/p>\n<p>majhno koli\u010dino nanesi na mokre lase<br \/>\nnamili, speri in po potrebi ponovi<\/p>\n<p>Nasveti za uporabo:<\/p>\n<p>Uporabi skupaj z izdelkom HydraSplash Conditioner<\/p>\n<p>Prednosti:<\/p>\n<p>to je prvi korak pri revitalizaciji suhih las<\/p>\n<p>Kon\u010dni rezultat:<\/p>\n<p>lasje so navla\u017eeni, gladki in zaradi pove\u010dane pro\u017enosti, tudi bolj obvladljivi.<\/p>\n<p>SESTAVINE: Water\/Aqua\/Eau, Sodium Laureth Sulfate, Cocamide Mipa, Disodium Cocoamphodiacetate, Glycol Stearate, Sodium Chloride, Butyrospermum ParkII (shea) Butter, Laurdimonium Hydroxypropyl Hydrolyzed Keratin, Arginine HCL, Phosphatidylcholine, Rose Canina Fruit oil, Cocos Nucifera (Coconut) Liquid Endosperm, Hydrolyzed Algin, Sea Water\/Maris Aqua\/Eau De Mer, Chlorella Vulgaris Extract, Sodium Cetearyl Sulfate, Cocamidopropyl Betaine, Guar Hydroxypropyltrimonium Chloride, Cetyl Alchol, Acrylates\/Aminoacrylates\/C10-30 Alkyl PEG-20 Itaconate Copolymer, Dimethicone, Sodium Citrate, Citric Acid, PEG4 Laurate, Disodium Edta, Polyquaternium-7, DMDM Hydrantoin, Iodopropynyl Butylcarbamate, Sodium Benzoate, MethylChloroisothiazolinone, Methylisothiazolinone, Phenoxyethanol, Potassium Sorbate, Linalool, Limonene, Fragrance\/Parfum, Blue 1 (CI 42090), Ext. Violet 2 (CI 60730), Yellow 5 (CI 19140).<\/p>","protected":false},"excerpt":{"rendered":"<p>Izredno hranljiv \u0161ampon, ki ne\u017eno o\u010disti brez obte\u017eitve, navla\u017ei in krepi suhe lase, ter jim daje voljnost.<\/p>","protected":false},"featured_media":10215,"template":"","meta":{"_acf_changed":false,"inline_featured_image":false,"_monsterinsights_skip_tracking":false,"_monsterinsights_sitenote_active":false,"_monsterinsights_sitenote_note":"","_monsterinsights_sitenote_category":0},"product_cat":[155,199,276,205,292],"product_tag":[],"aioseo_notices":[],"acf":[],"_links":{"self":[{"href":"https:\/\/shop.tjasha.si\/en\/wp-json\/wp\/v2\/product\/10214"}],"collection":[{"href":"https:\/\/shop.tjasha.si\/en\/wp-json\/wp\/v2\/product"}],"about":[{"href":"https:\/\/shop.tjasha.si\/en\/wp-json\/wp\/v2\/types\/product"}],"version-history":[{"count":1,"href":"https:\/\/shop.tjasha.si\/en\/wp-json\/wp\/v2\/product\/10214\/revisions"}],"predecessor-version":[{"id":10216,"href":"https:\/\/shop.tjasha.si\/en\/wp-json\/wp\/v2\/product\/10214\/revisions\/10216"}],"wp:featuredmedia":[{"embeddable":true,"href":"https:\/\/shop.tjasha.si\/en\/wp-json\/wp\/v2\/media\/10215"}],"wp:attachment":[{"href":"https:\/\/shop.tjasha.si\/en\/wp-json\/wp\/v2\/media?parent=10214"}],"wp:term":[{"taxonomy":"product_cat","embeddable":true,"href":"https:\/\/shop.tjasha.si\/en\/wp-json\/wp\/v2\/product_cat?post=10214"},{"taxonomy":"product_tag","embeddable":true,"href":"https:\/\/shop.tjasha.si\/en\/wp-json\/wp\/v2\/product_tag?post=10214"}],"curies":[{"name":"wp","href":"https:\/\/api.w.org\/{rel}","templated":true}]}}