{"id":10217,"date":"2024-06-12T14:13:19","date_gmt":"2024-06-12T14:13:19","guid":{"rendered":"https:\/\/shop.tjasha.si\/?post_type=product&#038;p=10217"},"modified":"2026-03-15T10:47:22","modified_gmt":"2026-03-15T10:47:22","slug":"joico-hydrasplash-hydrating-conditioner-250ml-copy","status":"publish","type":"product","link":"https:\/\/shop.tjasha.si\/en\/trgovina\/joico-hydrasplash-hydrating-conditioner-250ml-copy\/","title":{"rendered":"Joico HYDRASPLASH Hydrating Conditioner 1000 ml"},"content":{"rendered":"<p>Vla\u017eilen regenerator z izjemnim u\u010dinkom, ki neguje lase s pomo\u010djo izdatne hidracije in hranilnih sestavin.<\/p>\n<p>Priporo\u010damo za:<\/p>\n<p>Vla\u017eenje, hranjenje in sijo\u010d las<br \/>\nVse vrste suhih las<\/p>\n<p>Posebne zna\u010dilnosti:<\/p>\n<p>Suhim lasem najbolje vra\u010da vlago<br \/>\nVes dan optimizira zadr\u017eevanje vlage<br \/>\nPove\u010duje lesk in izbolj\u0161uje gibkost las<br \/>\nPrepre\u010duje izsu\u0161itev las<\/p>\n<p>Navodila za uporabo:<\/p>\n<p>po pranju, nanesi majhno koli\u010dino izdelka HydraSplash Conditioner na vla\u017ene lase<br \/>\npusti 1-2 minuto, raz\u010desi in speri<\/p>\n<p>Prednosti:<\/p>\n<p>hidratacija suhim, finim in srednjim lasem<\/p>\n<p>Kon\u010dni rezultat:<\/p>\n<p>lasje so navla\u017eeni, gladki in zaradi pove\u010dane pro\u017enosti, tudi bolj obvladljivi.<\/p>\n<p>SESTAVINE: Water\/Aqua\/Eau, Cetearyl Alchol, Behentrimonium Chloride, Isopropyl Palmitate, Stearyl Alcohol, Propylene Glycol, Phenoxyethanol, Ethylhexyl Olivate, Cocos Nucifera (Coconut) oil, Helianthus annuus (Sunflower) Seed oil, Rose Canina Fruit oil, Laurdimonium Hydroxypropyl Hydrolyzed Keratin, Arginine HCL, Phosphatidylcholine, Hydrolyzed Algin, Cocos Nucifera (Coconut) Liquid Endosperm, Sea Water\/Maris Aqua\/Eau De Mer, Chlorella Vulgaris Extract, Dipropylene Glycol, Cetyl Esters, Hydroxyethylcellulose, Bisamino PEG\/PPG-41\/3 Aminoethyl PG-PropylDimethicone, Carthamus tinctorius (Safflower) Seed oil, Guar HydroxypropylTrimonium Chloride, Polyquaternium-37, Bis-Ethyl (Isostearylimidazoline) Isostearamide, TetraSodium Glutamate Diacetate, Propylene Glycol Dicaprylate\/Dicaprate, PEG-4 Laurate, PEG-14M, Styrene\/Butadiene Copolymer, Squalane, Citric Acid, PPG-1 Trideceth-6, Isopropyl Alcohol, Sodium Hydroxide, Iodopropynyl Butylcarbamate, Sodium Benzoate, Potassium Sorbate, Linalool, Limonene, Benzyl Benzoa, Fragrance\/Parfum, Ext. Violet 2 (CI 60730), Yellow 5 (CI 19140), Blue 1 (CI 42090).<\/p>","protected":false},"excerpt":{"rendered":"<p>Vla\u017eilen regenerator z izjemnim u\u010dinkom, ki neguje lase s pomo\u010djo izdatne hidracije in hranilnih sestavin.<\/p>","protected":false},"featured_media":10218,"template":"","meta":{"_acf_changed":false,"inline_featured_image":false,"_monsterinsights_skip_tracking":false,"_monsterinsights_sitenote_active":false,"_monsterinsights_sitenote_note":"","_monsterinsights_sitenote_category":0},"product_cat":[241,155,199,205,292],"product_tag":[],"aioseo_notices":[],"acf":[],"_links":{"self":[{"href":"https:\/\/shop.tjasha.si\/en\/wp-json\/wp\/v2\/product\/10217"}],"collection":[{"href":"https:\/\/shop.tjasha.si\/en\/wp-json\/wp\/v2\/product"}],"about":[{"href":"https:\/\/shop.tjasha.si\/en\/wp-json\/wp\/v2\/types\/product"}],"version-history":[{"count":2,"href":"https:\/\/shop.tjasha.si\/en\/wp-json\/wp\/v2\/product\/10217\/revisions"}],"predecessor-version":[{"id":10220,"href":"https:\/\/shop.tjasha.si\/en\/wp-json\/wp\/v2\/product\/10217\/revisions\/10220"}],"wp:featuredmedia":[{"embeddable":true,"href":"https:\/\/shop.tjasha.si\/en\/wp-json\/wp\/v2\/media\/10218"}],"wp:attachment":[{"href":"https:\/\/shop.tjasha.si\/en\/wp-json\/wp\/v2\/media?parent=10217"}],"wp:term":[{"taxonomy":"product_cat","embeddable":true,"href":"https:\/\/shop.tjasha.si\/en\/wp-json\/wp\/v2\/product_cat?post=10217"},{"taxonomy":"product_tag","embeddable":true,"href":"https:\/\/shop.tjasha.si\/en\/wp-json\/wp\/v2\/product_tag?post=10217"}],"curies":[{"name":"wp","href":"https:\/\/api.w.org\/{rel}","templated":true}]}}