{"id":10222,"date":"2024-06-12T14:39:36","date_gmt":"2024-06-12T14:39:36","guid":{"rendered":"https:\/\/shop.tjasha.si\/?post_type=product&#038;p=10222"},"modified":"2026-03-15T10:47:22","modified_gmt":"2026-03-15T10:47:22","slug":"youthlock-shampoo-300ml","status":"publish","type":"product","link":"https:\/\/shop.tjasha.si\/en\/trgovina\/youthlock-shampoo-300ml\/","title":{"rendered":"YouthLock Shampoo 300ml"},"content":{"rendered":"<p>\u0160ampon za mladosten videz las\u00a0<strong>s kolagenom<\/strong>. Ne\u017eni \u0161ampon za dnevno rabo.<\/p>\n<p><strong>Priporo\u010damo za:<\/strong><\/p>\n<ul>\n<li>Po\u0161kodovane lase<\/li>\n<li>Suhe in lomljive lase<\/li>\n<\/ul>\n<p><strong>Posebne zna\u010dilnosti:<\/strong><\/p>\n<ul>\n<li>\u00a0ne vsebuje SLS\/SLES sulfatov<\/li>\n<li>prepre\u010duje lomlenje las in jim dodaja mo\u010d<\/li>\n<li>lasem pove\u010da odpornost<\/li>\n<li>\u0161\u010diti lase pred zunanjimi in pred kemi\u010dnimi vplivi<\/li>\n<li>smartrelease tehnologija omogo\u010da bolj\u0161o in hitrej\u0161o absorpcijo<\/li>\n<\/ul>\n<p>&nbsp;<\/p>\n<p><strong>Kon\u010dni rezultat:<\/strong><\/p>\n<ul>\n<li>Lasje so mehki in sijo\u010di<\/li>\n<li>Lasje so bolj mo\u010dni in bolj zdravi<\/li>\n<\/ul>\n<p>&nbsp;<\/p>","protected":false},"excerpt":{"rendered":"<p>YouthLock \u0161ampon za lase<\/p>\n<p>\u0160ampon za mladosten videz las\u00a0<strong>s kolagenom<\/strong>. Ne\u017eni \u0161ampon za dnevno rabo.<\/p>","protected":false},"featured_media":10223,"template":"","meta":{"_acf_changed":false,"inline_featured_image":false,"_monsterinsights_skip_tracking":false,"_monsterinsights_sitenote_active":false,"_monsterinsights_sitenote_note":"","_monsterinsights_sitenote_category":0},"product_cat":[362,155,199,276],"product_tag":[],"aioseo_notices":[],"acf":[],"_links":{"self":[{"href":"https:\/\/shop.tjasha.si\/en\/wp-json\/wp\/v2\/product\/10222"}],"collection":[{"href":"https:\/\/shop.tjasha.si\/en\/wp-json\/wp\/v2\/product"}],"about":[{"href":"https:\/\/shop.tjasha.si\/en\/wp-json\/wp\/v2\/types\/product"}],"version-history":[{"count":1,"href":"https:\/\/shop.tjasha.si\/en\/wp-json\/wp\/v2\/product\/10222\/revisions"}],"predecessor-version":[{"id":10224,"href":"https:\/\/shop.tjasha.si\/en\/wp-json\/wp\/v2\/product\/10222\/revisions\/10224"}],"wp:featuredmedia":[{"embeddable":true,"href":"https:\/\/shop.tjasha.si\/en\/wp-json\/wp\/v2\/media\/10223"}],"wp:attachment":[{"href":"https:\/\/shop.tjasha.si\/en\/wp-json\/wp\/v2\/media?parent=10222"}],"wp:term":[{"taxonomy":"product_cat","embeddable":true,"href":"https:\/\/shop.tjasha.si\/en\/wp-json\/wp\/v2\/product_cat?post=10222"},{"taxonomy":"product_tag","embeddable":true,"href":"https:\/\/shop.tjasha.si\/en\/wp-json\/wp\/v2\/product_tag?post=10222"}],"curies":[{"name":"wp","href":"https:\/\/api.w.org\/{rel}","templated":true}]}}