{"id":10231,"date":"2024-06-12T14:51:10","date_gmt":"2024-06-12T14:51:10","guid":{"rendered":"https:\/\/shop.tjasha.si\/?post_type=product&#038;p=10231"},"modified":"2026-03-15T10:47:21","modified_gmt":"2026-03-15T10:47:21","slug":"youthlock-blowout-creme-177ml","status":"publish","type":"product","link":"https:\/\/shop.tjasha.si\/en\/trgovina\/youthlock-blowout-creme-177ml\/","title":{"rendered":"YouthLock Blowout Creme 177ml"},"content":{"rendered":"<p>YouthLock krema za lase<\/p>\n<p>Krema za mladosten videz las\u00a0<strong>s kolagenom<\/strong>. Brez izpiranja.<\/p>\n<p><strong>Priporo\u010damo za:<\/strong><\/p>\n<ul>\n<li>Po\u0161kodovane lase<\/li>\n<li>Suhe in lomljive lase<\/li>\n<\/ul>\n<p><strong>Posebne zna\u010dilnosti:<\/strong><\/p>\n<ul>\n<li>\u00a0ne vsebuje SLS\/SLES sulfatov<\/li>\n<li>prepre\u010duje lomlenje las in jim dodaja mo\u010d<\/li>\n<li>lasem pove\u010da odpornost<\/li>\n<li>\u0161\u010diti lase pred zunanjimi in pred kemi\u010dnimi vplivi<\/li>\n<li>smartrelease tehnologija omogo\u010da bolj\u0161o in hitrej\u0161o absorpcijo<\/li>\n<\/ul>\n<p>&nbsp;<\/p>\n<p><strong>Navodila za uporabo:<\/strong><\/p>\n<ul>\n<li>Nanesi majhno koli\u010dino izdelka\u00a0 na vla\u017ene lase<\/li>\n<li>Fenirajte in oblikujte po \u017eelji<\/li>\n<\/ul>\n<p>&nbsp;<\/p>\n<p><strong>Kon\u010dni rezultat:<\/strong><\/p>\n<ul>\n<li>Lasje so mehki in sijo\u010di<\/li>\n<li>Lasje so bolj mo\u010dni in bolj zdravi<\/li>\n<\/ul>","protected":false},"excerpt":{"rendered":"<p>YouthLock krema za lase<\/p>\n<p>Krema za mladosten videz las\u00a0<strong>s kolagenom<\/strong>. Brez izpiranja.<\/p>","protected":false},"featured_media":10354,"template":"","meta":{"_acf_changed":false,"inline_featured_image":false,"_monsterinsights_skip_tracking":false,"_monsterinsights_sitenote_active":false,"_monsterinsights_sitenote_note":"","_monsterinsights_sitenote_category":0},"product_cat":[362,155,254,199],"product_tag":[],"aioseo_notices":[],"acf":[],"_links":{"self":[{"href":"https:\/\/shop.tjasha.si\/en\/wp-json\/wp\/v2\/product\/10231"}],"collection":[{"href":"https:\/\/shop.tjasha.si\/en\/wp-json\/wp\/v2\/product"}],"about":[{"href":"https:\/\/shop.tjasha.si\/en\/wp-json\/wp\/v2\/types\/product"}],"version-history":[{"count":1,"href":"https:\/\/shop.tjasha.si\/en\/wp-json\/wp\/v2\/product\/10231\/revisions"}],"predecessor-version":[{"id":10232,"href":"https:\/\/shop.tjasha.si\/en\/wp-json\/wp\/v2\/product\/10231\/revisions\/10232"}],"wp:featuredmedia":[{"embeddable":true,"href":"https:\/\/shop.tjasha.si\/en\/wp-json\/wp\/v2\/media\/10354"}],"wp:attachment":[{"href":"https:\/\/shop.tjasha.si\/en\/wp-json\/wp\/v2\/media?parent=10231"}],"wp:term":[{"taxonomy":"product_cat","embeddable":true,"href":"https:\/\/shop.tjasha.si\/en\/wp-json\/wp\/v2\/product_cat?post=10231"},{"taxonomy":"product_tag","embeddable":true,"href":"https:\/\/shop.tjasha.si\/en\/wp-json\/wp\/v2\/product_tag?post=10231"}],"curies":[{"name":"wp","href":"https:\/\/api.w.org\/{rel}","templated":true}]}}