{"id":10269,"date":"2024-06-17T08:25:22","date_gmt":"2024-06-17T08:25:22","guid":{"rendered":"https:\/\/shop.tjasha.si\/?post_type=product&#038;p=10269"},"modified":"2024-07-01T13:23:19","modified_gmt":"2024-07-01T13:23:19","slug":"cocochoco-ceramide-sampon-brez-sulfatov-za-obnovo-suhih-in-razcepljenih-las-500-ml","status":"publish","type":"product","link":"https:\/\/shop.tjasha.si\/en\/trgovina\/cocochoco-ceramide-sampon-brez-sulfatov-za-obnovo-suhih-in-razcepljenih-las-500-ml\/","title":{"rendered":"Cocochoco Ceramide \u0161ampon brez sulfatov za obnovo suhih in razcepljenih las 500 ml"},"content":{"rendered":"<p>Ta serija izdelkov vam bo pomagala raz\u010desati po\u0161kodovane konice in ustvariti sijo\u010de lase. Vsebujejo naravne zeli\u0161\u010dne sestavine, ki vla\u017eijo lase in prepre\u010dujejo trdovratno zapletanje konic. Najbolj\u0161a izbira za suhe in po\u0161kodovane lase.<\/p>\n<p dir=\"ltr\">Prednosti: izjemna revitalizacija las, takoj\u0161nje vla\u017eenje las, brez natrijevega lavril sulfata (SLS) in parabenov (konzervansi), po\u017eivljajo\u010da formula.<\/p>\n<p dir=\"ltr\"><b>Kako uporabljati<\/b><\/p>\n<p dir=\"ltr\">Vtrite v mokre lase in lasi\u0161\u010de. Izperite in ponovite. Za vrhunske rezultate uporabljajte skupaj z balzamom iz iste linije.<\/p>\n<p dir=\"ltr\"><b>Opozorilo<\/b><\/p>\n<p dir=\"ltr\">Hranite izven dosega otrok in \u017eivali. Izogibajte se stiku z o\u010dmi. V primeru stika z o\u010dmi temeljito izperite s \u010disto vodo.<\/p>\n<p><strong>Sestavine<\/strong>:<\/p>\n<p>AQUA, cetilni alkohol, glicerin, sorbitol, behentrimonijev klorid, cetrimonijev klorid, pantenol, parfum, polisorbat 20, polikvaternij-72 fenoksietanol, izopropil alkohol, benzilalkohol, citronska kislina, PEG-8, PEG-8 palm. , NATRIJ POLIAKRILAT.<\/p>","protected":false},"excerpt":{"rendered":"<p>Izdelek vam bo pomagala raz\u010desati po\u0161kodovane konice in ustvariti sijo\u010de lase. Vsebujejo naravne zeli\u0161\u010dne sestavine, ki vla\u017eijo lase in prepre\u010dujejo trdovratno zapletanje konic. Takoj\u0161nje vla\u017eenje las, brez natrijevega lavril sulfata (SLS) in parabenov (konzervansi).<\/p>","protected":false},"featured_media":10270,"template":"","meta":{"_acf_changed":false,"inline_featured_image":false,"_monsterinsights_skip_tracking":false,"_monsterinsights_sitenote_active":false,"_monsterinsights_sitenote_note":"","_monsterinsights_sitenote_category":0},"product_cat":[363,153],"product_tag":[],"aioseo_notices":[],"acf":[],"_links":{"self":[{"href":"https:\/\/shop.tjasha.si\/en\/wp-json\/wp\/v2\/product\/10269"}],"collection":[{"href":"https:\/\/shop.tjasha.si\/en\/wp-json\/wp\/v2\/product"}],"about":[{"href":"https:\/\/shop.tjasha.si\/en\/wp-json\/wp\/v2\/types\/product"}],"version-history":[{"count":1,"href":"https:\/\/shop.tjasha.si\/en\/wp-json\/wp\/v2\/product\/10269\/revisions"}],"predecessor-version":[{"id":10271,"href":"https:\/\/shop.tjasha.si\/en\/wp-json\/wp\/v2\/product\/10269\/revisions\/10271"}],"wp:featuredmedia":[{"embeddable":true,"href":"https:\/\/shop.tjasha.si\/en\/wp-json\/wp\/v2\/media\/10270"}],"wp:attachment":[{"href":"https:\/\/shop.tjasha.si\/en\/wp-json\/wp\/v2\/media?parent=10269"}],"wp:term":[{"taxonomy":"product_cat","embeddable":true,"href":"https:\/\/shop.tjasha.si\/en\/wp-json\/wp\/v2\/product_cat?post=10269"},{"taxonomy":"product_tag","embeddable":true,"href":"https:\/\/shop.tjasha.si\/en\/wp-json\/wp\/v2\/product_tag?post=10269"}],"curies":[{"name":"wp","href":"https:\/\/api.w.org\/{rel}","templated":true}]}}