{"id":10275,"date":"2024-06-17T08:32:45","date_gmt":"2024-06-17T08:32:45","guid":{"rendered":"https:\/\/shop.tjasha.si\/?post_type=product&#038;p=10275"},"modified":"2025-08-20T07:41:18","modified_gmt":"2025-08-20T07:41:18","slug":"cocochoco-anti-yellow-silver-touch-sampon-brez-sulfatov-za-blond-lase-250-ml","status":"publish","type":"product","link":"https:\/\/shop.tjasha.si\/en\/trgovina\/cocochoco-anti-yellow-silver-touch-sampon-brez-sulfatov-za-blond-lase-250-ml\/","title":{"rendered":"Cocochoco Anti yellow Silver Touch \u0161ampon brez sulfatov za blond lase 500 ml"},"content":{"rendered":"<p><b>Cocochoco Anti yellow Silver Touch \u0161ampon<\/b>, obogaten s ciljnimi pigmenti, ki pomagajo odstraniti izrazito ne\u017eeleno porumenelost, nastalo s fotooksidacijo. Je ne\u017een do strukture beljenih las in daje lasem \u010dudovit lesk, hkrati pa jih neguje. Las ne obte\u017ei. Zagotavlja mehkobo in enostavno raz\u010desavanje. Anti yellow SILVER TOUCH \u0161ampon ne\u017eno nevtralizira rumene tone oziroma odpravlja mo\u010dne rumene, bele, sive in hladne tone.<\/p>\n<p dir=\"ltr\">\u0160ampon in balzam delujeta skupaj. Kombinacija SILVER TOUCH \u0161ampona ali balzama z drugim \u0161amponom ali balzamom bo povzro\u010dila druga\u010den u\u010dinek.<br \/>\nBalzam dopolnjuje u\u010dinek \u0161ampona.<\/p>\n<p dir=\"ltr\">Primeren je za nego las po katerem koli Cocochoco Professional tretmaju ter za blond lase.<\/p>\n<p><strong>Sestavine:<\/strong><\/p>\n<p>Aqua, natrijev C14-16 olefin sulfonat, glicerin, kokamidopropil betain, natrijev kokoamfoacetat, ksilitilglukozid iz listov Camelia Sinensis, listna voda aloe Barbadensis, cvetna voda kamomile recutita, parfum, sodoksietanol, fenoksietanol, etanol 0, fenoksietanol EG PEG-6 kaprilni\/kaprinski gliceridi, vijoli\u010dna kislina 43, trietanolamin, poliakvaternij-7, natrijev benzoat, butilfenil metilpropional, linalol, kalijev sorbat, etilhekstalel ekstra<\/p>","protected":false},"excerpt":{"rendered":"<p>Cocochoco Anti yellow Silver Touch \u0161ampon, obogaten s ciljnimi pigmenti, ki pomagajo odstraniti izrazito ne\u017eeleno porumenelost, nastalo s fotooksidacijo. Je ne\u017een do strukture beljenih las in daje lasem \u010dudovit lesk, hkrati pa jih neguje. Las ne obte\u017ei.<\/p>","protected":false},"featured_media":10276,"template":"","meta":{"_acf_changed":false,"inline_featured_image":false,"_monsterinsights_skip_tracking":false,"_monsterinsights_sitenote_active":false,"_monsterinsights_sitenote_note":"","_monsterinsights_sitenote_category":0},"product_cat":[363],"product_tag":[],"aioseo_notices":[],"acf":[],"_links":{"self":[{"href":"https:\/\/shop.tjasha.si\/en\/wp-json\/wp\/v2\/product\/10275"}],"collection":[{"href":"https:\/\/shop.tjasha.si\/en\/wp-json\/wp\/v2\/product"}],"about":[{"href":"https:\/\/shop.tjasha.si\/en\/wp-json\/wp\/v2\/types\/product"}],"version-history":[{"count":2,"href":"https:\/\/shop.tjasha.si\/en\/wp-json\/wp\/v2\/product\/10275\/revisions"}],"predecessor-version":[{"id":11607,"href":"https:\/\/shop.tjasha.si\/en\/wp-json\/wp\/v2\/product\/10275\/revisions\/11607"}],"wp:featuredmedia":[{"embeddable":true,"href":"https:\/\/shop.tjasha.si\/en\/wp-json\/wp\/v2\/media\/10276"}],"wp:attachment":[{"href":"https:\/\/shop.tjasha.si\/en\/wp-json\/wp\/v2\/media?parent=10275"}],"wp:term":[{"taxonomy":"product_cat","embeddable":true,"href":"https:\/\/shop.tjasha.si\/en\/wp-json\/wp\/v2\/product_cat?post=10275"},{"taxonomy":"product_tag","embeddable":true,"href":"https:\/\/shop.tjasha.si\/en\/wp-json\/wp\/v2\/product_tag?post=10275"}],"curies":[{"name":"wp","href":"https:\/\/api.w.org\/{rel}","templated":true}]}}