{"id":10278,"date":"2024-06-17T08:36:27","date_gmt":"2024-06-17T08:36:27","guid":{"rendered":"https:\/\/shop.tjasha.si\/?post_type=product&#038;p=10278"},"modified":"2024-07-01T13:23:04","modified_gmt":"2024-07-01T13:23:04","slug":"cocochoco-sampon-brez-sulfatov-400-ml","status":"publish","type":"product","link":"https:\/\/shop.tjasha.si\/en\/trgovina\/cocochoco-sampon-brez-sulfatov-400-ml\/","title":{"rendered":"Cocochoco \u0160ampon brez sulfatov 400 ml"},"content":{"rendered":"<p style=\"font-weight: 400\"><b><strong>Cocochoco \u0161ampon brez sulfatov<\/strong><\/b>\u00a0je blag \u010distilni in vla\u017eilni \u0161ampon, razvit za ljudi z ob\u010dutljivim lasi\u0161\u010dem in suhimi, po\u0161kodovanimi ali obdelanimi lasmi. Na\u0161 \u0161ampon iz osnovnih sestavin vsebuje hladno stiskano arganovo olje in bo ne\u017eno, a u\u010dinkovito o\u010distil lase, ne da bi jih izsu\u0161il ali dra\u017eil. Ustvarjen je posebej za vzdr\u017eevanje in ohranjanje u\u010dinkov Cocochoco keratinskih ali botoks tretmajev.<\/p>\n<ul>\n<li style=\"font-weight: 400\">Profesionalen \u0161ampon<\/li>\n<li style=\"font-weight: 400\">Primeren za uporabo na suhih in po\u0161kodovanih laseh ter ob\u010dutljivi ko\u017ei<\/li>\n<li style=\"font-weight: 400\">Vla\u017eilni \u0161ampon<\/li>\n<li style=\"font-weight: 400\">Edinstvena kombinacija hranil za ve\u010djo mo\u010d in odpornost las<\/li>\n<li style=\"font-weight: 400\">Primeren za doma\u010do uporabo<\/li>\n<\/ul>\n<p style=\"font-weight: 400\"><b><strong>Sestavine:<\/strong><\/b><\/p>\n<p style=\"font-weight: 400\">Aqua, Sodium C14-16 Olefin Sulfonate, Glycerin, Cocamidopropyl Betaine, Sodium Cocoamphoacetate, Camellia Sinensis Leaf Water, Xylitylglucoside, Aloe Barbadensis Leaf Water, Chamomilla Recutita Flower Water, Phenoxyethanol, Parfum, Anhydroxylitol, Maltitol, Sodium Chloride, Cocamide MEA, Triethanolamine, Benzyl Alcohol, Xylitol, PEG-150 Pentaerythrityl Tetrastearate,PEG-6 Caprylic\/Capric Glycerides, Polyquaternium-7, Sodium Benzoate, Argania Spinosa Kernel Oil, Hydroxycitronallal, Alpha Isomethyl Ionone, Potassium Sorbate, Ethylhexylglycerin, Pelvetia Canaliculata Extract.<\/p>","protected":false},"excerpt":{"rendered":"<p>Cocochoco \u0161ampon brez sulfatov je blag \u010distilni in vla\u017eilni \u0161ampon, razvit za ljudi z ob\u010dutljivim lasi\u0161\u010dem in suhimi, po\u0161kodovanimi ali obdelanimi lasmi. Na\u0161 \u0161ampon iz osnovnih sestavin vsebuje hladno stiskano arganovo olje in bo ne\u017eno, a u\u010dinkovito o\u010distil lase, ne da bi jih izsu\u0161il ali dra\u017eil.<\/p>","protected":false},"featured_media":10279,"template":"","meta":{"_acf_changed":false,"inline_featured_image":false,"_monsterinsights_skip_tracking":false,"_monsterinsights_sitenote_active":false,"_monsterinsights_sitenote_note":"","_monsterinsights_sitenote_category":0},"product_cat":[363],"product_tag":[],"aioseo_notices":[],"acf":[],"_links":{"self":[{"href":"https:\/\/shop.tjasha.si\/en\/wp-json\/wp\/v2\/product\/10278"}],"collection":[{"href":"https:\/\/shop.tjasha.si\/en\/wp-json\/wp\/v2\/product"}],"about":[{"href":"https:\/\/shop.tjasha.si\/en\/wp-json\/wp\/v2\/types\/product"}],"version-history":[{"count":1,"href":"https:\/\/shop.tjasha.si\/en\/wp-json\/wp\/v2\/product\/10278\/revisions"}],"predecessor-version":[{"id":10280,"href":"https:\/\/shop.tjasha.si\/en\/wp-json\/wp\/v2\/product\/10278\/revisions\/10280"}],"wp:featuredmedia":[{"embeddable":true,"href":"https:\/\/shop.tjasha.si\/en\/wp-json\/wp\/v2\/media\/10279"}],"wp:attachment":[{"href":"https:\/\/shop.tjasha.si\/en\/wp-json\/wp\/v2\/media?parent=10278"}],"wp:term":[{"taxonomy":"product_cat","embeddable":true,"href":"https:\/\/shop.tjasha.si\/en\/wp-json\/wp\/v2\/product_cat?post=10278"},{"taxonomy":"product_tag","embeddable":true,"href":"https:\/\/shop.tjasha.si\/en\/wp-json\/wp\/v2\/product_tag?post=10278"}],"curies":[{"name":"wp","href":"https:\/\/api.w.org\/{rel}","templated":true}]}}