{"id":10288,"date":"2024-06-17T09:18:44","date_gmt":"2024-06-17T09:18:44","guid":{"rendered":"https:\/\/shop.tjasha.si\/?post_type=product&#038;p=10288"},"modified":"2024-07-01T13:22:43","modified_gmt":"2024-07-01T13:22:43","slug":"cocochoco-ceramide-balzam-brez-sulfatov-za-obnovo-suhih-in-razcepljenih-las-500-ml","status":"publish","type":"product","link":"https:\/\/shop.tjasha.si\/en\/trgovina\/cocochoco-ceramide-balzam-brez-sulfatov-za-obnovo-suhih-in-razcepljenih-las-500-ml\/","title":{"rendered":"Cocochoco Ceramide balzam brez sulfatov za obnovo suhih in razcepljenih las 500 ml"},"content":{"rendered":"<p><b>COCOCHOCO Ceramide balzam za obnovo suhih in razcepljenih las<\/b>\u00a0takoj zmeh\u010da in navla\u017ei po\u0161kodovane lase ter jim povrne zdravje. Za svilnate, gladke in sijo\u010de lase.\u00a0<b>Prednosti:<\/b>\u00a0izjemna revitalizacija las, takoj\u0161nje vla\u017eenje las, brez natrijevega lavril sulfata (SLS) in parabenov (konzervansi), po\u017eivljajo\u010da formula.<b><br \/>\n<\/b><\/p>\n<p dir=\"ltr\"><b>Uporaba<\/b><\/p>\n<p dir=\"ltr\">Po umivanju s Ceramide \u0161amponom nanesite majhno koli\u010dino balzama in raz\u010de\u0161ite lase. Pustite 3\u20134 minute in temeljito izperite.<\/p>\n<p dir=\"ltr\"><b>Opozorilo<\/b><\/p>\n<p dir=\"ltr\">Hranite izven dosega otrok in \u017eivali. Izogibajte se stiku z o\u010dmi. V primeru stika z o\u010dmi temeljito izperite s \u010disto vodo.<\/p>\n<p><strong>Sestavine:<\/strong><\/p>\n<p>AQUA, cetilni alkohol, glicerin, sorbitol, behentrimonijev klorid, cetrimonijev klorid, pantenol, parfum, polisorbat 20, polikvaternij-72 fenoksietanol, izopropil alkohol, benzilalkohol, citronska kislina, PEG-8, PEG-8 palm. , NATRIJ POLIAKRILAT.<\/p>","protected":false},"excerpt":{"rendered":"<p>COCOCHOCO Ceramide balzam za obnovo suhih in razcepljenih las takoj zmeh\u010da in navla\u017ei po\u0161kodovane lase ter jim povrne zdravje. Za svilnate, gladke in sijo\u010de lase. Prednosti: izjemna revitalizacija las, takoj\u0161nje vla\u017eenje las, brez natrijevega lavril sulfata (SLS) in parabenov (konzervansi), po\u017eivljajo\u010da formula.<\/p>","protected":false},"featured_media":10289,"template":"","meta":{"_acf_changed":false,"inline_featured_image":false,"_monsterinsights_skip_tracking":false,"_monsterinsights_sitenote_active":false,"_monsterinsights_sitenote_note":"","_monsterinsights_sitenote_category":0},"product_cat":[363,153],"product_tag":[],"aioseo_notices":[],"acf":[],"_links":{"self":[{"href":"https:\/\/shop.tjasha.si\/en\/wp-json\/wp\/v2\/product\/10288"}],"collection":[{"href":"https:\/\/shop.tjasha.si\/en\/wp-json\/wp\/v2\/product"}],"about":[{"href":"https:\/\/shop.tjasha.si\/en\/wp-json\/wp\/v2\/types\/product"}],"version-history":[{"count":1,"href":"https:\/\/shop.tjasha.si\/en\/wp-json\/wp\/v2\/product\/10288\/revisions"}],"predecessor-version":[{"id":10290,"href":"https:\/\/shop.tjasha.si\/en\/wp-json\/wp\/v2\/product\/10288\/revisions\/10290"}],"wp:featuredmedia":[{"embeddable":true,"href":"https:\/\/shop.tjasha.si\/en\/wp-json\/wp\/v2\/media\/10289"}],"wp:attachment":[{"href":"https:\/\/shop.tjasha.si\/en\/wp-json\/wp\/v2\/media?parent=10288"}],"wp:term":[{"taxonomy":"product_cat","embeddable":true,"href":"https:\/\/shop.tjasha.si\/en\/wp-json\/wp\/v2\/product_cat?post=10288"},{"taxonomy":"product_tag","embeddable":true,"href":"https:\/\/shop.tjasha.si\/en\/wp-json\/wp\/v2\/product_tag?post=10288"}],"curies":[{"name":"wp","href":"https:\/\/api.w.org\/{rel}","templated":true}]}}