{"id":10291,"date":"2024-06-17T09:22:55","date_gmt":"2024-06-17T09:22:55","guid":{"rendered":"https:\/\/shop.tjasha.si\/?post_type=product&#038;p=10291"},"modified":"2024-07-01T13:22:32","modified_gmt":"2024-07-01T13:22:32","slug":"cocochoco-professional-balzam-brez-sulfatov-400-ml","status":"publish","type":"product","link":"https:\/\/shop.tjasha.si\/en\/trgovina\/cocochoco-professional-balzam-brez-sulfatov-400-ml\/","title":{"rendered":"Cocochoco Professional balzam brez sulfatov 400 ml"},"content":{"rendered":"<p><b>COCOCHOCO balzam\u00a0<\/b>brez natrijevega klorida, formaldehida in z nizkim pH je zasnovan kot balzam po uporabi Cocochoco \u0161ampona brez sulfatov. Balzam vsebuje skrbno izbrana hranila in keratinska beljakovinska olja ter posebna p\u0161eni\u010dna in sojina beljakovinska olja, ki negujejo lase ter jih \u0161\u010ditijo pred toploto su\u0161ilnika, likalnika, kodralnika in drugih naprav za oblikovanje las.<\/p>\n<p><strong>Sestavine:<\/strong><\/p>\n<p>&nbsp;<\/p>\n<p>Voda, cetilni alkohol, ciklopentasiloksan, glicerin, sorbitol, behentrimonijev klorid, cetrimonijev klorid, dimetikon, parfum, polisorbat 20, fenoksietanol, izopropilni alkohol, benzil alkohol, citronelol, butifenolmetilen lapropilen, hidrogenskolmetilenil<\/p>","protected":false},"excerpt":{"rendered":"<p>COCOCHOCO balzam brez natrijevega klorida, formaldehida in z nizkim pH je zasnovan kot balzam po uporabi Cocochoco \u0161ampona brez sulfatov. Balzam vsebuje skrbno izbrana hranila in keratinska beljakovinska olja ter posebna p\u0161eni\u010dna in sojina beljakovinska olja, ki negujejo lase ter jih \u0161\u010ditijo pred toploto su\u0161ilnika, likalnika, kodralnika in drugih naprav&#8230;<\/p>","protected":false},"featured_media":10292,"template":"","meta":{"_acf_changed":false,"inline_featured_image":false,"_monsterinsights_skip_tracking":false,"_monsterinsights_sitenote_active":false,"_monsterinsights_sitenote_note":"","_monsterinsights_sitenote_category":0},"product_cat":[363,153],"product_tag":[],"aioseo_notices":[],"acf":[],"_links":{"self":[{"href":"https:\/\/shop.tjasha.si\/en\/wp-json\/wp\/v2\/product\/10291"}],"collection":[{"href":"https:\/\/shop.tjasha.si\/en\/wp-json\/wp\/v2\/product"}],"about":[{"href":"https:\/\/shop.tjasha.si\/en\/wp-json\/wp\/v2\/types\/product"}],"version-history":[{"count":1,"href":"https:\/\/shop.tjasha.si\/en\/wp-json\/wp\/v2\/product\/10291\/revisions"}],"predecessor-version":[{"id":10293,"href":"https:\/\/shop.tjasha.si\/en\/wp-json\/wp\/v2\/product\/10291\/revisions\/10293"}],"wp:featuredmedia":[{"embeddable":true,"href":"https:\/\/shop.tjasha.si\/en\/wp-json\/wp\/v2\/media\/10292"}],"wp:attachment":[{"href":"https:\/\/shop.tjasha.si\/en\/wp-json\/wp\/v2\/media?parent=10291"}],"wp:term":[{"taxonomy":"product_cat","embeddable":true,"href":"https:\/\/shop.tjasha.si\/en\/wp-json\/wp\/v2\/product_cat?post=10291"},{"taxonomy":"product_tag","embeddable":true,"href":"https:\/\/shop.tjasha.si\/en\/wp-json\/wp\/v2\/product_tag?post=10291"}],"curies":[{"name":"wp","href":"https:\/\/api.w.org\/{rel}","templated":true}]}}