{"id":10300,"date":"2024-06-17T09:33:44","date_gmt":"2024-06-17T09:33:44","guid":{"rendered":"https:\/\/shop.tjasha.si\/?post_type=product&#038;p=10300"},"modified":"2024-07-01T13:22:01","modified_gmt":"2024-07-01T13:22:01","slug":"cocochoco-keratin-repair-maska-brez-sulfatov-za-obnovo-las-250-ml","status":"publish","type":"product","link":"https:\/\/shop.tjasha.si\/en\/trgovina\/cocochoco-keratin-repair-maska-brez-sulfatov-za-obnovo-las-250-ml\/","title":{"rendered":"Cocochoco Keratin Repair maska brez sulfatov za obnovo las 250 ml"},"content":{"rendered":"<p><b>COCOCHOCO keratinska maska \u200b\u200b<\/b>prepre\u010duje po\u0161kodbe las, obnavlja krhke in lomljive lase ter jim povrne zdravje in sijo\u010d videz. Hranila prodrejo v notranjost lasne povrhnjice, krepilne snovi pa ustvarijo zunanjo plast, ki popravlja, vla\u017ei ter dolgotrajno obnavlja in krepi lase. Optimalna je za uporabo po keratinskem tretmaju.<\/p>\n<p><b>Sestavine:<\/b><\/p>\n<p>Aqua, dimetikon, cetilni alkohol, behentrimonijev klorid, teko\u010dina parafina, petrolatum, cetrimonijev klorid, parfum, izopropilni alkohol, maslo butyrospermum Parkii, D-limonen, glikol distearat, natrijev laureth-sulfat, natrijev lauret sulfat) acetat, linalol, natrijev klorid, kokamidopropil betain, soudim sulfat, metilkloroizotiazolinon, metilsotiazolinon<\/p>","protected":false},"excerpt":{"rendered":"<div class=\"product-description rte\">COCOCHOCO keratinska maska \u200b\u200bprepre\u010duje po\u0161kodbe las, obnavlja krhke in lomljive lase ter jim povrne zdravje in sijo\u010d videz. Hranila prodrejo v notranjost lasne povrhnjice, krepilne snovi pa ustvarijo zunanjo plast, ki popravlja, vla\u017ei ter dolgotrajno obnavlja in krepi lase.<\/div>","protected":false},"featured_media":10301,"template":"","meta":{"_acf_changed":false,"inline_featured_image":false,"_monsterinsights_skip_tracking":false,"_monsterinsights_sitenote_active":false,"_monsterinsights_sitenote_note":"","_monsterinsights_sitenote_category":0},"product_cat":[363,153],"product_tag":[],"aioseo_notices":[],"acf":[],"_links":{"self":[{"href":"https:\/\/shop.tjasha.si\/en\/wp-json\/wp\/v2\/product\/10300"}],"collection":[{"href":"https:\/\/shop.tjasha.si\/en\/wp-json\/wp\/v2\/product"}],"about":[{"href":"https:\/\/shop.tjasha.si\/en\/wp-json\/wp\/v2\/types\/product"}],"version-history":[{"count":1,"href":"https:\/\/shop.tjasha.si\/en\/wp-json\/wp\/v2\/product\/10300\/revisions"}],"predecessor-version":[{"id":10302,"href":"https:\/\/shop.tjasha.si\/en\/wp-json\/wp\/v2\/product\/10300\/revisions\/10302"}],"wp:featuredmedia":[{"embeddable":true,"href":"https:\/\/shop.tjasha.si\/en\/wp-json\/wp\/v2\/media\/10301"}],"wp:attachment":[{"href":"https:\/\/shop.tjasha.si\/en\/wp-json\/wp\/v2\/media?parent=10300"}],"wp:term":[{"taxonomy":"product_cat","embeddable":true,"href":"https:\/\/shop.tjasha.si\/en\/wp-json\/wp\/v2\/product_cat?post=10300"},{"taxonomy":"product_tag","embeddable":true,"href":"https:\/\/shop.tjasha.si\/en\/wp-json\/wp\/v2\/product_tag?post=10300"}],"curies":[{"name":"wp","href":"https:\/\/api.w.org\/{rel}","templated":true}]}}