{"id":10309,"date":"2024-06-17T10:48:45","date_gmt":"2024-06-17T10:48:45","guid":{"rendered":"https:\/\/shop.tjasha.si\/?post_type=product&#038;p=10309"},"modified":"2024-06-17T10:48:46","modified_gmt":"2024-06-17T10:48:46","slug":"cocochoco-arganovo-olje-brez-sulfata-100-ml","status":"publish","type":"product","link":"https:\/\/shop.tjasha.si\/en\/trgovina\/cocochoco-arganovo-olje-brez-sulfata-100-ml\/","title":{"rendered":"Cocochoco Arganovo olje brez sulfata 100 ml"},"content":{"rendered":"<p style=\"font-weight: 400\">Revolucionarno Cocochoco arganovo olje je idealna re\u0161itev za vse tipe las, \u0161e posebej dobre rezultate pa daje na suhih in po\u0161kodovanih laseh. Olje je izdelano z uporabo najsodobnej\u0161e tehnologije. Me\u0161anje delcev sestavin v vakuumskem nano me\u0161alniku na nano ravni poskrbi za odli\u010dno vezavo na lase, posledi\u010dno pa olje daje rezultate, ki nikogar ne pustijo ravnodu\u0161nega.<\/p>\n<p style=\"font-weight: 400\">Po uporabi so lasje \u010dudovito sijo\u010di, gladki in mehki na otip, poleg tega pa se olje vpije v trenutku, zato ne obte\u017ei ali masti las. Obogateno je z esencialnimi ma\u0161\u010dobnimi kislinami, vitamini, fenolom in karotenom, daje svilnat ob\u010dutek gladkosti in ukroti neobvladljive pramene.<\/p>\n<p style=\"font-weight: 400\">Hladno stiskano arganovo olje spodbuja rast las in jih krepi, veganska formula pa ne vsebuje sulfatov, parabenov ali alergenov. Uporabljajo ga lahko tako \u017eenske kot mo\u0161ki.<\/p>\n<p style=\"font-weight: 400\">Ni testirano na \u017eivalih.<\/p>\n<p style=\"font-weight: 400\">Naro\u010dite \u0161e danes in preverite, zakaj je za na\u0161e frizerje, ki so ga prvi preizkusili, to najbolj\u0161e olje, kar so ga kdaj uporabili.<\/p>","protected":false},"excerpt":{"rendered":"<p>Revolucionarno Cocochoco arganovo olje je idealna re\u0161itev za vse tipe las, \u0161e posebej dobre rezultate pa daje na suhih in po\u0161kodovanih laseh. Olje je izdelano z uporabo najsodobnej\u0161e tehnologije. Me\u0161anje delcev sestavin v vakuumskem nano me\u0161alniku na nano ravni poskrbi za odli\u010dno vezavo na lase, posledi\u010dno pa olje daje rezultate,.<\/p>","protected":false},"featured_media":10310,"template":"","meta":{"_acf_changed":false,"inline_featured_image":false,"_monsterinsights_skip_tracking":false,"_monsterinsights_sitenote_active":false,"_monsterinsights_sitenote_note":"","_monsterinsights_sitenote_category":0},"product_cat":[363,153],"product_tag":[],"aioseo_notices":[],"acf":[],"_links":{"self":[{"href":"https:\/\/shop.tjasha.si\/en\/wp-json\/wp\/v2\/product\/10309"}],"collection":[{"href":"https:\/\/shop.tjasha.si\/en\/wp-json\/wp\/v2\/product"}],"about":[{"href":"https:\/\/shop.tjasha.si\/en\/wp-json\/wp\/v2\/types\/product"}],"version-history":[{"count":2,"href":"https:\/\/shop.tjasha.si\/en\/wp-json\/wp\/v2\/product\/10309\/revisions"}],"predecessor-version":[{"id":10345,"href":"https:\/\/shop.tjasha.si\/en\/wp-json\/wp\/v2\/product\/10309\/revisions\/10345"}],"wp:featuredmedia":[{"embeddable":true,"href":"https:\/\/shop.tjasha.si\/en\/wp-json\/wp\/v2\/media\/10310"}],"wp:attachment":[{"href":"https:\/\/shop.tjasha.si\/en\/wp-json\/wp\/v2\/media?parent=10309"}],"wp:term":[{"taxonomy":"product_cat","embeddable":true,"href":"https:\/\/shop.tjasha.si\/en\/wp-json\/wp\/v2\/product_cat?post=10309"},{"taxonomy":"product_tag","embeddable":true,"href":"https:\/\/shop.tjasha.si\/en\/wp-json\/wp\/v2\/product_tag?post=10309"}],"curies":[{"name":"wp","href":"https:\/\/api.w.org\/{rel}","templated":true}]}}