{"id":10372,"date":"2024-07-01T17:22:12","date_gmt":"2024-07-01T17:22:12","guid":{"rendered":"https:\/\/shop.tjasha.si\/?post_type=product&#038;p=10372"},"modified":"2024-07-01T17:22:13","modified_gmt":"2024-07-01T17:22:13","slug":"densifying-shampoo-sampon-proti-izpadanju-las-250-ml","status":"publish","type":"product","link":"https:\/\/shop.tjasha.si\/en\/trgovina\/densifying-shampoo-sampon-proti-izpadanju-las-250-ml\/","title":{"rendered":"Densifying Shampoo &#8211; \u0160ampon proti izpadanju las 250 ml"},"content":{"rendered":"<p><strong>Uporaba<\/strong><\/p>\n<div class=\"collapsible-tab__text\">\n<ul>\n<li><span class=\"metafield-multi_line_text_field\">enakomerno razporedite po vla\u017enem lasi\u0161\u010du in ne\u017eno spenite<\/span><\/li>\n<li><span class=\"metafield-multi_line_text_field\">\u00a0pustite delovati 2-3 minute, da aktivne sestavine za\u010dnejo delovati, nato sperite<\/span><\/li>\n<li><span class=\"metafield-multi_line_text_field\">\u00a0po potrebi ponovite<\/span><\/li>\n<\/ul>\n<\/div>\n<p><strong>Sestavine<\/strong><\/p>\n<div class=\"collapsible-tab__text\">\n<p><span class=\"metafield-multi_line_text_field\">eteri\u010dno olje kajeputa, izvle\u010dek kamilice, eteri\u010dno olje cimeta, evkaliptol, izvle\u010dek guarane, izvle\u010dek indijskega kino drevesa, eteri\u010dno olje mete, izvle\u010dek borovnice, izvle\u010dek ro\u017emarina, izvle\u010dek \u017eajblja, sorbitol.<\/p>\n<p>Pozor: Pred uporabo si oglejte embala\u017eo za najnovej\u0161e informacije o sestavinah in morebitna opozorila ali navodila.<\/span><\/p>\n<\/div>","protected":false},"excerpt":{"rendered":"<p><strong>Densifying \u0161ampon<\/strong>\u00a0proti izpadanju las vsebuje formulo za \u010di\u0161\u010denje, ki je namenjena osve\u017eitvi in o\u017eivitvi lasi\u0161\u010da in las. Izvle\u010dek indijskega drevesa kina \u0161\u010diti in krepi lasne me\u0161i\u010dke ter spodbuja normalen cikel rasti las za debelej\u0161e in mo\u010dnej\u0161e lase.<\/p>","protected":false},"featured_media":10373,"template":"","meta":{"_acf_changed":false,"inline_featured_image":false,"_monsterinsights_skip_tracking":false,"_monsterinsights_sitenote_active":false,"_monsterinsights_sitenote_note":"","_monsterinsights_sitenote_category":0},"product_cat":[365,153],"product_tag":[],"aioseo_notices":[],"acf":[],"_links":{"self":[{"href":"https:\/\/shop.tjasha.si\/en\/wp-json\/wp\/v2\/product\/10372"}],"collection":[{"href":"https:\/\/shop.tjasha.si\/en\/wp-json\/wp\/v2\/product"}],"about":[{"href":"https:\/\/shop.tjasha.si\/en\/wp-json\/wp\/v2\/types\/product"}],"version-history":[{"count":1,"href":"https:\/\/shop.tjasha.si\/en\/wp-json\/wp\/v2\/product\/10372\/revisions"}],"predecessor-version":[{"id":10374,"href":"https:\/\/shop.tjasha.si\/en\/wp-json\/wp\/v2\/product\/10372\/revisions\/10374"}],"wp:featuredmedia":[{"embeddable":true,"href":"https:\/\/shop.tjasha.si\/en\/wp-json\/wp\/v2\/media\/10373"}],"wp:attachment":[{"href":"https:\/\/shop.tjasha.si\/en\/wp-json\/wp\/v2\/media?parent=10372"}],"wp:term":[{"taxonomy":"product_cat","embeddable":true,"href":"https:\/\/shop.tjasha.si\/en\/wp-json\/wp\/v2\/product_cat?post=10372"},{"taxonomy":"product_tag","embeddable":true,"href":"https:\/\/shop.tjasha.si\/en\/wp-json\/wp\/v2\/product_tag?post=10372"}],"curies":[{"name":"wp","href":"https:\/\/api.w.org\/{rel}","templated":true}]}}