{"id":10376,"date":"2024-07-02T06:53:50","date_gmt":"2024-07-02T06:53:50","guid":{"rendered":"https:\/\/shop.tjasha.si\/?post_type=product&#038;p=10376"},"modified":"2024-07-02T07:14:18","modified_gmt":"2024-07-02T07:14:18","slug":"normalizing-shampoo-sampon-za-mastno-lasisce-250ml","status":"publish","type":"product","link":"https:\/\/shop.tjasha.si\/en\/trgovina\/normalizing-shampoo-sampon-za-mastno-lasisce-250ml\/","title":{"rendered":"Normalizing Shampoo &#8211; \u0160ampon za mastno lasi\u0161\u010de  250 ml"},"content":{"rendered":"<p><strong>Uporaba<\/strong><\/p>\n<div class=\"collapsible-tab__text\">\n<ul>\n<li><span class=\"metafield-multi_line_text_field\">enakomerno razporedite po vla\u017enem lasi\u0161\u010du in ne\u017eno spenite<\/span><\/li>\n<li><span class=\"metafield-multi_line_text_field\">pustite delovati 2-3 minute, da aktivne sestavine za\u010dnejo delovati, nato sperite<\/span><\/li>\n<li><span class=\"metafield-multi_line_text_field\">po potrebi ponovite<\/span><\/li>\n<\/ul>\n<p><strong>Sestavine<\/strong><\/p>\n<div class=\"collapsible-tab__text\">\n<p><span class=\"metafield-multi_line_text_field\">Eteri\u010dno olje bergamotke, izvle\u010dek cedre, normalizacijski kompleks, izvle\u010dek preslice, izvle\u010dek limone, mentil laktat, mentol, izvle\u010dek ro\u017emarina, izvle\u010dek \u017eajblja.<\/span><\/p>\n<p>Pozor: Pred uporabo si oglejte embala\u017eo za najnovej\u0161e informacije o sestavinah in morebitna opozorila ali navodila.<\/p>\n<\/div>\n<\/div>","protected":false},"excerpt":{"rendered":"<p><strong>Simply Zen Normalizing \u0161ampon<\/strong>\u00a0prepre\u010deuje prekomerno nastajanja mastnega lasi\u0161\u010da in s tem povezanih neprijetnosti. Ne\u017ena formula osve\u017ei lasi\u0161\u010de in nevtralizira vonjave zaradi delovanja bergamotke in mete, ki sta znani po svojem uravnavanju mastnega lasi\u0161\u010da in antisepti\u010dnih lastnostih.<\/p>","protected":false},"featured_media":10377,"template":"","meta":{"_acf_changed":false,"inline_featured_image":false,"_monsterinsights_skip_tracking":false,"_monsterinsights_sitenote_active":false,"_monsterinsights_sitenote_note":"","_monsterinsights_sitenote_category":0},"product_cat":[365,153],"product_tag":[],"aioseo_notices":[],"acf":[],"_links":{"self":[{"href":"https:\/\/shop.tjasha.si\/en\/wp-json\/wp\/v2\/product\/10376"}],"collection":[{"href":"https:\/\/shop.tjasha.si\/en\/wp-json\/wp\/v2\/product"}],"about":[{"href":"https:\/\/shop.tjasha.si\/en\/wp-json\/wp\/v2\/types\/product"}],"version-history":[{"count":2,"href":"https:\/\/shop.tjasha.si\/en\/wp-json\/wp\/v2\/product\/10376\/revisions"}],"predecessor-version":[{"id":10396,"href":"https:\/\/shop.tjasha.si\/en\/wp-json\/wp\/v2\/product\/10376\/revisions\/10396"}],"wp:featuredmedia":[{"embeddable":true,"href":"https:\/\/shop.tjasha.si\/en\/wp-json\/wp\/v2\/media\/10377"}],"wp:attachment":[{"href":"https:\/\/shop.tjasha.si\/en\/wp-json\/wp\/v2\/media?parent=10376"}],"wp:term":[{"taxonomy":"product_cat","embeddable":true,"href":"https:\/\/shop.tjasha.si\/en\/wp-json\/wp\/v2\/product_cat?post=10376"},{"taxonomy":"product_tag","embeddable":true,"href":"https:\/\/shop.tjasha.si\/en\/wp-json\/wp\/v2\/product_tag?post=10376"}],"curies":[{"name":"wp","href":"https:\/\/api.w.org\/{rel}","templated":true}]}}