{"id":10382,"date":"2024-07-02T07:02:23","date_gmt":"2024-07-02T07:02:23","guid":{"rendered":"https:\/\/shop.tjasha.si\/?post_type=product&#038;p=10382"},"modified":"2024-07-02T07:02:23","modified_gmt":"2024-07-02T07:02:23","slug":"restructure-in-sublime-oil-olje-za-lase-100-ml","status":"publish","type":"product","link":"https:\/\/shop.tjasha.si\/en\/trgovina\/restructure-in-sublime-oil-olje-za-lase-100-ml\/","title":{"rendered":"Restructure In Sublime Oil &#8211; Olje za lase  100 ml"},"content":{"rendered":"<p><strong>Uporaba<\/strong><\/p>\n<div class=\"collapsible-tab__text\">\n<ul>\n<li><span class=\"metafield-multi_line_text_field\">nekaj kapljic vmasirajte v vla\u017ene, \u010diste ali suhe lase&lt;br data-mce-fragment=&quot;&rdquo;1&Prime;&quot;&gt;<\/span><\/li>\n<li>ne izpirajte&lt;br data-mce-fragment=&quot;&rdquo;1&Prime;&quot;&gt;&amp;nbsp;nadaljujte z oblikovanjem<\/li>\n<\/ul>\n<\/div>\n<p><strong>Sestavine<\/strong><\/p>\n<div class=\"collapsible-tab__text\">\n<p><span class=\"metafield-multi_line_text_field\">mareli\u010dno olje, arganovo olje, jojobino olje.<\/p>\n<p>Pozor: Pred uporabo si oglejte embala\u017eo za najnovej\u0161e informacije o sestavinah in morebitna opozorila ali navodila.<\/span><\/p>\n<\/div>","protected":false},"excerpt":{"rendered":"<p><strong>Restructure In Sublime olje za lase<\/strong>\u00a0ima takoj\u0161nje delovanje, ki odpravlja nakodranost in izbolj\u0161a videz ter sijaj las. Formula z arganovim, jojobinim in mareli\u010dnim oljem neguje, polira in gladi povr\u0161ino las.<\/p>","protected":false},"featured_media":10383,"template":"","meta":{"_acf_changed":false,"inline_featured_image":false,"_monsterinsights_skip_tracking":false,"_monsterinsights_sitenote_active":false,"_monsterinsights_sitenote_note":"","_monsterinsights_sitenote_category":0},"product_cat":[365,153],"product_tag":[],"aioseo_notices":[],"acf":[],"_links":{"self":[{"href":"https:\/\/shop.tjasha.si\/en\/wp-json\/wp\/v2\/product\/10382"}],"collection":[{"href":"https:\/\/shop.tjasha.si\/en\/wp-json\/wp\/v2\/product"}],"about":[{"href":"https:\/\/shop.tjasha.si\/en\/wp-json\/wp\/v2\/types\/product"}],"version-history":[{"count":1,"href":"https:\/\/shop.tjasha.si\/en\/wp-json\/wp\/v2\/product\/10382\/revisions"}],"predecessor-version":[{"id":10384,"href":"https:\/\/shop.tjasha.si\/en\/wp-json\/wp\/v2\/product\/10382\/revisions\/10384"}],"wp:featuredmedia":[{"embeddable":true,"href":"https:\/\/shop.tjasha.si\/en\/wp-json\/wp\/v2\/media\/10383"}],"wp:attachment":[{"href":"https:\/\/shop.tjasha.si\/en\/wp-json\/wp\/v2\/media?parent=10382"}],"wp:term":[{"taxonomy":"product_cat","embeddable":true,"href":"https:\/\/shop.tjasha.si\/en\/wp-json\/wp\/v2\/product_cat?post=10382"},{"taxonomy":"product_tag","embeddable":true,"href":"https:\/\/shop.tjasha.si\/en\/wp-json\/wp\/v2\/product_tag?post=10382"}],"curies":[{"name":"wp","href":"https:\/\/api.w.org\/{rel}","templated":true}]}}