{"id":10393,"date":"2024-07-02T07:13:25","date_gmt":"2024-07-02T07:13:25","guid":{"rendered":"https:\/\/shop.tjasha.si\/?post_type=product&#038;p=10393"},"modified":"2024-07-02T07:13:25","modified_gmt":"2024-07-02T07:13:25","slug":"normalizing-treatment-sprej-za-mastno-lasisce-100-ml","status":"publish","type":"product","link":"https:\/\/shop.tjasha.si\/en\/trgovina\/normalizing-treatment-sprej-za-mastno-lasisce-100-ml\/","title":{"rendered":"Normalizing Treatment &#8211; Sprej za mastno lasi\u0161\u010de 100 ml"},"content":{"rendered":"<p><strong>Uporaba<\/strong><\/p>\n<div class=\"collapsible-tab__text\">\n<ul>\n<li><span class=\"metafield-multi_line_text_field\">po \u010di\u0161\u010denju enakomerno razpr\u0161ite po lasi\u0161\u010du<\/span><\/li>\n<li><span class=\"metafield-multi_line_text_field\">ne\u017eno masirajte, da pokrijete vse dele lasi\u0161\u010da<\/span><\/li>\n<li><span class=\"metafield-multi_line_text_field\">ne izpirajte in nadaljujte z oblikovanjem<\/span><\/li>\n<\/ul>\n<p><strong>Sestavine<\/strong><\/p>\n<div class=\"collapsible-tab__text\">\n<p><span class=\"metafield-multi_line_text_field\">destilirana voda, eteri\u010dno olje bergamotke, kafra, izvle\u010dek cedre, normalizacijski kompleks, izvle\u010dek preslice, eteri\u010dno olje limone, mentol, izvle\u010dek ro\u017emarina, izvle\u010dek \u017eajblja.<\/p>\n<p>Pozor: Pred uporabo si oglejte embala\u017eo za najnovej\u0161e informacije o sestavinah in morebitna opozorila ali navodila.<\/span><\/p>\n<\/div>\n<\/div>","protected":false},"excerpt":{"rendered":"<p><strong>Leave-In Normalizing Treatment<\/strong>\u00a0losjon v spreju za mastno lasi\u0161\u010de, ki ga nanesite na lasi\u0161\u010de z gostej\u0161imi lasmi. Vsebuje kompleks za uravnavanje mastnega lasi\u0161\u010da, ki daje takoj\u0161en ob\u010dutek sve\u017eine na lasi\u0161\u010du ter u\u010dinkovito in prijetno nevtralizira vonj.<\/p>","protected":false},"featured_media":10394,"template":"","meta":{"_acf_changed":false,"inline_featured_image":false,"_monsterinsights_skip_tracking":false,"_monsterinsights_sitenote_active":false,"_monsterinsights_sitenote_note":"","_monsterinsights_sitenote_category":0},"product_cat":[365,153],"product_tag":[],"aioseo_notices":[],"acf":[],"_links":{"self":[{"href":"https:\/\/shop.tjasha.si\/en\/wp-json\/wp\/v2\/product\/10393"}],"collection":[{"href":"https:\/\/shop.tjasha.si\/en\/wp-json\/wp\/v2\/product"}],"about":[{"href":"https:\/\/shop.tjasha.si\/en\/wp-json\/wp\/v2\/types\/product"}],"version-history":[{"count":1,"href":"https:\/\/shop.tjasha.si\/en\/wp-json\/wp\/v2\/product\/10393\/revisions"}],"predecessor-version":[{"id":10395,"href":"https:\/\/shop.tjasha.si\/en\/wp-json\/wp\/v2\/product\/10393\/revisions\/10395"}],"wp:featuredmedia":[{"embeddable":true,"href":"https:\/\/shop.tjasha.si\/en\/wp-json\/wp\/v2\/media\/10394"}],"wp:attachment":[{"href":"https:\/\/shop.tjasha.si\/en\/wp-json\/wp\/v2\/media?parent=10393"}],"wp:term":[{"taxonomy":"product_cat","embeddable":true,"href":"https:\/\/shop.tjasha.si\/en\/wp-json\/wp\/v2\/product_cat?post=10393"},{"taxonomy":"product_tag","embeddable":true,"href":"https:\/\/shop.tjasha.si\/en\/wp-json\/wp\/v2\/product_tag?post=10393"}],"curies":[{"name":"wp","href":"https:\/\/api.w.org\/{rel}","templated":true}]}}