{"id":10399,"date":"2024-07-02T07:21:27","date_gmt":"2024-07-02T07:21:27","guid":{"rendered":"https:\/\/shop.tjasha.si\/?post_type=product&#038;p=10399"},"modified":"2024-07-02T07:21:27","modified_gmt":"2024-07-02T07:21:27","slug":"incredible-milk-12v1-negovalno-mleko-150-ml","status":"publish","type":"product","link":"https:\/\/shop.tjasha.si\/en\/trgovina\/incredible-milk-12v1-negovalno-mleko-150-ml\/","title":{"rendered":"Incredible Milk 12v1 &#8211; Negovalno mleko 150 ml"},"content":{"rendered":"<p><strong>Uporaba<\/strong><\/p>\n<div class=\"collapsible-tab__text\">\n<ul>\n<li><span class=\"metafield-multi_line_text_field\">nanesite na \u010diste vla\u017ene lase<\/span><\/li>\n<li><span class=\"metafield-multi_line_text_field\">razporedite in nadaljujte z najprimernej\u0161imi izdelki za oblikovanje las<\/span><\/li>\n<\/ul>\n<p><strong>Sestavine<\/strong><\/p>\n<div class=\"collapsible-tab__text\">\n<p><span class=\"metafield-multi_line_text_field\">Aqua (Water), Cetearyl Alcohol, Propylene Glycol, Phenyl Trimethicone, Cyclopentasiloxane, Behentrimonium Chloride, Quaternium-80, Cyclohexasiloxane, Astrocaryum Murumuru Seed Butter, Vaccinium Myrtillus Fruit Extract, Mangifera Indica (Mango) Fruit Extract, Carica Papaya (Papaya) Fruit Extract, Rubus Idaeus (Raspberry) Fruit Extract, Ethylhexyl Methoxycinnamate, Benzyl Alcohol, Glyceryl Caprylate, Glyceryl Undecylenate, PEG-5 Cocomonium Methosulfate, Sodium Glutamate, Hydrolyzed Milk Protein, Hydroxypropyltrimonium Hydrolyzed Casein, Sodium Cocoyl Glutamate, Hydroxypropyl Guar Hydroxypropyltrimonium Chloride, Tocopherol, Lactic Acid, Parfum (Fragrance).<\/p>\n<p>Pozor: Pred uporabo si oglejte embala\u017eo za najnovej\u0161e informacije o sestavinah in morebitna opozorila ali navodila.<\/span><\/p>\n<\/div>\n<\/div>","protected":false},"excerpt":{"rendered":"<p><strong>Incredible Milk 12v1 &#8211; Negovalno mleko<\/strong><\/p>\n<ul>\n<li><strong>mednarodni best-seller<\/strong><\/li>\n<li>intenzivno mleko za lase z razpr\u0161ilom, ki opravlja dvanajst u\u010dinkov: \u0161\u010diti lase pred UV \u017earki; obnavlja vse vrste las; ohranja barvo; \u0161\u010diti pred vro\u010dino; razpleta; ohranja pri\u010desko; dodaja najve\u010dji sijaj; ustvarja telo in volumen; nadzoruje nakodranost; odpravlja in prepre\u010duje razcepljene konice; enostavno ravnanje; zgladi povrhnjico in lasem doda vonj po ro\u017eicah.<\/li>\n<li>primeren za vse tipe las<\/li>\n<li>se ne izpira<\/li>\n<\/ul>","protected":false},"featured_media":10398,"template":"","meta":{"_acf_changed":false,"inline_featured_image":false,"_monsterinsights_skip_tracking":false,"_monsterinsights_sitenote_active":false,"_monsterinsights_sitenote_note":"","_monsterinsights_sitenote_category":0},"product_cat":[366,153],"product_tag":[],"aioseo_notices":[],"acf":[],"_links":{"self":[{"href":"https:\/\/shop.tjasha.si\/en\/wp-json\/wp\/v2\/product\/10399"}],"collection":[{"href":"https:\/\/shop.tjasha.si\/en\/wp-json\/wp\/v2\/product"}],"about":[{"href":"https:\/\/shop.tjasha.si\/en\/wp-json\/wp\/v2\/types\/product"}],"version-history":[{"count":1,"href":"https:\/\/shop.tjasha.si\/en\/wp-json\/wp\/v2\/product\/10399\/revisions"}],"predecessor-version":[{"id":10400,"href":"https:\/\/shop.tjasha.si\/en\/wp-json\/wp\/v2\/product\/10399\/revisions\/10400"}],"wp:featuredmedia":[{"embeddable":true,"href":"https:\/\/shop.tjasha.si\/en\/wp-json\/wp\/v2\/media\/10398"}],"wp:attachment":[{"href":"https:\/\/shop.tjasha.si\/en\/wp-json\/wp\/v2\/media?parent=10399"}],"wp:term":[{"taxonomy":"product_cat","embeddable":true,"href":"https:\/\/shop.tjasha.si\/en\/wp-json\/wp\/v2\/product_cat?post=10399"},{"taxonomy":"product_tag","embeddable":true,"href":"https:\/\/shop.tjasha.si\/en\/wp-json\/wp\/v2\/product_tag?post=10399"}],"curies":[{"name":"wp","href":"https:\/\/api.w.org\/{rel}","templated":true}]}}