{"id":10410,"date":"2024-07-02T07:32:39","date_gmt":"2024-07-02T07:32:39","guid":{"rendered":"https:\/\/shop.tjasha.si\/?post_type=product&#038;p=10410"},"modified":"2024-07-02T07:32:40","modified_gmt":"2024-07-02T07:32:40","slug":"whipped-cream-negovalna-pena-200-ml","status":"publish","type":"product","link":"https:\/\/shop.tjasha.si\/en\/trgovina\/whipped-cream-negovalna-pena-200-ml\/","title":{"rendered":"Whipped Cream &#8211; Negovalna pena  200 ml"},"content":{"rendered":"<p><strong>Uporaba<\/strong><\/p>\n<div class=\"collapsible-tab__text\">\n<ul>\n<li><span class=\"metafield-multi_line_text_field\">Dobro pretresite plo\u010devinko<\/span><\/li>\n<li><span class=\"metafield-multi_line_text_field\">Obrnite plo\u010devinko na glavo ter si v roko iztisnite vsebino v velikosti golf \u017eogice<\/span><\/li>\n<li><span class=\"metafield-multi_line_text_field\">Razma\u017eite in nanesite na lase od sredine dol\u017eine do koncev.<\/span><\/li>\n<li><span class=\"metafield-multi_line_text_field\">Za enakomerno razporeditev izdelka raz\u010de\u0161ite z glavnikom<\/span><\/li>\n<li><span class=\"metafield-multi_line_text_field\">Uporabite \u017eeleni izdelek za oblikovanje<\/span><\/li>\n<\/ul>\n<p><strong>Sestavine<\/strong><\/p>\n<div class=\"collapsible-tab__text\">\n<p><span class=\"metafield-multi_line_text_field\">Aqua (Water), Butane, Propane, Isobutane, Myristyl Alcohol, Cetrimonium Chloride, Parfum (Fragrance), Amodimethicone, Imidazolidinyl Urea, Trideceth-10, Citric Acid, Tocopheryl Acetate, Butylene Glycol, Benzyl Alcohol, Glyceryl Oleate, Panthenol, Propylene Glycol, Helianthus Annuus (Sunflower) Seed Extract, PEG-5 Cocomonium Methosulfate, BHT, Hexylene Glycol, BHA, Sodium Glutamate, Hydrolyzed Milk Protein, Phenoxyethanol, Ethylhexylglycerin, Hydroxypropyltrimonium Hydrolyzed Casein, Sodium Cocoyl Glutamate, Hydroxypropyl Guar Hydroxypropyltrimonium Chloride, Ascorbyl Palmitate.<\/p>\n<p>Pozor: Navedene sestavine se lahko nekoliko razlikujejo od prejetih izdelkov. Pred uporabo si oglejte embala\u017eo za najnovej\u0161e informacije o sestavinah in morebitna opozorila ali navodila.<\/span><\/p>\n<\/div>\n<p>&nbsp;<\/p>\n<\/div>","protected":false},"excerpt":{"rendered":"<p><strong>Whipped Cream &#8211; Negovalna pena<\/strong><\/p>\n<ul>\n<li>negovalna pena za lase je vsestranski negovalni balzam, posebej ustvarjen za ohranjanje optimalnega ravnovesja vlage in celovitosti barve las s sladkim vonjem po mleku<\/li>\n<li>mehka in kremasta formula je preprost in hiter na\u010din za nego, lase naredi mehke in enostavne za raz\u010desavanje, brez obte\u017eitve<\/li>\n<li>lasje so mehki, sijo\u010di in polni vitalnosti<\/li>\n<li>mle\u010dni proteini lase negujejo in prestrukturirajo, emolienti pa zagotavljajo dolgotrajno za\u0161\u010dito<\/li>\n<li>integritety 41 izbolj\u0161a obstojnost barve<\/li>\n<\/ul>","protected":false},"featured_media":10411,"template":"","meta":{"_acf_changed":false,"inline_featured_image":false,"_monsterinsights_skip_tracking":false,"_monsterinsights_sitenote_active":false,"_monsterinsights_sitenote_note":"","_monsterinsights_sitenote_category":0},"product_cat":[366,153],"product_tag":[],"aioseo_notices":[],"acf":[],"_links":{"self":[{"href":"https:\/\/shop.tjasha.si\/en\/wp-json\/wp\/v2\/product\/10410"}],"collection":[{"href":"https:\/\/shop.tjasha.si\/en\/wp-json\/wp\/v2\/product"}],"about":[{"href":"https:\/\/shop.tjasha.si\/en\/wp-json\/wp\/v2\/types\/product"}],"version-history":[{"count":1,"href":"https:\/\/shop.tjasha.si\/en\/wp-json\/wp\/v2\/product\/10410\/revisions"}],"predecessor-version":[{"id":10412,"href":"https:\/\/shop.tjasha.si\/en\/wp-json\/wp\/v2\/product\/10410\/revisions\/10412"}],"wp:featuredmedia":[{"embeddable":true,"href":"https:\/\/shop.tjasha.si\/en\/wp-json\/wp\/v2\/media\/10411"}],"wp:attachment":[{"href":"https:\/\/shop.tjasha.si\/en\/wp-json\/wp\/v2\/media?parent=10410"}],"wp:term":[{"taxonomy":"product_cat","embeddable":true,"href":"https:\/\/shop.tjasha.si\/en\/wp-json\/wp\/v2\/product_cat?post=10410"},{"taxonomy":"product_tag","embeddable":true,"href":"https:\/\/shop.tjasha.si\/en\/wp-json\/wp\/v2\/product_tag?post=10410"}],"curies":[{"name":"wp","href":"https:\/\/api.w.org\/{rel}","templated":true}]}}