{"id":10413,"date":"2024-07-02T07:35:51","date_gmt":"2024-07-02T07:35:51","guid":{"rendered":"https:\/\/shop.tjasha.si\/?post_type=product&#038;p=10413"},"modified":"2024-07-02T07:35:51","modified_gmt":"2024-07-02T07:35:51","slug":"whipped-cream-flower-power-negovalna-pena-za-lase-200-ml","status":"publish","type":"product","link":"https:\/\/shop.tjasha.si\/en\/trgovina\/whipped-cream-flower-power-negovalna-pena-za-lase-200-ml\/","title":{"rendered":"Whipped Cream Flower Power &#8211; negovalna pena za lase 200 ml"},"content":{"rendered":"<p><strong>Uporaba<\/strong><\/p>\n<div class=\"collapsible-tab__text\">\n<ul>\n<li><span class=\"metafield-multi_line_text_field\">Dobro pretresite plo\u010devinko<\/span><\/li>\n<li><span class=\"metafield-multi_line_text_field\">Obrnite plo\u010devinko na glavo ter si v roko iztisnite vsebino v velikosti golf \u017eogice<\/span><\/li>\n<li><span class=\"metafield-multi_line_text_field\">Razma\u017eite in nanesite na lase od sredine dol\u017eine do koncev.<\/span><\/li>\n<li><span class=\"metafield-multi_line_text_field\">Za enakomerno razporeditev izdelka raz\u010de\u0161ite z glavnikom<\/span><\/li>\n<li><span class=\"metafield-multi_line_text_field\">Uporabite \u017eeleni izdelek za oblikovanje<\/span><\/li>\n<\/ul>\n<p><strong>Sestavine<\/strong><\/p>\n<div class=\"collapsible-tab__text\">\n<p><span class=\"metafield-multi_line_text_field\">Aqua (Water), Butane, Propane, Isobutane, Myristyl Alcohol, Cetrimonium Chloride, Parfum (Fragrance), Amodimethicone, Trideceth-10, Citric Acid, Tocopheryl Acetate, Butylene Glycol, Sodium Hyaluronate Crosspolymer, Hydrolyzed Soy Protein, Moringa Oleifera Leaf Extract, Helianthus Annuus (Sunflower) Seed Extract, Hydrolyzed Glycosaminoglycans, Sodium Hyaluronate, Hyaluronic Acid, Hydrolyzed Hyaluronic Acid, Propanediol, Phenoxyethanol, Ethylhexylglycerin, Hexyl Cinnamal, Benzyl Salicylate, Linalool, Glycerin, Limonene.<\/p>\n<p>Pozor: Pred uporabo si oglejte embala\u017eo za najnovej\u0161e informacije o sestavinah in morebitna opozorila ali navodila.<\/span><\/p>\n<\/div>\n<\/div>","protected":false},"excerpt":{"rendered":"<p><strong>Whipped Cream Flower Power &#8211; negovalna pena za lase 200ml<\/strong><\/p>\n<p>100 % veganska nega v peni milk_shake Whipped Cream z vonjem cvetlic<\/p>\n<p>milk_shake\u00ae Whipped Cream Flower Power je kremasta pena za lase, ki se ne izpira in je primerna za vse vrste las.\u00a0Globinska in za\u0161\u010ditna formula za nego z mle\u010dnimi proteini \u00a0lase neguje in prestrukturira ter jim daje mehkobo in vodljivost, ne da bi jih obte\u017eila. Integrity 41 pa pomaga ohranjati barvo las.<\/p>\n<p>Vonj in edinstven na\u010din, kako milk_shake Whipped Cream Flower Power zapusti stekleni\u010dko, postaneta zasvojljiva. milk_shake Whipped Cream Flower Power ima vse sestavine, da bodo va\u0161i lasje videti gladki, sijo\u010di in izjemno mehki.<\/p>","protected":false},"featured_media":10414,"template":"","meta":{"_acf_changed":false,"inline_featured_image":false,"_monsterinsights_skip_tracking":false,"_monsterinsights_sitenote_active":false,"_monsterinsights_sitenote_note":"","_monsterinsights_sitenote_category":0},"product_cat":[366,153],"product_tag":[],"aioseo_notices":[],"acf":[],"_links":{"self":[{"href":"https:\/\/shop.tjasha.si\/en\/wp-json\/wp\/v2\/product\/10413"}],"collection":[{"href":"https:\/\/shop.tjasha.si\/en\/wp-json\/wp\/v2\/product"}],"about":[{"href":"https:\/\/shop.tjasha.si\/en\/wp-json\/wp\/v2\/types\/product"}],"version-history":[{"count":1,"href":"https:\/\/shop.tjasha.si\/en\/wp-json\/wp\/v2\/product\/10413\/revisions"}],"predecessor-version":[{"id":10415,"href":"https:\/\/shop.tjasha.si\/en\/wp-json\/wp\/v2\/product\/10413\/revisions\/10415"}],"wp:featuredmedia":[{"embeddable":true,"href":"https:\/\/shop.tjasha.si\/en\/wp-json\/wp\/v2\/media\/10414"}],"wp:attachment":[{"href":"https:\/\/shop.tjasha.si\/en\/wp-json\/wp\/v2\/media?parent=10413"}],"wp:term":[{"taxonomy":"product_cat","embeddable":true,"href":"https:\/\/shop.tjasha.si\/en\/wp-json\/wp\/v2\/product_cat?post=10413"},{"taxonomy":"product_tag","embeddable":true,"href":"https:\/\/shop.tjasha.si\/en\/wp-json\/wp\/v2\/product_tag?post=10413"}],"curies":[{"name":"wp","href":"https:\/\/api.w.org\/{rel}","templated":true}]}}