{"id":10437,"date":"2024-07-02T08:15:53","date_gmt":"2024-07-02T08:15:53","guid":{"rendered":"https:\/\/shop.tjasha.si\/?post_type=product&#038;p=10437"},"modified":"2024-07-02T08:15:53","modified_gmt":"2024-07-02T08:15:53","slug":"colour-whipped-cream-barvna-pena-100-ml-beige-blond","status":"publish","type":"product","link":"https:\/\/shop.tjasha.si\/en\/trgovina\/colour-whipped-cream-barvna-pena-100-ml-beige-blond\/","title":{"rendered":"Colour Whipped Cream &#8211; Barvna pena 100 ml: BEIGE BLOND"},"content":{"rendered":"<p><strong>Uporaba<\/strong><\/p>\n<div class=\"collapsible-tab__text\">\n<ul>\n<li><span class=\"metafield-multi_line_text_field\">priporo\u010da se nanos na \u010diste in \u0161e rahlo vla\u017ene lase<\/span><\/li>\n<li><span class=\"metafield-multi_line_text_field\">peno iztisni na dlan in enakomerno nanesi na dol\u017eino in konice<\/span><\/li>\n<\/ul>\n<p><strong>Sestavine<\/strong><\/p>\n<div class=\"collapsible-tab__text\">\n<p><span class=\"metafield-multi_line_text_field\">Aqua (Water)butanePropylene GlycolpropaneMyristyl AlcoholCetrimonium ChlorideisobutaneParfum (Fragrance)PhenoxyethanolamodimethiconeImidazolidinyl UreaTocopherylAcetateBasic Yellow 57EthylhexylglycerinLimoneneButylene GlycolLinaloolPEG-5 cocomoniummethosulfatetrideceth-10CitronellolSodium HydroxideDisperse Violet 1Sodium GlutamateHelianthus Annuus (Sunflower) Seed Extractrubus idaeus (raspberry) leaf extractMangifera Indica(Mango) Fruit ExtractVaccinium Myrtillus Fruit ExtractBasic Brown 17hexyl cinnamalHydrolyzed MilkProteinHydroxypropyltrimonium Hydrolyzed CaseinSodium Cocoyl Glutamateglyceryl oleatebhthexylene glycolBHACitralHydroxypropyl Guar Hydroxypropyltrimonium ChlorideCitric AcidAscorbylPalmitate<\/span><\/p>\n<\/div>\n<\/div>","protected":false},"excerpt":{"rendered":"<p><strong>Colour Whipped Cream &#8211; Barvna pena<\/strong><\/p>\n<ul>\n<li>barvna negovalna pena je formulirana tako da neguje las in\u00a0nudi takoj\u0161nje obarvanje<\/li>\n<li>vsebuje mle\u010dne beljakovine, ki negujejo in obnavljajo las, druge sestavine pa zagotavljajo vla\u017enost lasu<\/li>\n<li>sestavina Integrity 41\u00ae zagotavlja dalj\u0161o obstojnost barve<\/li>\n<li>barva se lahko spere z lasu, obstojnost barve je odvisna od odtenka samega<\/li>\n<li>obstojnost barve je od 1 do 3 pranj<\/li>\n<li>intenziteta je odvisna od nianse in svetlosti las<\/li>\n<li>ve\u010d odtenkov<\/li>\n<\/ul>","protected":false},"featured_media":10438,"template":"","meta":{"_acf_changed":false,"inline_featured_image":false,"_monsterinsights_skip_tracking":false,"_monsterinsights_sitenote_active":false,"_monsterinsights_sitenote_note":"","_monsterinsights_sitenote_category":0},"product_cat":[366,153],"product_tag":[],"aioseo_notices":[],"acf":[],"_links":{"self":[{"href":"https:\/\/shop.tjasha.si\/en\/wp-json\/wp\/v2\/product\/10437"}],"collection":[{"href":"https:\/\/shop.tjasha.si\/en\/wp-json\/wp\/v2\/product"}],"about":[{"href":"https:\/\/shop.tjasha.si\/en\/wp-json\/wp\/v2\/types\/product"}],"version-history":[{"count":1,"href":"https:\/\/shop.tjasha.si\/en\/wp-json\/wp\/v2\/product\/10437\/revisions"}],"predecessor-version":[{"id":10439,"href":"https:\/\/shop.tjasha.si\/en\/wp-json\/wp\/v2\/product\/10437\/revisions\/10439"}],"wp:featuredmedia":[{"embeddable":true,"href":"https:\/\/shop.tjasha.si\/en\/wp-json\/wp\/v2\/media\/10438"}],"wp:attachment":[{"href":"https:\/\/shop.tjasha.si\/en\/wp-json\/wp\/v2\/media?parent=10437"}],"wp:term":[{"taxonomy":"product_cat","embeddable":true,"href":"https:\/\/shop.tjasha.si\/en\/wp-json\/wp\/v2\/product_cat?post=10437"},{"taxonomy":"product_tag","embeddable":true,"href":"https:\/\/shop.tjasha.si\/en\/wp-json\/wp\/v2\/product_tag?post=10437"}],"curies":[{"name":"wp","href":"https:\/\/api.w.org\/{rel}","templated":true}]}}