{"id":10466,"date":"2024-07-02T08:40:23","date_gmt":"2024-07-02T08:40:23","guid":{"rendered":"https:\/\/shop.tjasha.si\/?post_type=product&#038;p=10466"},"modified":"2024-07-02T08:40:23","modified_gmt":"2024-07-02T08:40:23","slug":"icy-blond-shampoo-crn-sampon-za-blondinke-1000-ml","status":"publish","type":"product","link":"https:\/\/shop.tjasha.si\/en\/trgovina\/icy-blond-shampoo-crn-sampon-za-blondinke-1000-ml\/","title":{"rendered":"Icy Blond Shampoo &#8211; \u010crn \u0161ampon za blondinke 1000 ml"},"content":{"rendered":"<p><strong>Uporaba<\/strong><\/p>\n<div class=\"collapsible-tab__text\">\n<ul>\n<li><span class=\"metafield-multi_line_text_field\">enakomerno nanesite na vla\u017ene lase<\/span><\/li>\n<li><span class=\"metafield-multi_line_text_field\">pustite delovati nekaj minut<\/span><\/li>\n<li><span class=\"metafield-multi_line_text_field\">nato sperite<\/span><\/li>\n<li><span class=\"metafield-multi_line_text_field\">za intenzivnej\u0161i u\u010dinek pustite delovati \u0161e nekaj minut<\/span><\/li>\n<li><span class=\"metafield-multi_line_text_field\">nadaljujte z uporabo balzama milk_shake Icy Blond.<\/span><\/li>\n<li><span class=\"metafield-multi_line_text_field\">izdelki Icy Blond vsebujejo pigmente, ki lahko na poroznih laseh dose\u017eejo zelo intenzivne rezultate; ko dose\u017eete \u017eeleni rezultat, za ohranitev rezultatov izmeni\u010dno uporabljajte drug \u0161ampon.<\/span><\/li>\n<\/ul>\n<p><strong>Sestavine<\/strong><\/p>\n<div class=\"collapsible-tab__text\">\n<p><span class=\"metafield-multi_line_text_field\">Aqua (Water), Ammonium Lauryl Sulfate, Cocamidopropyl Betaine, Sodium Chloride, Disodium Laureth Sulfosuccinate, Glycerin, Glycol Distearate, Laureth-4, PEG-8 Dimethicone, Parfum (Fragrance), Oryza Sativa (Rice) Bran Oil, Helianthus Annus (Sunflower) Seed Extract, Vitis Vinifera (Grape) Seed Oil, Guar Hydroxypropyltrimonium Chloride, Hydrolyzed Milk Protein, Sodium Benzoate, Methylchloroisothiazolinone, Methylisothiazolinone, Magnesium Nitrate, Magnesium Chloride, Butylene Glycol, Hydrolyzed Quinoa, Soy Amino Acids, Wheat Amino Acids, Arginine HCl, Serine, Threonine, Sodium Hydroxide, Ethylhexyl Methoxycinnamate, Acid Violet 43, CI 77266 (nano) (Black 2), Diethylamino Hydroxybenzoyl Hexyl Benzoate, PVP, Dicaprylyl Ether, Decyl Glucoside, Glyceryl Oleate.<\/span><\/p>\n<\/div>\n<\/div>","protected":false},"excerpt":{"rendered":"<p><strong>Icy Blond Shampoo &#8211; \u010crn \u0161ampon za blondinke<\/strong><\/p>\n<ul>\n<li>\u010drn pigment, ki ga vsebuje nova linija milk_shake Icy Blond, daje zelo svetlim blond lasem ali platinastim blond lasem ne\u017ene pepelnate odtenke<\/li>\n<li>podalj\u0161a u\u010dinke sivih ali srebrnih odtenkov<\/li>\n<li>idealen za zelo svetle blond ali platinasto blond lase<\/li>\n<li>ni priporo\u010dljivo za sive ali bele lase.<\/li>\n<\/ul>","protected":false},"featured_media":10467,"template":"","meta":{"_acf_changed":false,"inline_featured_image":false,"_monsterinsights_skip_tracking":false,"_monsterinsights_sitenote_active":false,"_monsterinsights_sitenote_note":"","_monsterinsights_sitenote_category":0},"product_cat":[366,153],"product_tag":[],"aioseo_notices":[],"acf":[],"_links":{"self":[{"href":"https:\/\/shop.tjasha.si\/en\/wp-json\/wp\/v2\/product\/10466"}],"collection":[{"href":"https:\/\/shop.tjasha.si\/en\/wp-json\/wp\/v2\/product"}],"about":[{"href":"https:\/\/shop.tjasha.si\/en\/wp-json\/wp\/v2\/types\/product"}],"version-history":[{"count":1,"href":"https:\/\/shop.tjasha.si\/en\/wp-json\/wp\/v2\/product\/10466\/revisions"}],"predecessor-version":[{"id":10468,"href":"https:\/\/shop.tjasha.si\/en\/wp-json\/wp\/v2\/product\/10466\/revisions\/10468"}],"wp:featuredmedia":[{"embeddable":true,"href":"https:\/\/shop.tjasha.si\/en\/wp-json\/wp\/v2\/media\/10467"}],"wp:attachment":[{"href":"https:\/\/shop.tjasha.si\/en\/wp-json\/wp\/v2\/media?parent=10466"}],"wp:term":[{"taxonomy":"product_cat","embeddable":true,"href":"https:\/\/shop.tjasha.si\/en\/wp-json\/wp\/v2\/product_cat?post=10466"},{"taxonomy":"product_tag","embeddable":true,"href":"https:\/\/shop.tjasha.si\/en\/wp-json\/wp\/v2\/product_tag?post=10466"}],"curies":[{"name":"wp","href":"https:\/\/api.w.org\/{rel}","templated":true}]}}