{"id":10472,"date":"2024-07-02T08:45:31","date_gmt":"2024-07-02T08:45:31","guid":{"rendered":"https:\/\/shop.tjasha.si\/?post_type=product&#038;p=10472"},"modified":"2024-07-02T08:45:32","modified_gmt":"2024-07-02T08:45:32","slug":"icy-blond-conditioner-crn-regenerator-za-blondinke-1000-ml","status":"publish","type":"product","link":"https:\/\/shop.tjasha.si\/en\/trgovina\/icy-blond-conditioner-crn-regenerator-za-blondinke-1000-ml\/","title":{"rendered":"Icy Blond Conditioner &#8211; \u010crn regenerator za blondinke 1000 ml"},"content":{"rendered":"<p><strong>Uporaba<\/strong><\/p>\n<div class=\"collapsible-tab__text\">\n<ul>\n<li><span class=\"metafield-multi_line_text_field\">po \u010di\u0161\u010denju enakomerno nanesite na vla\u017ene lase<\/span><\/li>\n<li><span class=\"metafield-multi_line_text_field\">pustite delovati nekaj minut, nato sperite<\/span><\/li>\n<li><span class=\"metafield-multi_line_text_field\">za intenzivnej\u0161i u\u010dinek pustite delovati \u0161e nekaj minut<\/span><\/li>\n<li><span class=\"metafield-multi_line_text_field\">nadaljujte z \u017eelenim oblikovanjem<\/span><\/li>\n<li><span class=\"metafield-multi_line_text_field\">izdelki Icy Blond vsebujejo pigmente, ki lahko na poroznih laseh dose\u017eejo zelo intenzivne rezultate; ko dose\u017eete \u017eeleni rezultat, ga za ohranitev rezultatov zamenjajte z drugim balzamom.<\/span><\/li>\n<\/ul>\n<p><strong>Sestavine<\/strong><\/p>\n<div class=\"collapsible-tab__text\">\n<p><span class=\"metafield-multi_line_text_field\">Aqua (Water), Cetearyl Alcohol, Propylene Glycol, Behentrimonium Chloride, Glycerin, Cetrimonium Chloride, PEG-8 Dimethicone, Parfum (Fragrance), Argania Spinosa Kernel Oil, Hydrolyzed Milk Protein, Oryza Sativa (Rice) Bran Oil, Persea Gratissima (Avocado) Oil, Astrocaryum Murumuru Seed Butter, Vitis Vinifera (Grape) Seed Oil, Lactic Acid, Diazolidinyl Urea, Sodium Benzoate, Potassium Sorbate, Ethylhexyl Methoxycinnamate, Acid Violet 43, CI 77266 (nano) (Black 2), Diethylamino Hydroxybenzoyl Hexyl Benzoate, PVP, Hydrolyzed Quinoa, Tocopherol<\/span><\/p>\n<\/div>\n<\/div>","protected":false},"excerpt":{"rendered":"<p><strong>Icy Blond Conditioner &#8211; \u010crn regenerator za blondinke<\/strong><\/p>\n<ul>\n<li>regenerator za lase je\u00a0primeren za svetle lase<\/li>\n<li>\u010drn pigment, ki ga vsebuje nova linija milk_shake Icy Blond, daje zelo svetlim blond lasem ali platinastim blond lasem ne\u017ene pepelnate odtenke<\/li>\n<li>podalj\u0161a u\u010dinke sivih ali srebrnih odtenkov<\/li>\n<li>idealen za zelo svetle blond ali platinasto blond lase<\/li>\n<li>ni priporo\u010dljivo za sive ali bele lase.<\/li>\n<\/ul>","protected":false},"featured_media":10473,"template":"","meta":{"_acf_changed":false,"inline_featured_image":false,"_monsterinsights_skip_tracking":false,"_monsterinsights_sitenote_active":false,"_monsterinsights_sitenote_note":"","_monsterinsights_sitenote_category":0},"product_cat":[366,153],"product_tag":[],"aioseo_notices":[],"acf":[],"_links":{"self":[{"href":"https:\/\/shop.tjasha.si\/en\/wp-json\/wp\/v2\/product\/10472"}],"collection":[{"href":"https:\/\/shop.tjasha.si\/en\/wp-json\/wp\/v2\/product"}],"about":[{"href":"https:\/\/shop.tjasha.si\/en\/wp-json\/wp\/v2\/types\/product"}],"version-history":[{"count":1,"href":"https:\/\/shop.tjasha.si\/en\/wp-json\/wp\/v2\/product\/10472\/revisions"}],"predecessor-version":[{"id":10474,"href":"https:\/\/shop.tjasha.si\/en\/wp-json\/wp\/v2\/product\/10472\/revisions\/10474"}],"wp:featuredmedia":[{"embeddable":true,"href":"https:\/\/shop.tjasha.si\/en\/wp-json\/wp\/v2\/media\/10473"}],"wp:attachment":[{"href":"https:\/\/shop.tjasha.si\/en\/wp-json\/wp\/v2\/media?parent=10472"}],"wp:term":[{"taxonomy":"product_cat","embeddable":true,"href":"https:\/\/shop.tjasha.si\/en\/wp-json\/wp\/v2\/product_cat?post=10472"},{"taxonomy":"product_tag","embeddable":true,"href":"https:\/\/shop.tjasha.si\/en\/wp-json\/wp\/v2\/product_tag?post=10472"}],"curies":[{"name":"wp","href":"https:\/\/api.w.org\/{rel}","templated":true}]}}