{"id":10478,"date":"2024-07-02T08:50:20","date_gmt":"2024-07-02T08:50:20","guid":{"rendered":"https:\/\/shop.tjasha.si\/?post_type=product&#038;p=10478"},"modified":"2024-07-02T08:50:20","modified_gmt":"2024-07-02T08:50:20","slug":"silver-shine-shampoo-sampon-z-vijolicnim-pigmentom-300-ml","status":"publish","type":"product","link":"https:\/\/shop.tjasha.si\/en\/trgovina\/silver-shine-shampoo-sampon-z-vijolicnim-pigmentom-300-ml\/","title":{"rendered":"Silver Shine Shampoo- \u0160ampon z vijoli\u010dnim pigmentom 300 ml"},"content":{"rendered":"<p><strong>Uporaba<\/strong><\/p>\n<div class=\"collapsible-tab__text\">\n<ul>\n<li><span class=\"metafield-multi_line_text_field\">enakomerno razporedite po vla\u017enih laseh, spenite in sperite, po potrebi ponovite<\/span><\/li>\n<li><span class=\"metafield-multi_line_text_field\">za intenzivnej\u0161e rezultate pustite delovati nekaj minut, sperite, nanesite balzam milk_shake silver shine, pustite delovati 2-5 minut in nato dobro sperite<\/span><\/li>\n<li><span class=\"metafield-multi_line_text_field\">nanesite milk_shake silver shine whipped cream in nadaljujte z oblikovanjem<\/span><\/li>\n<\/ul>\n<p><strong>Sestavine<\/strong><\/p>\n<div class=\"collapsible-tab__text\">\n<p><span class=\"metafield-multi_line_text_field\">Aqua (Water), Ammonium Lauryl Sulfate, Cocamidopropyl Betaine, Disodium Laureth Sulfosuccinate, Glycerin, Sodium Chloride, Acid Violet 43, Glycol Distearate, Laureth-4, Guar Hydroxypropyltrimonium Chloride, Rubus Fruticosus (Blackberry) Fruit Extract, Rubus Idaeus (Raspberry) Leaf Extract, Vaccinium Myrtillus Fruit Extract, Fragaria Ananassa (Strawberry) Fruit Extract, Sodium Benzoate, Potassium Sorbate, PEG-5 Cocomonium Methosulfate, Sodium Glutamate, Hydrolyzed Milk Protein, Hydroxypropyltrimonium Hydrolyzed Casein, Sodium Cocoyl Glutamate, Hydroxypropyl Guar Hydroxypropyltrimonium Chloride, Citric Acid, Methylchloroisothiazolinone, Methylisothiazolinone, Parfum (Fragrance), Benzyl Alcohol, Benzyl Benzoate, Benzyl Salicylate, Limonene, Linalool.<\/span><\/p>\n<\/div>\n<\/div>","protected":false},"excerpt":{"rendered":"<p><strong>Silver Shine Shampoo-\u00a0\u0160ampon z vijoli\u010dnim pigmentom<\/strong><\/p>\n<ul>\n<li>\u0161ampon s posebnim pigmentom nevtralizira ne\u017eelene rumene, zlate ali medene odtenke, ki so zna\u010dilni za bele, sive, svetle ali posvetljene lase<\/li>\n<li>\u0161ampon\u00a0za lase naredi lase negovane, mehke in polne vitalnosti<\/li>\n<li>vsebuje mle\u010dne beljakovine, izvle\u010dke organskega sadja in Integrity 41\u00ae, ki lase negujejo, hkrati pa ohranjajo ravnovesje vlage v laseh in \u0161\u010ditijo barvo las.<\/li>\n<\/ul>","protected":false},"featured_media":10479,"template":"","meta":{"_acf_changed":false,"inline_featured_image":false,"_monsterinsights_skip_tracking":false,"_monsterinsights_sitenote_active":false,"_monsterinsights_sitenote_note":"","_monsterinsights_sitenote_category":0},"product_cat":[366,153],"product_tag":[],"aioseo_notices":[],"acf":[],"_links":{"self":[{"href":"https:\/\/shop.tjasha.si\/en\/wp-json\/wp\/v2\/product\/10478"}],"collection":[{"href":"https:\/\/shop.tjasha.si\/en\/wp-json\/wp\/v2\/product"}],"about":[{"href":"https:\/\/shop.tjasha.si\/en\/wp-json\/wp\/v2\/types\/product"}],"version-history":[{"count":1,"href":"https:\/\/shop.tjasha.si\/en\/wp-json\/wp\/v2\/product\/10478\/revisions"}],"predecessor-version":[{"id":10480,"href":"https:\/\/shop.tjasha.si\/en\/wp-json\/wp\/v2\/product\/10478\/revisions\/10480"}],"wp:featuredmedia":[{"embeddable":true,"href":"https:\/\/shop.tjasha.si\/en\/wp-json\/wp\/v2\/media\/10479"}],"wp:attachment":[{"href":"https:\/\/shop.tjasha.si\/en\/wp-json\/wp\/v2\/media?parent=10478"}],"wp:term":[{"taxonomy":"product_cat","embeddable":true,"href":"https:\/\/shop.tjasha.si\/en\/wp-json\/wp\/v2\/product_cat?post=10478"},{"taxonomy":"product_tag","embeddable":true,"href":"https:\/\/shop.tjasha.si\/en\/wp-json\/wp\/v2\/product_tag?post=10478"}],"curies":[{"name":"wp","href":"https:\/\/api.w.org\/{rel}","templated":true}]}}