{"id":10481,"date":"2024-07-02T08:52:40","date_gmt":"2024-07-02T08:52:40","guid":{"rendered":"https:\/\/shop.tjasha.si\/?post_type=product&#038;p=10481"},"modified":"2024-07-02T08:52:41","modified_gmt":"2024-07-02T08:52:41","slug":"silver-shine-conditioner-regenerator-z-vijolicnim-pigmentom-250-ml","status":"publish","type":"product","link":"https:\/\/shop.tjasha.si\/en\/trgovina\/silver-shine-conditioner-regenerator-z-vijolicnim-pigmentom-250-ml\/","title":{"rendered":"Silver Shine Conditioner &#8211; Regenerator z vijoli\u010dnim pigmentom 250 ml"},"content":{"rendered":"<p><strong>Uporaba<\/strong><\/p>\n<div class=\"collapsible-tab__text\">\n<ul>\n<li><span class=\"metafield-multi_line_text_field\">nanesite po \u010di\u0161\u010denju na \u010diste, vla\u017ene lase<\/span><\/li>\n<li><span class=\"metafield-multi_line_text_field\">pustite delovati 2-5 minut<\/span><\/li>\n<li><span class=\"metafield-multi_line_text_field\">temeljito sperite<\/span><\/li>\n<\/ul>\n<p><strong>Sestavine<\/strong><\/p>\n<div class=\"collapsible-tab__text\">\n<p><span class=\"metafield-multi_line_text_field\">Aqua (Water), Myristyl Alcohol, Cetrimonium Chloride, Propylheptyl Caprylate, Behentrimonium Chloride, Hydrogenated Castor Oil\/Sebacic Acid Copolymer, Polyglyceryl-3 PCA, Dimethicone, Ethylhexyl Cocoate, Cetearyl Alcohol, Cocos Nucifera (Coconut) Oil, Helianthus Annuus (Sunflower) Seed Extract, Hydrolyzed Milk Protein, Rubus Fruticosus (Blackberry) Fruit Extract, Rubus Idaeus (Raspberry) Leaf Extract, Vaccinium Myrtillus Fruit Extract, Fragaria Ananassa (Strawberry) Fruit Extract, Lactic Acid, Diazolidinyl Urea, Sodium Benzoate, Potassium Sorbate, Acid Violet 43, Parfum (Fragrance), Citric Acid, Butylene Glycol, Benzyl Alcohol, Benzyl Benzoate, Benzyl Salicylate, Limonene, Linalool.<\/span><\/p>\n<\/div>\n<\/div>","protected":false},"excerpt":{"rendered":"<p><strong>Silver Shine Conditioner &#8211; Regenerator z vijoli\u010dnim pigmentom<\/strong><\/p>\n<ul>\n<li>regenerator s posebnim pigmentom nevtralizira ne\u017eelene rumene, zlate ali medene odtenke, ki so zna\u010dilni za bele, sive, svetle ali posvetljene lase<\/li>\n<li>regenerator za lase naredi lase negovane, mehke in polne vitalnosti<\/li>\n<li>vsebuje mle\u010dne beljakovine, izvle\u010dke organskega sadja in Integrity 41\u00ae, ki lase negujejo, hkrati pa ohranjajo ravnovesje vlage v laseh in \u0161\u010ditijo barvo las.<\/li>\n<\/ul>","protected":false},"featured_media":10482,"template":"","meta":{"_acf_changed":false,"inline_featured_image":false,"_monsterinsights_skip_tracking":false,"_monsterinsights_sitenote_active":false,"_monsterinsights_sitenote_note":"","_monsterinsights_sitenote_category":0},"product_cat":[366,153],"product_tag":[],"aioseo_notices":[],"acf":[],"_links":{"self":[{"href":"https:\/\/shop.tjasha.si\/en\/wp-json\/wp\/v2\/product\/10481"}],"collection":[{"href":"https:\/\/shop.tjasha.si\/en\/wp-json\/wp\/v2\/product"}],"about":[{"href":"https:\/\/shop.tjasha.si\/en\/wp-json\/wp\/v2\/types\/product"}],"version-history":[{"count":1,"href":"https:\/\/shop.tjasha.si\/en\/wp-json\/wp\/v2\/product\/10481\/revisions"}],"predecessor-version":[{"id":10483,"href":"https:\/\/shop.tjasha.si\/en\/wp-json\/wp\/v2\/product\/10481\/revisions\/10483"}],"wp:featuredmedia":[{"embeddable":true,"href":"https:\/\/shop.tjasha.si\/en\/wp-json\/wp\/v2\/media\/10482"}],"wp:attachment":[{"href":"https:\/\/shop.tjasha.si\/en\/wp-json\/wp\/v2\/media?parent=10481"}],"wp:term":[{"taxonomy":"product_cat","embeddable":true,"href":"https:\/\/shop.tjasha.si\/en\/wp-json\/wp\/v2\/product_cat?post=10481"},{"taxonomy":"product_tag","embeddable":true,"href":"https:\/\/shop.tjasha.si\/en\/wp-json\/wp\/v2\/product_tag?post=10481"}],"curies":[{"name":"wp","href":"https:\/\/api.w.org\/{rel}","templated":true}]}}