{"id":10493,"date":"2024-07-02T09:01:08","date_gmt":"2024-07-02T09:01:08","guid":{"rendered":"https:\/\/shop.tjasha.si\/?post_type=product&#038;p=10493"},"modified":"2024-07-02T09:01:08","modified_gmt":"2024-07-02T09:01:08","slug":"insta-light-lotion-tekoca-maska-za-zagladitev-las-500-ml","status":"publish","type":"product","link":"https:\/\/shop.tjasha.si\/en\/trgovina\/insta-light-lotion-tekoca-maska-za-zagladitev-las-500-ml\/","title":{"rendered":"Insta Light Lotion &#8211; Teko\u010da maska za zagladitev las 500 ml"},"content":{"rendered":"<p><strong>Uporaba<\/strong><\/p>\n<div class=\"collapsible-tab__text\">\n<ul>\n<li><span class=\"metafield-multi_line_text_field\">nanesite na vla\u017ene lase po \u010di\u0161\u010denju, pri \u010demer se osredoto\u010dite na dol\u017eine in konice las ter jih zavrtite okoli prstov, da izdelek prodre globlje.<\/span><\/li>\n<li><span class=\"metafield-multi_line_text_field\">pustite delovati nekaj sekund in izperite.<\/span><\/li>\n<\/ul>\n<p><strong>Sestavine<\/strong><\/p>\n<div class=\"collapsible-tab__text\">\n<p><span class=\"metafield-multi_line_text_field\">Propylene Glycol, Alcohol Denat., Myristyl Alcohol, Aqua (Water), Cetrimonium Chloride, Behentrimonium Chloride, Dicaprylyl Carbonate, Vaccinium Myrtillus Fruit Extract, Citrus Limon (Lemon) Fruit Extract, Hydrolyzed Milk Protein, Sodium Hyaluronate Crosspolymer, Propanediol, Hydrolyzed Glycosaminoglycans, Hyaluronic Acid, Hydrolyzed Hyaluronic Acid, Glycerin, Glycine, Sodium Hyaluronate, Sodium Lactate, Sodium Citrate, Citric Acid, Phenoxyethanol, Potassium Sorbate, Sodium Benzoate, Parfum (Fragrance), Citronellol, Limonene, Linalool.<\/span><\/p>\n<\/div>\n<\/div>","protected":false},"excerpt":{"rendered":"<p><strong>Insta Light Lotion &#8211; Teko\u010da maska za zagladitev las<\/strong><\/p>\n<ul>\n<li>maska za lase je teko\u010da maska s hialuronsko kislino za izpiranje, ki je lahka kot voda<\/li>\n<li>v le nekaj sekundah poskrbi za obvladljivost, sijaj, vla\u017eenje in gladkost<\/li>\n<li>ima \u010dudovit vonj &#8211; nikoli ne boste \u017eeleli biti brez njega<\/li>\n<li>enostavno se nana\u0161a in hitro izpira<\/li>\n<li>skraj\u0161a \u010das su\u0161enja las<\/li>\n<\/ul>","protected":false},"featured_media":10494,"template":"","meta":{"_acf_changed":false,"inline_featured_image":false,"_monsterinsights_skip_tracking":false,"_monsterinsights_sitenote_active":false,"_monsterinsights_sitenote_note":"","_monsterinsights_sitenote_category":0},"product_cat":[366,153],"product_tag":[],"aioseo_notices":[],"acf":[],"_links":{"self":[{"href":"https:\/\/shop.tjasha.si\/en\/wp-json\/wp\/v2\/product\/10493"}],"collection":[{"href":"https:\/\/shop.tjasha.si\/en\/wp-json\/wp\/v2\/product"}],"about":[{"href":"https:\/\/shop.tjasha.si\/en\/wp-json\/wp\/v2\/types\/product"}],"version-history":[{"count":1,"href":"https:\/\/shop.tjasha.si\/en\/wp-json\/wp\/v2\/product\/10493\/revisions"}],"predecessor-version":[{"id":10495,"href":"https:\/\/shop.tjasha.si\/en\/wp-json\/wp\/v2\/product\/10493\/revisions\/10495"}],"wp:featuredmedia":[{"embeddable":true,"href":"https:\/\/shop.tjasha.si\/en\/wp-json\/wp\/v2\/media\/10494"}],"wp:attachment":[{"href":"https:\/\/shop.tjasha.si\/en\/wp-json\/wp\/v2\/media?parent=10493"}],"wp:term":[{"taxonomy":"product_cat","embeddable":true,"href":"https:\/\/shop.tjasha.si\/en\/wp-json\/wp\/v2\/product_cat?post=10493"},{"taxonomy":"product_tag","embeddable":true,"href":"https:\/\/shop.tjasha.si\/en\/wp-json\/wp\/v2\/product_tag?post=10493"}],"curies":[{"name":"wp","href":"https:\/\/api.w.org\/{rel}","templated":true}]}}