{"id":10523,"date":"2024-07-02T09:25:46","date_gmt":"2024-07-02T09:25:46","guid":{"rendered":"https:\/\/shop.tjasha.si\/?post_type=product&#038;p=10523"},"modified":"2024-07-02T09:25:46","modified_gmt":"2024-07-02T09:25:46","slug":"color-maintainer-conditioner-regenerator-za-barvan-las-300-ml","status":"publish","type":"product","link":"https:\/\/shop.tjasha.si\/en\/trgovina\/color-maintainer-conditioner-regenerator-za-barvan-las-300-ml\/","title":{"rendered":"Color Maintainer Conditioner &#8211; Regenerator za barvan las 300 ml"},"content":{"rendered":"<p><strong>Uporaba<\/strong><\/p>\n<div class=\"collapsible-tab__text\">\n<ul>\n<li><span class=\"metafield-multi_line_text_field\">nanesite z vtiranjem na \u010diste in vla\u017ene las<\/span><\/li>\n<li><span class=\"metafield-multi_line_text_field\">raz\u010de\u0161ite in pustite delovati 2 do 5 minut<\/span><\/li>\n<li><span class=\"metafield-multi_line_text_field\">temeljito sperite<\/span><\/li>\n<li><span class=\"metafield-multi_line_text_field\">nadaljujte z \u017eelenim oblikovanjem.<\/span><\/li>\n<\/ul>\n<p><strong>Sestavine<\/strong><\/p>\n<div class=\"collapsible-tab__text\">\n<p><span class=\"metafield-multi_line_text_field\">Aqua (Water), Cetearyl Alcohol, Cetrimonium Chloride, Glycerin, Behenyl Alcohol, Parfum (Fragrance),Tocophereryl Acetate, Hydrolized Milk Protein, , Butylene Glycol, Heliantus Annuus Seed Extract (Heliantus Annuus (Sunflower) Seed Extract), Citric Acid, Magnesium Nitrate, Magnesium Chloride, Methylchloroisothiazolinone, Methylisothiazolinone. Phenoxyethanol, Glycine, Sodium Lactate, Sodium Citrate.<\/span><\/p>\n<\/div>\n<\/div>","protected":false},"excerpt":{"rendered":"<p><strong>Color Maintainer Conditioner &#8211; Regenerator za barvan las<\/strong><\/p>\n<ul>\n<li>regenerator za barvane lase<\/li>\n<li>lasem daje mehkobo in hkrati krepi strukturo barvanih las<\/li>\n<li>lase pusti mehke, sijo\u010de, mo\u010dne in jih ob tem ne obte\u017ei<\/li>\n<li>zahvaljujo\u010d formuli ohranja intenzivnost in barvo las<\/li>\n<li>ohranja optimalno ravnovesje vlage in ohranja celovitost barve<\/li>\n<li>negovalne in vla\u017eilne snovi pomirjajo in negujejo lasi\u0161\u010de in lase<\/li>\n<li>ekskluzivna sestavina Integrity 41 zagotavlja bolj\u0161o in dolgotrajnej\u0161o obstojnost barve<\/li>\n<\/ul>","protected":false},"featured_media":10524,"template":"","meta":{"_acf_changed":false,"inline_featured_image":false,"_monsterinsights_skip_tracking":false,"_monsterinsights_sitenote_active":false,"_monsterinsights_sitenote_note":"","_monsterinsights_sitenote_category":0},"product_cat":[366,153],"product_tag":[],"aioseo_notices":[],"acf":[],"_links":{"self":[{"href":"https:\/\/shop.tjasha.si\/en\/wp-json\/wp\/v2\/product\/10523"}],"collection":[{"href":"https:\/\/shop.tjasha.si\/en\/wp-json\/wp\/v2\/product"}],"about":[{"href":"https:\/\/shop.tjasha.si\/en\/wp-json\/wp\/v2\/types\/product"}],"version-history":[{"count":1,"href":"https:\/\/shop.tjasha.si\/en\/wp-json\/wp\/v2\/product\/10523\/revisions"}],"predecessor-version":[{"id":10525,"href":"https:\/\/shop.tjasha.si\/en\/wp-json\/wp\/v2\/product\/10523\/revisions\/10525"}],"wp:featuredmedia":[{"embeddable":true,"href":"https:\/\/shop.tjasha.si\/en\/wp-json\/wp\/v2\/media\/10524"}],"wp:attachment":[{"href":"https:\/\/shop.tjasha.si\/en\/wp-json\/wp\/v2\/media?parent=10523"}],"wp:term":[{"taxonomy":"product_cat","embeddable":true,"href":"https:\/\/shop.tjasha.si\/en\/wp-json\/wp\/v2\/product_cat?post=10523"},{"taxonomy":"product_tag","embeddable":true,"href":"https:\/\/shop.tjasha.si\/en\/wp-json\/wp\/v2\/product_tag?post=10523"}],"curies":[{"name":"wp","href":"https:\/\/api.w.org\/{rel}","templated":true}]}}