{"id":10529,"date":"2024-07-02T09:29:28","date_gmt":"2024-07-02T09:29:28","guid":{"rendered":"https:\/\/shop.tjasha.si\/?post_type=product&#038;p=10529"},"modified":"2024-07-02T09:29:28","modified_gmt":"2024-07-02T09:29:28","slug":"color-maintainer-mask-maska-za-barvan-las-200-ml","status":"publish","type":"product","link":"https:\/\/shop.tjasha.si\/en\/trgovina\/color-maintainer-mask-maska-za-barvan-las-200-ml\/","title":{"rendered":"Color Maintainer Mask &#8211; Maska za barvan las 200 ml"},"content":{"rendered":"<p><strong>Uporaba<\/strong><\/p>\n<div class=\"collapsible-tab__text\">\n<ul>\n<li><span class=\"metafield-multi_line_text_field\">razporedite po \u010distih vla\u017enih laseh<\/span><\/li>\n<li><span class=\"metafield-multi_line_text_field\">pustite delovati od 3 do 5 minut, raz\u010de\u0161ite in sperite.<\/span><\/li>\n<li><span class=\"metafield-multi_line_text_field\">pri posebej po\u0161kodovanih laseh lase pokrijte s pokrivalom in jih 5 minut pustite pod virom toplote, ohladite in nato izperite.<\/span><\/li>\n<\/ul>\n<p><strong>Sestavine<\/strong><\/p>\n<div class=\"collapsible-tab__text\">\n<p><span class=\"metafield-multi_line_text_field\">Aqua (Water), Myristyl Alcohol, Cetrimonium Chloride, Propylheptyl Caprylate, Behentrimonium Chloride, Hydrogenated Castor Oil\/Sebacic Acid Copolymer, Polyglyceryl-3 PCA, Dimethicone, Ethylhexyl Cocoate, Cetearyl Alcohol, Cocos Nucifera (Coconut) Oil, Hydrolyzed Quinoa, Hydrolyzed Milk Protein, Helianthus Annuus (Sunflower) Seed Extract, Butylene Glycol, Parfum (Fragrance), Coumarin, Limonene, Benzyl Alcohol, Glyceryl Caprylate, Glyceryl Undecylenate, Lactic Acid.<\/span><\/p>\n<\/div>\n<\/div>","protected":false},"excerpt":{"rendered":"<p><strong>Color Maintainer Mask &#8211; Maska za barvan las<\/strong><\/p>\n<ul>\n<li>intenzivna nega za barvane lase<\/li>\n<li>lasem daje mehkobo in hkrati krepi strukturo barvanih las<\/li>\n<li>lase pusti mehke, sijo\u010de, mo\u010dne in jih ob tem ne obte\u017ei<\/li>\n<li>zahvaljujo\u010d formuli ohranja intenzivnost in barvo las<\/li>\n<\/ul>","protected":false},"featured_media":10530,"template":"","meta":{"_acf_changed":false,"inline_featured_image":false,"_monsterinsights_skip_tracking":false,"_monsterinsights_sitenote_active":false,"_monsterinsights_sitenote_note":"","_monsterinsights_sitenote_category":0},"product_cat":[366,153],"product_tag":[],"aioseo_notices":[],"acf":[],"_links":{"self":[{"href":"https:\/\/shop.tjasha.si\/en\/wp-json\/wp\/v2\/product\/10529"}],"collection":[{"href":"https:\/\/shop.tjasha.si\/en\/wp-json\/wp\/v2\/product"}],"about":[{"href":"https:\/\/shop.tjasha.si\/en\/wp-json\/wp\/v2\/types\/product"}],"version-history":[{"count":1,"href":"https:\/\/shop.tjasha.si\/en\/wp-json\/wp\/v2\/product\/10529\/revisions"}],"predecessor-version":[{"id":10531,"href":"https:\/\/shop.tjasha.si\/en\/wp-json\/wp\/v2\/product\/10529\/revisions\/10531"}],"wp:featuredmedia":[{"embeddable":true,"href":"https:\/\/shop.tjasha.si\/en\/wp-json\/wp\/v2\/media\/10530"}],"wp:attachment":[{"href":"https:\/\/shop.tjasha.si\/en\/wp-json\/wp\/v2\/media?parent=10529"}],"wp:term":[{"taxonomy":"product_cat","embeddable":true,"href":"https:\/\/shop.tjasha.si\/en\/wp-json\/wp\/v2\/product_cat?post=10529"},{"taxonomy":"product_tag","embeddable":true,"href":"https:\/\/shop.tjasha.si\/en\/wp-json\/wp\/v2\/product_tag?post=10529"}],"curies":[{"name":"wp","href":"https:\/\/api.w.org\/{rel}","templated":true}]}}