{"id":10535,"date":"2024-07-02T09:33:47","date_gmt":"2024-07-02T09:33:47","guid":{"rendered":"https:\/\/shop.tjasha.si\/?post_type=product&#038;p=10535"},"modified":"2024-07-02T09:33:48","modified_gmt":"2024-07-02T09:33:48","slug":"make-my-day-conditioner-univerzalni-regenerator-250-ml","status":"publish","type":"product","link":"https:\/\/shop.tjasha.si\/en\/trgovina\/make-my-day-conditioner-univerzalni-regenerator-250-ml\/","title":{"rendered":"Make my Day Conditioner &#8211; Univerzalni regenerator 250 ml"},"content":{"rendered":"<p><strong>Uporaba<\/strong><\/p>\n<div class=\"collapsible-tab__text\">\n<ul>\n<li><span class=\"metafield-multi_line_text_field\">enakomerno razporedite po \u010distih, vla\u017enih laseh<br \/>\n<\/span><\/li>\n<li><span class=\"metafield-multi_line_text_field\">pustite delovati nekaj minut in sperite<br \/>\n<\/span><\/li>\n<li><span class=\"metafield-multi_line_text_field\">nadaljujte z uporabo milk_shake\u00ae whipped cream za intenzivnej\u0161o nego<\/span><\/li>\n<\/ul>\n<p><strong>Sestavine<\/strong><\/p>\n<div class=\"collapsible-tab__text\">\n<p><span class=\"metafield-multi_line_text_field\">Aqua (water), Cetyl Alcohol, Glycerin, Decyl Oleate, Cetrimonium Chloride, Butyrospermum Parkii (Shea) Butter, Coco-Caprylate, Cetearyl Alcohol, Dicaprylyl Carbonate, Caprylic\/Capric Triglyceride, Behenyl Alcohol, PEG-20 Stearate, Oryza Sativa (rice) Bran Oil, Tocopheryl Acetate, Persea Gratissima (Avocado) Oil, Hydrolyzed Milk Protein, Helianthus Annuus (Sunflower) Seed Extract, Rubus Odaeus (Raspberry) Leaf Extract, Lycium Barbarum Fruit Extract, Fragaria Ananassa (Strawberry) Fruit Extract, Ethylhexyl Methoxycinnamate, Parfum (Fragrance), Citric Acid, Benzyl Alcohol, Ethylexylglycerin, Butylene Glycol, Glycine, Sodium Lactate, Phenoxyethanol, Sodium Benzoate, Potassium Sorbate, Sodium Citrate.<\/p>\n<p>Pozor: Navedene sestavine se lahko nekoliko razlikujejo od prejetih izdelkov. Pred uporabo si oglejte embala\u017eo za najnovej\u0161e informacije o sestavinah in morebitna opozorila ali navodila.<\/span><\/p>\n<\/div>\n<\/div>","protected":false},"excerpt":{"rendered":"<p><strong>Make my Day Conditioner &#8211; Univerzalni regenerator<\/strong><\/p>\n<ul>\n<li>regenerator\u00a0za lase je odli\u010den prvi korak v svet milk_shake-a, saj vsebuje njihov ikoni\u010dni vonj sladke vanilije, zna\u010dilne mle\u010dne beljakovine in sadne izvle\u010dke<\/li>\n<li>izdelki, ustvarjeni za preoblikovanje va\u0161e rutine \u010di\u0161\u010denja v prilo\u017enost, da vsak dan postane dober dan<\/li>\n<li>\u010dudovite, kremaste, mehke teksture, neustavljiv vonj po vaniliji, sestavine naravnega izvora<\/li>\n<\/ul>","protected":false},"featured_media":10536,"template":"","meta":{"_acf_changed":false,"inline_featured_image":false,"_monsterinsights_skip_tracking":false,"_monsterinsights_sitenote_active":false,"_monsterinsights_sitenote_note":"","_monsterinsights_sitenote_category":0},"product_cat":[366,153],"product_tag":[],"aioseo_notices":[],"acf":[],"_links":{"self":[{"href":"https:\/\/shop.tjasha.si\/en\/wp-json\/wp\/v2\/product\/10535"}],"collection":[{"href":"https:\/\/shop.tjasha.si\/en\/wp-json\/wp\/v2\/product"}],"about":[{"href":"https:\/\/shop.tjasha.si\/en\/wp-json\/wp\/v2\/types\/product"}],"version-history":[{"count":1,"href":"https:\/\/shop.tjasha.si\/en\/wp-json\/wp\/v2\/product\/10535\/revisions"}],"predecessor-version":[{"id":10537,"href":"https:\/\/shop.tjasha.si\/en\/wp-json\/wp\/v2\/product\/10535\/revisions\/10537"}],"wp:featuredmedia":[{"embeddable":true,"href":"https:\/\/shop.tjasha.si\/en\/wp-json\/wp\/v2\/media\/10536"}],"wp:attachment":[{"href":"https:\/\/shop.tjasha.si\/en\/wp-json\/wp\/v2\/media?parent=10535"}],"wp:term":[{"taxonomy":"product_cat","embeddable":true,"href":"https:\/\/shop.tjasha.si\/en\/wp-json\/wp\/v2\/product_cat?post=10535"},{"taxonomy":"product_tag","embeddable":true,"href":"https:\/\/shop.tjasha.si\/en\/wp-json\/wp\/v2\/product_tag?post=10535"}],"curies":[{"name":"wp","href":"https:\/\/api.w.org\/{rel}","templated":true}]}}