{"id":10538,"date":"2024-07-02T09:37:08","date_gmt":"2024-07-02T09:37:08","guid":{"rendered":"https:\/\/shop.tjasha.si\/?post_type=product&#038;p=10538"},"modified":"2024-07-02T09:37:09","modified_gmt":"2024-07-02T09:37:09","slug":"make-my-day-booster-serum-za-masko-papaja","status":"publish","type":"product","link":"https:\/\/shop.tjasha.si\/en\/trgovina\/make-my-day-booster-serum-za-masko-papaja\/","title":{"rendered":"Make my Day Booster &#8211; Serum za masko PAPAJA"},"content":{"rendered":"<p><strong>Uporaba<\/strong><\/p>\n<div class=\"collapsible-tab__text\">\n<ul>\n<li><span class=\"metafield-multi_line_text_field\">zme\u0161aj vsebino ene vre\u010dke Make my Day maske z vsebino ene vre\u010dke poljubnega Make my Day Booster<br \/>\n<\/span><\/li>\n<li><span class=\"metafield-multi_line_text_field\">nanesi na \u010diste, vla\u017ene lase na konice in dol\u017eino<br \/>\n<\/span><\/li>\n<li><span class=\"metafield-multi_line_text_field\">pusti delovati 10 minut, nato temeljito izperi<\/span><\/li>\n<\/ul>\n<p><strong>Sestavine<\/strong><\/p>\n<div class=\"collapsible-tab__text\">\n<p><span class=\"metafield-multi_line_text_field\">PAPAJA:<br \/>\nIngredients: Aqua (Water), Oryza Sativa (Rice) Extract, Opuntia Ficus-Indica Fruit Extract, Carica Papaya (Papaya) Fruit Extract, Saccharomyces Ferment Lysate Filtrate, PPG-26-Buteth-26, PEG-40 Hydrogenated Castor Oil, Ethylhexyl Methoxycinnamate, Butyl Methoxydibenzoylmethane, Ethylhexyl Salicylate, Citric Acid, Potassium Sorbate, Sodium Benzoate, CI 16035 (Red 40), CI 47005 (Yellow 10).<\/span><\/p>\n<\/div>\n<p>Pozor: Pred uporabo si oglejte embala\u017eo za najnovej\u0161e informacije o sestavinah in morebitna opozorila ali navodila.<\/p>\n<\/div>","protected":false},"excerpt":{"rendered":"<p><strong>Make my Day Booster &#8211; Serum za masko<\/strong><\/p>\n<ul>\n<li>booster za lase bo va\u0161e lase okrepil ter jim povrnil mehkobo in sijaj<\/li>\n<li>posebna formula bo v kombinaciji skupaj z Make my Day Masko va\u0161e lase nahranila ter jim povrnila elasti\u010dnost<\/li>\n<\/ul>\n<p>\/\u00a0PAPAJA \u2013 za mo\u010dne in suhe lase<\/p>","protected":false},"featured_media":10539,"template":"","meta":{"_acf_changed":false,"inline_featured_image":false,"_monsterinsights_skip_tracking":false,"_monsterinsights_sitenote_active":false,"_monsterinsights_sitenote_note":"","_monsterinsights_sitenote_category":0},"product_cat":[366,153],"product_tag":[],"aioseo_notices":[],"acf":[],"_links":{"self":[{"href":"https:\/\/shop.tjasha.si\/en\/wp-json\/wp\/v2\/product\/10538"}],"collection":[{"href":"https:\/\/shop.tjasha.si\/en\/wp-json\/wp\/v2\/product"}],"about":[{"href":"https:\/\/shop.tjasha.si\/en\/wp-json\/wp\/v2\/types\/product"}],"version-history":[{"count":1,"href":"https:\/\/shop.tjasha.si\/en\/wp-json\/wp\/v2\/product\/10538\/revisions"}],"predecessor-version":[{"id":10540,"href":"https:\/\/shop.tjasha.si\/en\/wp-json\/wp\/v2\/product\/10538\/revisions\/10540"}],"wp:featuredmedia":[{"embeddable":true,"href":"https:\/\/shop.tjasha.si\/en\/wp-json\/wp\/v2\/media\/10539"}],"wp:attachment":[{"href":"https:\/\/shop.tjasha.si\/en\/wp-json\/wp\/v2\/media?parent=10538"}],"wp:term":[{"taxonomy":"product_cat","embeddable":true,"href":"https:\/\/shop.tjasha.si\/en\/wp-json\/wp\/v2\/product_cat?post=10538"},{"taxonomy":"product_tag","embeddable":true,"href":"https:\/\/shop.tjasha.si\/en\/wp-json\/wp\/v2\/product_tag?post=10538"}],"curies":[{"name":"wp","href":"https:\/\/api.w.org\/{rel}","templated":true}]}}