{"id":10547,"date":"2024-07-02T09:45:45","date_gmt":"2024-07-02T09:45:45","guid":{"rendered":"https:\/\/shop.tjasha.si\/?post_type=product&#038;p=10547"},"modified":"2024-07-02T09:45:45","modified_gmt":"2024-07-02T09:45:45","slug":"make-my-day-mask-negovalna-osnova-za-booster-6-x-30-ml","status":"publish","type":"product","link":"https:\/\/shop.tjasha.si\/en\/trgovina\/make-my-day-mask-negovalna-osnova-za-booster-6-x-30-ml\/","title":{"rendered":"Make my Day Mask &#8211; Negovalna osnova za booster 6 x 30 ml"},"content":{"rendered":"<p><strong>Uporaba<\/strong><\/p>\n<div class=\"collapsible-tab__text\">\n<ul>\n<li><span class=\"metafield-multi_line_text_field\">zme\u0161aj vsebino ene vre\u010dke Make my Day maske z vsebino ene vre\u010dke poljubnega Make my Day Booster<br \/>\n<\/span><\/li>\n<li><span class=\"metafield-multi_line_text_field\">nanesi na \u010diste, vla\u017ene lase na konice in dol\u017eino<br \/>\n<\/span><\/li>\n<li><span class=\"metafield-multi_line_text_field\">pusti delovati 10 minut, nato temeljito izperi<\/span><\/li>\n<\/ul>\n<p><strong>Sestavine<\/strong><\/p>\n<div class=\"collapsible-tab__text\">\n<p><span class=\"metafield-multi_line_text_field\">Aqua (Water), Cetyl Alcohol, Glycerin, Decyl Oleate, Cetrimonium Chloride, Butyrospermum Parkii (Shea) Butter, Coco-Caprylate, Cetearyl Alcohol, Dicaprylyl Carbonate, Caprylic\/Capric Triglyceride, Behenyl Alcohol, PEG-20 Stearate, Oryza Sativa (Rice) Bran Oil, Tocopheryl Acetate, Persea Gratissima (Avocado) Oil, Hydrolyzed Milk Protein, Helianthus Annuus (Sunflower) Seed Extract, Rubus Idaeus (Raspberry) Leaf Extract, Lycium Barbarum Fruit Extract, Fragaria Ananassa (Strawberry) Fruit Extract, Ethylhexyl Methoxycinnamate, Parfum (Fragrance), Citric Acid, Benzyl Alcohol, Ethylhexylglycerin, Butylene Glycol, Glycine, Sodium Lactate, Phenoxyethanol, Sodium Benzoate, Potassium Sorbate, Sodium Citrate.<\/p>\n<p>Pozor: Pred uporabo si oglejte embala\u017eo za najnovej\u0161e informacije o sestavinah in morebitna opozorila ali navodila.<\/span><\/p>\n<\/div>\n<\/div>","protected":false},"excerpt":{"rendered":"<p><strong>Make my Day Mask &#8211; Negovalna osnova za booster<\/strong><\/p>\n<ul>\n<li>\u00a0globinsko negovalna mle\u010dna maska za super mehke in sijo\u010de lase<\/li>\n<li>za optimalne rezultate je potrebno masko uporabiti skupaj z\u00a0<strong>milk_shake booster papaja\/jagoda\/borovnica<\/strong><\/li>\n<li>Primerna je za vse tipe las saj obnavlja elasti\u010dnost in vra\u010da mehkobo lasem<\/li>\n<li>maska ob uporabi z Make my Day Booster lasem pomaga povrniti specifi\u010dne lastnosti.<\/li>\n<\/ul>","protected":false},"featured_media":10548,"template":"","meta":{"_acf_changed":false,"inline_featured_image":false,"_monsterinsights_skip_tracking":false,"_monsterinsights_sitenote_active":false,"_monsterinsights_sitenote_note":"","_monsterinsights_sitenote_category":0},"product_cat":[366,153],"product_tag":[],"aioseo_notices":[],"acf":[],"_links":{"self":[{"href":"https:\/\/shop.tjasha.si\/en\/wp-json\/wp\/v2\/product\/10547"}],"collection":[{"href":"https:\/\/shop.tjasha.si\/en\/wp-json\/wp\/v2\/product"}],"about":[{"href":"https:\/\/shop.tjasha.si\/en\/wp-json\/wp\/v2\/types\/product"}],"version-history":[{"count":1,"href":"https:\/\/shop.tjasha.si\/en\/wp-json\/wp\/v2\/product\/10547\/revisions"}],"predecessor-version":[{"id":10549,"href":"https:\/\/shop.tjasha.si\/en\/wp-json\/wp\/v2\/product\/10547\/revisions\/10549"}],"wp:featuredmedia":[{"embeddable":true,"href":"https:\/\/shop.tjasha.si\/en\/wp-json\/wp\/v2\/media\/10548"}],"wp:attachment":[{"href":"https:\/\/shop.tjasha.si\/en\/wp-json\/wp\/v2\/media?parent=10547"}],"wp:term":[{"taxonomy":"product_cat","embeddable":true,"href":"https:\/\/shop.tjasha.si\/en\/wp-json\/wp\/v2\/product_cat?post=10547"},{"taxonomy":"product_tag","embeddable":true,"href":"https:\/\/shop.tjasha.si\/en\/wp-json\/wp\/v2\/product_tag?post=10547"}],"curies":[{"name":"wp","href":"https:\/\/api.w.org\/{rel}","templated":true}]}}