{"id":10566,"date":"2024-07-02T09:58:36","date_gmt":"2024-07-02T09:58:36","guid":{"rendered":"https:\/\/shop.tjasha.si\/?post_type=product&#038;p=10566"},"modified":"2024-07-02T09:58:37","modified_gmt":"2024-07-02T09:58:37","slug":"integrity-intensive-treatment-maska-za-poskodovan-las-500-ml","status":"publish","type":"product","link":"https:\/\/shop.tjasha.si\/en\/trgovina\/integrity-intensive-treatment-maska-za-poskodovan-las-500-ml\/","title":{"rendered":"Integrity Intensive Treatment &#8211; Maska za po\u0161kodovan las 500 ml"},"content":{"rendered":"<p><strong>Uporaba<\/strong><\/p>\n<div class=\"collapsible-tab__text\">\n<ul>\n<li><span class=\"metafield-multi_line_text_field\">razporedite po \u010distih vla\u017enih laseh<br \/>\n<\/span><\/li>\n<li><span class=\"metafield-multi_line_text_field\">pustite delovati od 3 do 5 minut, raz\u010de\u0161ite in sperite.<br \/>\n<\/span><\/li>\n<li><span class=\"metafield-multi_line_text_field\">pri posebej po\u0161kodovanih laseh lase pokrijte s pokrivalom in jih 5 minut pustite pod virom toplote, ohladite in nato izperite.<\/span><\/li>\n<\/ul>\n<p><strong>Sestavine<\/strong><\/p>\n<div class=\"collapsible-tab__text\">\n<p><span class=\"metafield-multi_line_text_field\">Aqua (Water), Myristyl Alcohol, Cetrimonium Chloride, Propylheptyl Caprylate, Dimethicone, Ethylhexyl Cocoate, Cocos Nucifera (Coconut) Oil, Astrocaryum Murumuru Seed Butter, Hydrolyzed Keratin, Tocopherol, Diazolidinyl Urea, Sodium Benzoate, Potassium Sorbate, Lactic Acid, Glycine Soja (Soybean) Oil, Lactobacillus Ferment, Phenoxyethanol, Parfum (Fragrance).<\/span><\/p>\n<\/div>\n<\/div>","protected":false},"excerpt":{"rendered":"<p><strong>Integrity Intensive Treatment &#8211; Maska za po\u0161kodovan las<\/strong><\/p>\n<ul>\n<li>maska za lase vsebuje posebno formulo za globinsko negovanje las in odpravo naelektrenosti<\/li>\n<li>zapre povrhnjico las in omogo\u010da la\u017eje raz\u010desevanje<\/li>\n<li>lasem daje mehkobo in sijaj<\/li>\n<li>za vse vrste las<\/li>\n<\/ul>","protected":false},"featured_media":10567,"template":"","meta":{"_acf_changed":false,"inline_featured_image":false,"_monsterinsights_skip_tracking":false,"_monsterinsights_sitenote_active":false,"_monsterinsights_sitenote_note":"","_monsterinsights_sitenote_category":0},"product_cat":[366,153],"product_tag":[],"aioseo_notices":[],"acf":[],"_links":{"self":[{"href":"https:\/\/shop.tjasha.si\/en\/wp-json\/wp\/v2\/product\/10566"}],"collection":[{"href":"https:\/\/shop.tjasha.si\/en\/wp-json\/wp\/v2\/product"}],"about":[{"href":"https:\/\/shop.tjasha.si\/en\/wp-json\/wp\/v2\/types\/product"}],"version-history":[{"count":1,"href":"https:\/\/shop.tjasha.si\/en\/wp-json\/wp\/v2\/product\/10566\/revisions"}],"predecessor-version":[{"id":10568,"href":"https:\/\/shop.tjasha.si\/en\/wp-json\/wp\/v2\/product\/10566\/revisions\/10568"}],"wp:featuredmedia":[{"embeddable":true,"href":"https:\/\/shop.tjasha.si\/en\/wp-json\/wp\/v2\/media\/10567"}],"wp:attachment":[{"href":"https:\/\/shop.tjasha.si\/en\/wp-json\/wp\/v2\/media?parent=10566"}],"wp:term":[{"taxonomy":"product_cat","embeddable":true,"href":"https:\/\/shop.tjasha.si\/en\/wp-json\/wp\/v2\/product_cat?post=10566"},{"taxonomy":"product_tag","embeddable":true,"href":"https:\/\/shop.tjasha.si\/en\/wp-json\/wp\/v2\/product_tag?post=10566"}],"curies":[{"name":"wp","href":"https:\/\/api.w.org\/{rel}","templated":true}]}}