{"id":10569,"date":"2024-07-02T10:00:52","date_gmt":"2024-07-02T10:00:52","guid":{"rendered":"https:\/\/shop.tjasha.si\/?post_type=product&#038;p=10569"},"modified":"2024-07-02T10:00:52","modified_gmt":"2024-07-02T10:00:52","slug":"integrity-incredible-oil-olje-za-lase-v-razprsilu-50-ml","status":"publish","type":"product","link":"https:\/\/shop.tjasha.si\/en\/trgovina\/integrity-incredible-oil-olje-za-lase-v-razprsilu-50-ml\/","title":{"rendered":"Integrity Incredible Oil &#8211; Olje za lase v razpr\u0161ilu 50 ml"},"content":{"rendered":"<p><strong>Uporaba<\/strong><\/p>\n<div class=\"collapsible-tab__text\">\n<ul>\n<li><span class=\"metafield-multi_line_text_field\">na \u010diste in vla\u017ene lase pred oblikovanjem nanesite milk_shake incredible oil<br \/>\n<\/span><\/li>\n<li><span class=\"metafield-multi_line_text_field\">lahko ga razpr\u0161ite tudi na suhe lase za u\u010dinek visokega sijaja<\/span><\/li>\n<\/ul>\n<p><strong>Sestavine<\/strong><\/p>\n<div class=\"collapsible-tab__text\">\n<p><span class=\"metafield-multi_line_text_field\">Cyclopentasiloxane, Dimethicone, C12-15 Alkyl Benzoate, Amodimethicone, Argania Spinosa Kernel Oil, Astrocaryum Murumuru Seed Butter, Tocopherol, Shea Butter Ethyl Esters, Parfum (Fragrance), CI 47000 (Yellow 11), CI 26100 (Red 17), CI 60725 (Violet 2), CI 61565 (Green 6).<\/span><\/p>\n<\/div>\n<\/div>","protected":false},"excerpt":{"rendered":"<p><strong>Integrity Incredible Oil &#8211; Olje za lase v razpr\u0161ilu<\/strong><\/p>\n<ul>\n<li>olje je intenzivna negovalna nega, zasnovana za prepre\u010devanje razcepljenih konic in za\u0161\u010dito las pred vro\u010dino su\u0161enja, likalnikov ter drugimi stresnimi dejavniki, ki slabijo lase<\/li>\n<li>poudari mo\u010d in mehkobo las<\/li>\n<li>vsebuje ekskluzivno me\u0161anico zelo u\u010dinkovitih in luksuznih aktivnih sestavin, ki popravljajo, \u0161\u010ditijo in prepre\u010dujejo po\u0161kodbe<\/li>\n<li>idealno je za vse vrste las.<\/li>\n<\/ul>","protected":false},"featured_media":10570,"template":"","meta":{"_acf_changed":false,"inline_featured_image":false,"_monsterinsights_skip_tracking":false,"_monsterinsights_sitenote_active":false,"_monsterinsights_sitenote_note":"","_monsterinsights_sitenote_category":0},"product_cat":[366,153],"product_tag":[],"aioseo_notices":[],"acf":[],"_links":{"self":[{"href":"https:\/\/shop.tjasha.si\/en\/wp-json\/wp\/v2\/product\/10569"}],"collection":[{"href":"https:\/\/shop.tjasha.si\/en\/wp-json\/wp\/v2\/product"}],"about":[{"href":"https:\/\/shop.tjasha.si\/en\/wp-json\/wp\/v2\/types\/product"}],"version-history":[{"count":1,"href":"https:\/\/shop.tjasha.si\/en\/wp-json\/wp\/v2\/product\/10569\/revisions"}],"predecessor-version":[{"id":10571,"href":"https:\/\/shop.tjasha.si\/en\/wp-json\/wp\/v2\/product\/10569\/revisions\/10571"}],"wp:featuredmedia":[{"embeddable":true,"href":"https:\/\/shop.tjasha.si\/en\/wp-json\/wp\/v2\/media\/10570"}],"wp:attachment":[{"href":"https:\/\/shop.tjasha.si\/en\/wp-json\/wp\/v2\/media?parent=10569"}],"wp:term":[{"taxonomy":"product_cat","embeddable":true,"href":"https:\/\/shop.tjasha.si\/en\/wp-json\/wp\/v2\/product_cat?post=10569"},{"taxonomy":"product_tag","embeddable":true,"href":"https:\/\/shop.tjasha.si\/en\/wp-json\/wp\/v2\/product_tag?post=10569"}],"curies":[{"name":"wp","href":"https:\/\/api.w.org\/{rel}","templated":true}]}}