{"id":10578,"date":"2024-07-02T10:08:57","date_gmt":"2024-07-02T10:08:57","guid":{"rendered":"https:\/\/shop.tjasha.si\/?post_type=product&#038;p=10578"},"modified":"2024-07-02T10:08:57","modified_gmt":"2024-07-02T10:08:57","slug":"integrity-reconstruction-system-profesionalna-lasna-nega-fibre-sealant-phase-b-500ml","status":"publish","type":"product","link":"https:\/\/shop.tjasha.si\/en\/trgovina\/integrity-reconstruction-system-profesionalna-lasna-nega-fibre-sealant-phase-b-500ml\/","title":{"rendered":"Integrity Reconstruction System &#8211; profesionalna lasna nega  Fibre Sealant \/ phase B 500ml"},"content":{"rendered":"<p><strong>Uporaba<\/strong><\/p>\n<div class=\"collapsible-tab__text\">\n<p><span class=\"metafield-multi_line_text_field\">KORAK 1 _ lase umijete z deep cleansing \u0161amponom, nato lase osu\u0161ite z brisa\u010do.<br \/>\nKORAK 2 _ na dol\u017eino las nanesite rebuilder A, nato lase osu\u0161imo 70 %.<br \/>\nKORAK 3 _ na dol\u017eino nanesemo fibre sealant B, postavimo pod vir toplote za 10minut!<br \/>\nKORAK 4 _ nato speremo, nanesemo integrity masko ali regenerator ter speremo.<br \/>\nKORAK 5 _ pred su\u0161enjem na dol\u017eino nanesemo leave in, nato osu\u0161imo lase.<\/span><\/p>\n<\/div>","protected":false},"excerpt":{"rendered":"<p>Ste naveli\u010dani po\u0161kodovanih, krhkih in pustih las? Integrity reconstruction system je inovativni obnovitveni sistem, ki obnovi klju\u010dne lasne komponente in jim vrne maksimalni lepotni potencial. Lasje dobijo nazaj to kar rabijo: keratin, beljakovine in aminokisline. Va\u0161i lasje pa bodo mo\u010dnej\u0161i in bolj zdravi od znotraj navzven.<\/p>\n<p>&nbsp;<\/p>","protected":false},"featured_media":10579,"template":"","meta":{"_acf_changed":false,"inline_featured_image":false,"_monsterinsights_skip_tracking":false,"_monsterinsights_sitenote_active":false,"_monsterinsights_sitenote_note":"","_monsterinsights_sitenote_category":0},"product_cat":[366,153],"product_tag":[],"aioseo_notices":[],"acf":[],"_links":{"self":[{"href":"https:\/\/shop.tjasha.si\/en\/wp-json\/wp\/v2\/product\/10578"}],"collection":[{"href":"https:\/\/shop.tjasha.si\/en\/wp-json\/wp\/v2\/product"}],"about":[{"href":"https:\/\/shop.tjasha.si\/en\/wp-json\/wp\/v2\/types\/product"}],"version-history":[{"count":1,"href":"https:\/\/shop.tjasha.si\/en\/wp-json\/wp\/v2\/product\/10578\/revisions"}],"predecessor-version":[{"id":10580,"href":"https:\/\/shop.tjasha.si\/en\/wp-json\/wp\/v2\/product\/10578\/revisions\/10580"}],"wp:featuredmedia":[{"embeddable":true,"href":"https:\/\/shop.tjasha.si\/en\/wp-json\/wp\/v2\/media\/10579"}],"wp:attachment":[{"href":"https:\/\/shop.tjasha.si\/en\/wp-json\/wp\/v2\/media?parent=10578"}],"wp:term":[{"taxonomy":"product_cat","embeddable":true,"href":"https:\/\/shop.tjasha.si\/en\/wp-json\/wp\/v2\/product_cat?post=10578"},{"taxonomy":"product_tag","embeddable":true,"href":"https:\/\/shop.tjasha.si\/en\/wp-json\/wp\/v2\/product_tag?post=10578"}],"curies":[{"name":"wp","href":"https:\/\/api.w.org\/{rel}","templated":true}]}}