{"id":10596,"date":"2024-07-02T10:19:54","date_gmt":"2024-07-02T10:19:54","guid":{"rendered":"https:\/\/shop.tjasha.si\/?post_type=product&#038;p=10596"},"modified":"2024-07-02T10:19:55","modified_gmt":"2024-07-02T10:19:55","slug":"volume-solution-shampoo-sampon-za-tanek-las-300-ml","status":"publish","type":"product","link":"https:\/\/shop.tjasha.si\/en\/trgovina\/volume-solution-shampoo-sampon-za-tanek-las-300-ml\/","title":{"rendered":"Volume Solution Shampoo &#8211; \u0160ampon za tanek las 300 ml"},"content":{"rendered":"<p><strong>Uporaba<\/strong><\/p>\n<div class=\"collapsible-tab__text\">\n<ul>\n<li><span class=\"metafield-multi_line_text_field\">enakomerno razporedite po vla\u017enih laseh, spenite in nato sperite.<br \/>\n<\/span><\/li>\n<li><span class=\"metafield-multi_line_text_field\">po potrebi ponovite<br \/>\n<\/span><\/li>\n<li><span class=\"metafield-multi_line_text_field\">nadaljujte z balzamom za volumen milk_shake\u00ae volume solution<\/span><\/li>\n<\/ul>\n<p><strong>Sestavine<\/strong><\/p>\n<div class=\"collapsible-tab__text\">\n<p><span class=\"metafield-multi_line_text_field\">Aqua (Water), Ammonium Lauryl Sulfate, Disodium Laureth Sulfosuccinate, Cocamidopropyl Betaine, Glycerin, Sodium Chloride, Polyquaternium-28, Lactitol, Xylitol, Hydrolyzed Milk Protein, Hydrolyzed Quinoa, Helianthus Annuus (Sunflower) Seed Extract, Hydrolyzed Rice Protein, Lycium Barbarum Fruit Extract, Fragaria Ananassa (Strawberry) Fruit Extract, Carica Papaya (Papaya) Fruit Extract, Saccharum Officinarum (Sugar Cane) Extract, Ethylhexyl Methoxycinnamate, Diethylamino Hydroxybenzoyl Hexyl Benzoate, Parfum (Fragrance), Methylchloroisothiazolinone, Methylisothiazolinone, Magnesium Nitrate, Magnesium Chloride, Citric Acid, Butylene Glycol, Glycine, Sodium Lactate, Sodium Citrate, Potassium Sorbate, Phenoxyethanol, Caprylyl Glycol, Sodium Benzoate, Benzyl Alcohol, Benzyl Benzoate, Benzyl Salicylate, Limonene, Linalool, CI 19140 (Yellow 5), CI 42090 (Blue 1).<\/span><\/p>\n<\/div>\n<\/div>","protected":false},"excerpt":{"rendered":"<p><strong>Volume Solution Shampoo &#8211; \u0160ampon za tanek las<\/strong><\/p>\n<ul>\n<li>\u0161ampon za pove\u010danje volumna za vse vrste las<\/li>\n<li>\u0161ampon brez parabenov\/lepil je bil razvit za pove\u010danje volumna, ne da bi obte\u017eil lase<\/li>\n<li>ne\u017eno o\u010disti s posebno formulo, ki vsebuje dragocene derivate sladkorja, ki preoblikujejo lase in pove\u010dajo njihov volumen<\/li>\n<\/ul>","protected":false},"featured_media":10597,"template":"","meta":{"_acf_changed":false,"inline_featured_image":false,"_monsterinsights_skip_tracking":false,"_monsterinsights_sitenote_active":false,"_monsterinsights_sitenote_note":"","_monsterinsights_sitenote_category":0},"product_cat":[366,153],"product_tag":[],"aioseo_notices":[],"acf":[],"_links":{"self":[{"href":"https:\/\/shop.tjasha.si\/en\/wp-json\/wp\/v2\/product\/10596"}],"collection":[{"href":"https:\/\/shop.tjasha.si\/en\/wp-json\/wp\/v2\/product"}],"about":[{"href":"https:\/\/shop.tjasha.si\/en\/wp-json\/wp\/v2\/types\/product"}],"version-history":[{"count":1,"href":"https:\/\/shop.tjasha.si\/en\/wp-json\/wp\/v2\/product\/10596\/revisions"}],"predecessor-version":[{"id":10598,"href":"https:\/\/shop.tjasha.si\/en\/wp-json\/wp\/v2\/product\/10596\/revisions\/10598"}],"wp:featuredmedia":[{"embeddable":true,"href":"https:\/\/shop.tjasha.si\/en\/wp-json\/wp\/v2\/media\/10597"}],"wp:attachment":[{"href":"https:\/\/shop.tjasha.si\/en\/wp-json\/wp\/v2\/media?parent=10596"}],"wp:term":[{"taxonomy":"product_cat","embeddable":true,"href":"https:\/\/shop.tjasha.si\/en\/wp-json\/wp\/v2\/product_cat?post=10596"},{"taxonomy":"product_tag","embeddable":true,"href":"https:\/\/shop.tjasha.si\/en\/wp-json\/wp\/v2\/product_tag?post=10596"}],"curies":[{"name":"wp","href":"https:\/\/api.w.org\/{rel}","templated":true}]}}