{"id":10608,"date":"2024-07-02T10:28:18","date_gmt":"2024-07-02T10:28:18","guid":{"rendered":"https:\/\/shop.tjasha.si\/?post_type=product&#038;p=10608"},"modified":"2024-07-02T10:28:18","modified_gmt":"2024-07-02T10:28:18","slug":"volume-solution-spray-sprej-za-volumen-175-ml","status":"publish","type":"product","link":"https:\/\/shop.tjasha.si\/en\/trgovina\/volume-solution-spray-sprej-za-volumen-175-ml\/","title":{"rendered":"Volume Solution Spray &#8211; Sprej za volumen 175 ml"},"content":{"rendered":"<p><strong>Uporaba<\/strong><\/p>\n<div class=\"collapsible-tab__text\">\n<ul>\n<li><span class=\"metafield-multi_line_text_field\">lasi\u0161\u010de razdeli na sekcije<br \/>\n<\/span><\/li>\n<li><span class=\"metafield-multi_line_text_field\">po sekcijah nanesi na \u010disto in umito lasi\u0161\u010de<br \/>\n<\/span><\/li>\n<li><span class=\"metafield-multi_line_text_field\">nadaljuj z oblikovanjem las<\/span><\/li>\n<\/ul>\n<p><strong>Sestavine<\/strong><\/p>\n<div class=\"collapsible-tab__text\">\n<p><span class=\"metafield-multi_line_text_field\">Aqua (Water)ammonium lauryl sulfatedisodium laureth sulfosuccinateCocamidopropyl BetaineGlycerinSodium ChloridePolyquaternium-28lactitolxylitolHydrolyzed Milk Proteinhydrolyzed quinoaHelianthus Annuus (Sunflower) Seed Extracthydrolyzed rice proteinlycium barbarum fruit extractfragaria ananassa (strawberry) fruit extractCarica Papaya (Papaya) Fruit ExtractSaccharum Officinarum (Sugar Cane) Extractethylhexyl methoxycinnamateDiethylamino Hydroxybenzoyl Hexyl BenzoateParfum (Fragrance)methylchloroisothiazolinonemethylisothiazolinonemagnesium nitratemagnesium chlorideCitric AcidButylene Glycolglycinesodium lactateSodium CitratePotassium SorbatePhenoxyethanolCaprylyl GlycolSodium BenzoateBenzyl Alcoholbenzyl benzoateBenzyl SalicylateLimoneneLinaloolci 19140 (yellow 5)ci 42090 (blue 1)<\/span><\/p>\n<\/div>\n<\/div>","protected":false},"excerpt":{"rendered":"<p><strong>Volume Solution Spray &#8211; Sprej za volumen<\/strong><\/p>\n<ul>\n<li>sprej bo poskrbel za neverjeten volumen va\u0161ih las<\/li>\n<li>Aloe Vera zagotavlja gostoto in brezte\u017enosten volumen tankih in pustih las<\/li>\n<\/ul>","protected":false},"featured_media":10609,"template":"","meta":{"_acf_changed":false,"inline_featured_image":false,"_monsterinsights_skip_tracking":false,"_monsterinsights_sitenote_active":false,"_monsterinsights_sitenote_note":"","_monsterinsights_sitenote_category":0},"product_cat":[366,153],"product_tag":[],"aioseo_notices":[],"acf":[],"_links":{"self":[{"href":"https:\/\/shop.tjasha.si\/en\/wp-json\/wp\/v2\/product\/10608"}],"collection":[{"href":"https:\/\/shop.tjasha.si\/en\/wp-json\/wp\/v2\/product"}],"about":[{"href":"https:\/\/shop.tjasha.si\/en\/wp-json\/wp\/v2\/types\/product"}],"version-history":[{"count":1,"href":"https:\/\/shop.tjasha.si\/en\/wp-json\/wp\/v2\/product\/10608\/revisions"}],"predecessor-version":[{"id":10610,"href":"https:\/\/shop.tjasha.si\/en\/wp-json\/wp\/v2\/product\/10608\/revisions\/10610"}],"wp:featuredmedia":[{"embeddable":true,"href":"https:\/\/shop.tjasha.si\/en\/wp-json\/wp\/v2\/media\/10609"}],"wp:attachment":[{"href":"https:\/\/shop.tjasha.si\/en\/wp-json\/wp\/v2\/media?parent=10608"}],"wp:term":[{"taxonomy":"product_cat","embeddable":true,"href":"https:\/\/shop.tjasha.si\/en\/wp-json\/wp\/v2\/product_cat?post=10608"},{"taxonomy":"product_tag","embeddable":true,"href":"https:\/\/shop.tjasha.si\/en\/wp-json\/wp\/v2\/product_tag?post=10608"}],"curies":[{"name":"wp","href":"https:\/\/api.w.org\/{rel}","templated":true}]}}