{"id":10629,"date":"2024-07-03T07:01:57","date_gmt":"2024-07-03T07:01:57","guid":{"rendered":"https:\/\/shop.tjasha.si\/?post_type=product&#038;p=10629"},"modified":"2024-07-03T07:01:57","modified_gmt":"2024-07-03T07:01:57","slug":"cold-brunette-shampoo-sampon-za-rjavolaske-1000-ml","status":"publish","type":"product","link":"https:\/\/shop.tjasha.si\/en\/trgovina\/cold-brunette-shampoo-sampon-za-rjavolaske-1000-ml\/","title":{"rendered":"Cold Brunette Shampoo &#8211; \u0160ampon za rjavolaske  1000 ml"},"content":{"rendered":"<p><strong>Uporaba<\/strong><\/p>\n<div class=\"collapsible-tab__text\">\n<ul>\n<li><span class=\"metafield-multi_line_text_field\">enakomerno nanesite na vla\u017ene lase<br \/>\n<\/span><\/li>\n<li><span class=\"metafield-multi_line_text_field\">pustite delovati nekaj minut, nato sperite<br \/>\n<\/span><\/li>\n<li><span class=\"metafield-multi_line_text_field\">za intenzivnej\u0161i u\u010dinek pustite delovati \u0161e nekaj minut<br \/>\n<\/span><\/li>\n<li><span class=\"metafield-multi_line_text_field\">nadaljujte s Cold Brunette Conditioner &#8211; Balzam za lase<\/span><\/li>\n<\/ul>\n<p><strong>Sestavine<\/strong><\/p>\n<div class=\"collapsible-tab__text\">\n<p><span class=\"metafield-multi_line_text_field\">Aqua (Water), Ammonium Lauryl Sulfate, Cocamidopropyl Betaine, Sodium Chloride, Disodium Laureth Sulfosuccinate, Glycerin, Glycol Distearate, Laureth-4, Parfum (Fragrance), Oryza Sativa (Rice) Bran Oil, Helianthus Annus (Sunflower) Seed Extract, Moringa Oleifera Seed Oil, Guar Hydroxypropyltrimonium Chloride, Hydrolyzed Milk Protein, Sodium Benzoate, Methylchloroisothiazolinone, Methylisothiazolinone, Magnesium Nitrate, Magnesium Chloride, Butylene Glycol, Limonene, Hydrolyzed Quinoa, Soy Amino Acids, Wheat Amino Acids, Arginine HCl, Serine, Threonine, Sodium Hydroxide, Acid Violet 43, CI 42090 (Blue 1).<\/span><\/p>\n<\/div>\n<\/div>","protected":false},"excerpt":{"rendered":"<p><strong>Cold Brunette\u00a0Shampoo &#8211;\u00a0\u0160ampon za rjavolaske<\/strong><\/p>\n<ul>\n<li>poseben\u00a0\u0161ampon za rjave lase<\/li>\n<li><strong>posebni modri pigment<\/strong>, ki ga vsebuje nova linija milk_shake Cold Brunette,\u00a0<strong>deluje proti rde\u010dim\/oran\u017enim tonom<\/strong>\u00a0v rjavih laseh, hkrati pa odstranjuje ne\u017eelene tople tone<\/li>\n<li>idealen je za naravne ali barvane rjave, svetlo rjave ali temno rjave lase.<\/li>\n<\/ul>","protected":false},"featured_media":10630,"template":"","meta":{"_acf_changed":false,"inline_featured_image":false,"_monsterinsights_skip_tracking":false,"_monsterinsights_sitenote_active":false,"_monsterinsights_sitenote_note":"","_monsterinsights_sitenote_category":0},"product_cat":[366,153],"product_tag":[],"aioseo_notices":[],"acf":[],"_links":{"self":[{"href":"https:\/\/shop.tjasha.si\/en\/wp-json\/wp\/v2\/product\/10629"}],"collection":[{"href":"https:\/\/shop.tjasha.si\/en\/wp-json\/wp\/v2\/product"}],"about":[{"href":"https:\/\/shop.tjasha.si\/en\/wp-json\/wp\/v2\/types\/product"}],"version-history":[{"count":1,"href":"https:\/\/shop.tjasha.si\/en\/wp-json\/wp\/v2\/product\/10629\/revisions"}],"predecessor-version":[{"id":10631,"href":"https:\/\/shop.tjasha.si\/en\/wp-json\/wp\/v2\/product\/10629\/revisions\/10631"}],"wp:featuredmedia":[{"embeddable":true,"href":"https:\/\/shop.tjasha.si\/en\/wp-json\/wp\/v2\/media\/10630"}],"wp:attachment":[{"href":"https:\/\/shop.tjasha.si\/en\/wp-json\/wp\/v2\/media?parent=10629"}],"wp:term":[{"taxonomy":"product_cat","embeddable":true,"href":"https:\/\/shop.tjasha.si\/en\/wp-json\/wp\/v2\/product_cat?post=10629"},{"taxonomy":"product_tag","embeddable":true,"href":"https:\/\/shop.tjasha.si\/en\/wp-json\/wp\/v2\/product_tag?post=10629"}],"curies":[{"name":"wp","href":"https:\/\/api.w.org\/{rel}","templated":true}]}}