{"id":10641,"date":"2024-07-03T07:10:58","date_gmt":"2024-07-03T07:10:58","guid":{"rendered":"https:\/\/shop.tjasha.si\/?post_type=product&#038;p=10641"},"modified":"2024-07-03T07:10:58","modified_gmt":"2024-07-03T07:10:58","slug":"glistening-argan-oil-olje-za-lase-50-ml","status":"publish","type":"product","link":"https:\/\/shop.tjasha.si\/en\/trgovina\/glistening-argan-oil-olje-za-lase-50-ml\/","title":{"rendered":"Glistening Argan Oil &#8211; Olje za lase  50 ml"},"content":{"rendered":"<p><strong>Uporaba<\/strong><\/p>\n<div class=\"collapsible-tab__text\">\n<ul>\n<li><span class=\"metafield-multi_line_text_field\">nanesi par kapljic na roko<br \/>\n<\/span><\/li>\n<li><span class=\"metafield-multi_line_text_field\">nanesi na celotno dol\u017eino las in konice pred ali po su\u0161enju las<\/span><\/li>\n<\/ul>\n<p><strong>Sestavine<\/strong><\/p>\n<div class=\"collapsible-tab__text\">\n<p><span class=\"metafield-multi_line_text_field\">Cyclopentasiloxane, Dimethicone, Disiloxane, Argania Spinosa Kernel Oil, Parfum (Fragrance), CI 47000 (Yellow 11), CI 26100 (Red 17), Alpha-Isomethyl Ionone, Butylphenyl Methylpropional, Coumarin, Limonene, Linalool.<\/span><\/p>\n<\/div>\n<\/div>","protected":false},"excerpt":{"rendered":"<p><strong>Glistening Argan Oil &#8211; Olje za lase<\/strong><\/p>\n<ul>\n<li>nemudoma neguje in navla\u017ei lase<\/li>\n<li>daje zdrav in lesketajo\u010d videz<\/li>\n<li>zahvaljujo\u010d negovalnim in obnovitvenim lastnostim bo argan olje pustilo va\u0161e lase mehke in sijo\u010de<\/li>\n<li>posebna kombinacija hitro vpijajo\u010dih silikonov bo lase naredila lep\u0161e \u017ee po prvi uporabi.<\/li>\n<\/ul>","protected":false},"featured_media":10642,"template":"","meta":{"_acf_changed":false,"inline_featured_image":false,"_monsterinsights_skip_tracking":false,"_monsterinsights_sitenote_active":false,"_monsterinsights_sitenote_note":"","_monsterinsights_sitenote_category":0},"product_cat":[366,153],"product_tag":[],"aioseo_notices":[],"acf":[],"_links":{"self":[{"href":"https:\/\/shop.tjasha.si\/en\/wp-json\/wp\/v2\/product\/10641"}],"collection":[{"href":"https:\/\/shop.tjasha.si\/en\/wp-json\/wp\/v2\/product"}],"about":[{"href":"https:\/\/shop.tjasha.si\/en\/wp-json\/wp\/v2\/types\/product"}],"version-history":[{"count":1,"href":"https:\/\/shop.tjasha.si\/en\/wp-json\/wp\/v2\/product\/10641\/revisions"}],"predecessor-version":[{"id":10643,"href":"https:\/\/shop.tjasha.si\/en\/wp-json\/wp\/v2\/product\/10641\/revisions\/10643"}],"wp:featuredmedia":[{"embeddable":true,"href":"https:\/\/shop.tjasha.si\/en\/wp-json\/wp\/v2\/media\/10642"}],"wp:attachment":[{"href":"https:\/\/shop.tjasha.si\/en\/wp-json\/wp\/v2\/media?parent=10641"}],"wp:term":[{"taxonomy":"product_cat","embeddable":true,"href":"https:\/\/shop.tjasha.si\/en\/wp-json\/wp\/v2\/product_cat?post=10641"},{"taxonomy":"product_tag","embeddable":true,"href":"https:\/\/shop.tjasha.si\/en\/wp-json\/wp\/v2\/product_tag?post=10641"}],"curies":[{"name":"wp","href":"https:\/\/api.w.org\/{rel}","templated":true}]}}