{"id":10644,"date":"2024-07-03T07:14:31","date_gmt":"2024-07-03T07:14:31","guid":{"rendered":"https:\/\/shop.tjasha.si\/?post_type=product&#038;p=10644"},"modified":"2024-07-03T07:14:31","modified_gmt":"2024-07-03T07:14:31","slug":"lifestyling-fixing-paste-pasta-za-oblikovanje-100-ml","status":"publish","type":"product","link":"https:\/\/shop.tjasha.si\/en\/trgovina\/lifestyling-fixing-paste-pasta-za-oblikovanje-100-ml\/","title":{"rendered":"Lifestyling Fixing Paste &#8211; Pasta za oblikovanje  100 ml"},"content":{"rendered":"<p><strong><span style=\"text-decoration: underline\">Uporaba<\/span><\/strong><\/p>\n<div class=\"collapsible-tab__text\">\n<ul>\n<li><span class=\"metafield-multi_line_text_field\">majhno koli\u010dino paste s konicami prstov nanesite na vla\u017ene ali suhe lase in po \u017eelji oblikujete<\/span><\/li>\n<\/ul>\n<p><strong>Sestavine<\/strong><\/p>\n<div class=\"collapsible-tab__text\">\n<p><span class=\"metafield-multi_line_text_field\">Aqua (Water)lanolin cera (lanolin wax)Petrolatumceteareth-25vp\/va copolymerAlcohol denatCera Alba (Beeswax)ozokeritevinyl caprolactam\/vp\/dimethylaminoethyl methacrylate copolymercopernicia cerifera cera (copernicia cerifera (carnauba) wax)cetearyl alcoholParfum (Fragrance)tocopheryl acetateethylhexyl methoxycinnamateHydrolyzed Milk Proteinpyrus malus (apple) fruit extractCitrus Limon (Lemon) Fruit ExtractVaccinium Myrtillus Fruit ExtractHelianthus Annuus (Sunflower) Seed Extracthydrolyzed quinoaPhenoxyethanolImidazolidinyl UreaCaprylyl Glycolglycinesodium lactateSodium CitrateSodium BenzoatePotassium SorbateCitric AcidButylene GlycolBenzyl Alcoholcoumarinhexyl cinnamalLimoneneLinalool<\/span><\/p>\n<\/div>\n<\/div>","protected":false},"excerpt":{"rendered":"<p><strong>Lifestyling Fixing Paste &#8211; Pasta za oblikovanje<\/strong><\/p>\n<ul class=\"p-summary__list\">\n<li>pasta za modeliranje z mo\u010dnim utrjevanjem<\/li>\n<li>daje teksturo in strukturo va\u0161emu slogu<\/li>\n<li>vsebuje UV filter<\/li>\n<li>nudi mo\u010dan a fleksibilni obstoj<\/li>\n<li>za vse tipe las<\/li>\n<\/ul>","protected":false},"featured_media":10645,"template":"","meta":{"_acf_changed":false,"inline_featured_image":false,"_monsterinsights_skip_tracking":false,"_monsterinsights_sitenote_active":false,"_monsterinsights_sitenote_note":"","_monsterinsights_sitenote_category":0},"product_cat":[366,153],"product_tag":[],"aioseo_notices":[],"acf":[],"_links":{"self":[{"href":"https:\/\/shop.tjasha.si\/en\/wp-json\/wp\/v2\/product\/10644"}],"collection":[{"href":"https:\/\/shop.tjasha.si\/en\/wp-json\/wp\/v2\/product"}],"about":[{"href":"https:\/\/shop.tjasha.si\/en\/wp-json\/wp\/v2\/types\/product"}],"version-history":[{"count":1,"href":"https:\/\/shop.tjasha.si\/en\/wp-json\/wp\/v2\/product\/10644\/revisions"}],"predecessor-version":[{"id":10646,"href":"https:\/\/shop.tjasha.si\/en\/wp-json\/wp\/v2\/product\/10644\/revisions\/10646"}],"wp:featuredmedia":[{"embeddable":true,"href":"https:\/\/shop.tjasha.si\/en\/wp-json\/wp\/v2\/media\/10645"}],"wp:attachment":[{"href":"https:\/\/shop.tjasha.si\/en\/wp-json\/wp\/v2\/media?parent=10644"}],"wp:term":[{"taxonomy":"product_cat","embeddable":true,"href":"https:\/\/shop.tjasha.si\/en\/wp-json\/wp\/v2\/product_cat?post=10644"},{"taxonomy":"product_tag","embeddable":true,"href":"https:\/\/shop.tjasha.si\/en\/wp-json\/wp\/v2\/product_tag?post=10644"}],"curies":[{"name":"wp","href":"https:\/\/api.w.org\/{rel}","templated":true}]}}