{"id":10647,"date":"2024-07-03T07:16:45","date_gmt":"2024-07-03T07:16:45","guid":{"rendered":"https:\/\/shop.tjasha.si\/?post_type=product&#038;p=10647"},"modified":"2024-07-03T07:16:46","modified_gmt":"2024-07-03T07:16:46","slug":"lifestyling-thermo-protector-spray-sprej-za-toplotno-zascito-200-ml","status":"publish","type":"product","link":"https:\/\/shop.tjasha.si\/en\/trgovina\/lifestyling-thermo-protector-spray-sprej-za-toplotno-zascito-200-ml\/","title":{"rendered":"Lifestyling Thermo Protector Spray &#8211; Sprej za toplotno za\u0161\u010dito  200 ml"},"content":{"rendered":"<p><strong>Uporaba<\/strong><\/p>\n<div class=\"collapsible-tab__text\">\n<ul>\n<li><span class=\"metafield-multi_line_text_field\">razpr\u0161ite iz razdalje 20-30 cm na vla\u017ene ali suhe lase od korenin do konic<br \/>\n<\/span><\/li>\n<li><span class=\"metafield-multi_line_text_field\">nadaljujte s su\u0161enjem ali toplotnim obdelovanjem las<\/span><\/li>\n<\/ul>\n<p><strong>Sestavine<\/strong><\/p>\n<div class=\"collapsible-tab__text\">\n<p><span class=\"metafield-multi_line_text_field\">Alcohol denatpropanebutaneisobutanecyclopentasiloxaneDimethiconequaternium-80Hydrolyzed Silkhydrolyzed quinoaHydrolyzed Milk ProteinParfum (Fragrance)alpha-isomethyl iononegeraniolLinaloolCitronellol<\/span><\/p>\n<\/div>\n<\/div>","protected":false},"excerpt":{"rendered":"<p><strong>Lifestyling Thermo Protector Spray &#8211; Sprej za toplotno za\u0161\u010dito<\/strong><\/p>\n<ul>\n<li>za za\u0161\u010dito las pred vro\u010dino pri su\u0161enju s su\u0161ilnikom, ravnalnikom in kodralnikom<\/li>\n<li>prepre\u010duje cepljenje in lomljenje konic<\/li>\n<li>skraj\u0161a \u010das su\u0161enja<\/li>\n<li>izjemno lahka formula prepre\u010duje obte\u017eenost las<\/li>\n<li>va\u0161i lasje bodo gladki in sijo\u010di<\/li>\n<\/ul>","protected":false},"featured_media":10649,"template":"","meta":{"_acf_changed":false,"inline_featured_image":false,"_monsterinsights_skip_tracking":false,"_monsterinsights_sitenote_active":false,"_monsterinsights_sitenote_note":"","_monsterinsights_sitenote_category":0},"product_cat":[366,153],"product_tag":[],"aioseo_notices":[],"acf":[],"_links":{"self":[{"href":"https:\/\/shop.tjasha.si\/en\/wp-json\/wp\/v2\/product\/10647"}],"collection":[{"href":"https:\/\/shop.tjasha.si\/en\/wp-json\/wp\/v2\/product"}],"about":[{"href":"https:\/\/shop.tjasha.si\/en\/wp-json\/wp\/v2\/types\/product"}],"version-history":[{"count":1,"href":"https:\/\/shop.tjasha.si\/en\/wp-json\/wp\/v2\/product\/10647\/revisions"}],"predecessor-version":[{"id":10650,"href":"https:\/\/shop.tjasha.si\/en\/wp-json\/wp\/v2\/product\/10647\/revisions\/10650"}],"wp:featuredmedia":[{"embeddable":true,"href":"https:\/\/shop.tjasha.si\/en\/wp-json\/wp\/v2\/media\/10649"}],"wp:attachment":[{"href":"https:\/\/shop.tjasha.si\/en\/wp-json\/wp\/v2\/media?parent=10647"}],"wp:term":[{"taxonomy":"product_cat","embeddable":true,"href":"https:\/\/shop.tjasha.si\/en\/wp-json\/wp\/v2\/product_cat?post=10647"},{"taxonomy":"product_tag","embeddable":true,"href":"https:\/\/shop.tjasha.si\/en\/wp-json\/wp\/v2\/product_tag?post=10647"}],"curies":[{"name":"wp","href":"https:\/\/api.w.org\/{rel}","templated":true}]}}