{"id":10654,"date":"2024-07-03T07:21:07","date_gmt":"2024-07-03T07:21:07","guid":{"rendered":"https:\/\/shop.tjasha.si\/?post_type=product&#038;p=10654"},"modified":"2024-07-03T07:21:08","modified_gmt":"2024-07-03T07:21:08","slug":"lifestyling-amazing-curls-waves-sprej-proti-vlagi-in-za-sijaj-200-ml","status":"publish","type":"product","link":"https:\/\/shop.tjasha.si\/en\/trgovina\/lifestyling-amazing-curls-waves-sprej-proti-vlagi-in-za-sijaj-200-ml\/","title":{"rendered":"Lifestyling Amazing Curls &amp; Waves &#8211; Sprej proti vlagi in za sijaj  200 ml"},"content":{"rendered":"<p><strong>Uporaba<\/strong><\/p>\n<div class=\"collapsible-tab__text\">\n<ul>\n<li><span class=\"metafield-multi_line_text_field\">izdelek nanesite na \u010diste in \u0161e rahlo vla\u017ene lase<br \/>\n<\/span><\/li>\n<li><span class=\"metafield-multi_line_text_field\">poskrbite da je izdelek enakomerno porazdeljen po celotni dol\u017eini las<br \/>\n<\/span><\/li>\n<li><span class=\"metafield-multi_line_text_field\">nadaljujte z oblikovanjem las<\/span><\/li>\n<\/ul>\n<p><strong>Sestavine<\/strong><\/p>\n<div class=\"collapsible-tab__text\">\n<p><span class=\"metafield-multi_line_text_field\">Aqua (Water), PEG-40\/PPG-8 Methylaminopropyl\/Hydroxypropyl Dimethicone Copolymer, Glycerin, VP\/Methacrylamide\/Vinyl Imidazole Copolymer, Polymide-1, Dipropylene Glycol, DMDM Hydantoin, Pyrus Malus (Apple) Fruit Extract, Citrus Limon (Lemon) Fruit Extract, Vaccinium Myrtillus Fruit Extract, Hydrolyzed Quinoa, Iodopropynyl Butylcarbamte, Citric Acid, Butylene Glycol, Benzyl Alcohol, Sodium Benzoate, Potassium Sorbate, Phenoxyethanol, Phenylpropanol, Propanediol, Caprylyl Glycol, Tocopherol<\/span><\/p>\n<\/div>\n<\/div>","protected":false},"excerpt":{"rendered":"<p><strong>Lifestyling Amazing Curls &amp; Waves &#8211; Sprej proti vlagi in za sijaj<\/strong><\/p>\n<ul>\n<li>posebna formula narejena za ustvarjanje skodranih pri\u010desk<\/li>\n<li>\u0161\u010diti lase pred vlago, toploto in jim daje lesk<\/li>\n<li>ustvari\u00a0u\u010dinek filma, ki \u0161\u010diti lase pred vlago<\/li>\n<li>ohranja barvo las in frizuro dlje \u010dasa<\/li>\n<li>skraj\u0161a \u010das su\u0161enja<\/li>\n<\/ul>","protected":false},"featured_media":10655,"template":"","meta":{"_acf_changed":false,"inline_featured_image":false,"_monsterinsights_skip_tracking":false,"_monsterinsights_sitenote_active":false,"_monsterinsights_sitenote_note":"","_monsterinsights_sitenote_category":0},"product_cat":[366,153],"product_tag":[],"aioseo_notices":[],"acf":[],"_links":{"self":[{"href":"https:\/\/shop.tjasha.si\/en\/wp-json\/wp\/v2\/product\/10654"}],"collection":[{"href":"https:\/\/shop.tjasha.si\/en\/wp-json\/wp\/v2\/product"}],"about":[{"href":"https:\/\/shop.tjasha.si\/en\/wp-json\/wp\/v2\/types\/product"}],"version-history":[{"count":1,"href":"https:\/\/shop.tjasha.si\/en\/wp-json\/wp\/v2\/product\/10654\/revisions"}],"predecessor-version":[{"id":10656,"href":"https:\/\/shop.tjasha.si\/en\/wp-json\/wp\/v2\/product\/10654\/revisions\/10656"}],"wp:featuredmedia":[{"embeddable":true,"href":"https:\/\/shop.tjasha.si\/en\/wp-json\/wp\/v2\/media\/10655"}],"wp:attachment":[{"href":"https:\/\/shop.tjasha.si\/en\/wp-json\/wp\/v2\/media?parent=10654"}],"wp:term":[{"taxonomy":"product_cat","embeddable":true,"href":"https:\/\/shop.tjasha.si\/en\/wp-json\/wp\/v2\/product_cat?post=10654"},{"taxonomy":"product_tag","embeddable":true,"href":"https:\/\/shop.tjasha.si\/en\/wp-json\/wp\/v2\/product_tag?post=10654"}],"curies":[{"name":"wp","href":"https:\/\/api.w.org\/{rel}","templated":true}]}}