{"id":10660,"date":"2024-07-03T07:25:48","date_gmt":"2024-07-03T07:25:48","guid":{"rendered":"https:\/\/shop.tjasha.si\/?post_type=product&#038;p=10660"},"modified":"2024-07-03T07:25:48","modified_gmt":"2024-07-03T07:25:48","slug":"lifestyling-smoothing-cream-krema-za-zagladitev-las-150-ml","status":"publish","type":"product","link":"https:\/\/shop.tjasha.si\/en\/trgovina\/lifestyling-smoothing-cream-krema-za-zagladitev-las-150-ml\/","title":{"rendered":"Lifestyling Smoothing Cream &#8211; Krema za zagladitev las  150 ml"},"content":{"rendered":"<p><strong>Uporaba<\/strong><\/p>\n<div class=\"collapsible-tab__text\">\n<ul>\n<li><span class=\"metafield-multi_line_text_field\">nanesite na \u010diste in vla\u017ene lase<br \/>\n<\/span><\/li>\n<li><span class=\"metafield-multi_line_text_field\">nadaljujte z oblikovanjem.<\/span><\/li>\n<\/ul>\n<p><strong>Sestavine<\/strong><\/p>\n<div class=\"collapsible-tab__text\">\n<p><span class=\"metafield-multi_line_text_field\">Aqua (Water)cyclopentasiloxanePolyacrylamidePhenoxyethanolC13-14 IsoparaffinDimethiconedimethiconolParfum (Fragrance)c12-15 alkyl benzoatecaprylic\/capric triglycerideLaureth-7amodimethiconeethylhexyl methoxycinnamateEthylhexylglycerinDisodium EDTAHelianthus Annuus (Sunflower) Seed ExtractButylene GlycolLinaloolHydrolyzed Silk PG-Propyl Methylsilanedioltrideceth-10Cetrimonium Chloridehydrolyzed quinoaPEG-5 Cocomonium Methosulfatecitrus limon (lemon) peel extractpyrus malus (apple) fruit extractVaccinium Myrtillus Fruit ExtractLimoneneSodium Glutamatealpha-isomethyl iononeCitric AcidHydroxypropyltrimonium Hydrolyzed CaseinHydrolyzed Milk ProteinSodium Cocoyl GlutamateSodium BenzoatePotassium SorbateHydroxypropyl Guar Hydroxypropyltrimonium Chloride<\/span><\/p>\n<\/div>\n<\/div>","protected":false},"excerpt":{"rendered":"<p><strong>Lifestyling Smoothing Cream &#8211; Krema za zagladitev las<\/strong><\/p>\n<ul>\n<li>krema za srednje goste do goste lase<\/li>\n<li>ustvarja sijaj, hkrati pa lase brezte\u017eno \u0161\u010diti in neguje<\/li>\n<li>vsebuje tudi UV-filtre, ki \u0161\u010ditijo barvo las<\/li>\n<li>lasje so gladki in za\u0161\u010diteni pred toploto<\/li>\n<li>\u0161\u010diti pred vlago<\/li>\n<\/ul>","protected":false},"featured_media":10661,"template":"","meta":{"_acf_changed":false,"inline_featured_image":false,"_monsterinsights_skip_tracking":false,"_monsterinsights_sitenote_active":false,"_monsterinsights_sitenote_note":"","_monsterinsights_sitenote_category":0},"product_cat":[366,153],"product_tag":[],"aioseo_notices":[],"acf":[],"_links":{"self":[{"href":"https:\/\/shop.tjasha.si\/en\/wp-json\/wp\/v2\/product\/10660"}],"collection":[{"href":"https:\/\/shop.tjasha.si\/en\/wp-json\/wp\/v2\/product"}],"about":[{"href":"https:\/\/shop.tjasha.si\/en\/wp-json\/wp\/v2\/types\/product"}],"version-history":[{"count":1,"href":"https:\/\/shop.tjasha.si\/en\/wp-json\/wp\/v2\/product\/10660\/revisions"}],"predecessor-version":[{"id":10662,"href":"https:\/\/shop.tjasha.si\/en\/wp-json\/wp\/v2\/product\/10660\/revisions\/10662"}],"wp:featuredmedia":[{"embeddable":true,"href":"https:\/\/shop.tjasha.si\/en\/wp-json\/wp\/v2\/media\/10661"}],"wp:attachment":[{"href":"https:\/\/shop.tjasha.si\/en\/wp-json\/wp\/v2\/media?parent=10660"}],"wp:term":[{"taxonomy":"product_cat","embeddable":true,"href":"https:\/\/shop.tjasha.si\/en\/wp-json\/wp\/v2\/product_cat?post=10660"},{"taxonomy":"product_tag","embeddable":true,"href":"https:\/\/shop.tjasha.si\/en\/wp-json\/wp\/v2\/product_tag?post=10660"}],"curies":[{"name":"wp","href":"https:\/\/api.w.org\/{rel}","templated":true}]}}