{"id":10672,"date":"2024-07-03T07:34:40","date_gmt":"2024-07-03T07:34:40","guid":{"rendered":"https:\/\/shop.tjasha.si\/?post_type=product&#038;p=10672"},"modified":"2024-07-03T07:34:40","modified_gmt":"2024-07-03T07:34:40","slug":"lifestyling-texturizing-spritz-sprej-za-teksturo-175-ml","status":"publish","type":"product","link":"https:\/\/shop.tjasha.si\/en\/trgovina\/lifestyling-texturizing-spritz-sprej-za-teksturo-175-ml\/","title":{"rendered":"Lifestyling Texturizing Spritz &#8211; Sprej za teksturo  175 ml"},"content":{"rendered":"<p><strong>Uporaba<\/strong><\/p>\n<div class=\"collapsible-tab__text\">\n<ul>\n<li><span class=\"metafield-multi_line_text_field\">pred uporabo dobro pretresite<br \/>\n<\/span><\/li>\n<li><span class=\"metafield-multi_line_text_field\">razpr\u0161ite po vla\u017enih laseh<br \/>\n<\/span><\/li>\n<li><span class=\"metafield-multi_line_text_field\">posu\u0161ite na zraku za naraven videz<br \/>\n<\/span><\/li>\n<li><span class=\"metafield-multi_line_text_field\">posu\u0161ite s su\u0161ilcem za bolj\u0161o definicijo<\/span><\/li>\n<\/ul>\n<p><strong>Sestavine<\/strong><\/p>\n<div class=\"collapsible-tab__text\">\n<p><span class=\"metafield-multi_line_text_field\">Aqua (Water)Alcohol denatSodium Chloridemagnesium sulfatepvpPEG-40 Hydrogenated Castor OilGlycerinPolysorbate 20Phenoxyethanolpeg-12 dimethiconeBenzyl AlcoholHydrolyzed Milk Proteincitrus limon (lemon) peel extractpyrus malus (apple) fruit extractVaccinium Myrtillus Fruit ExtractHydrolyzed Chestnut Extracthydrolyzed quinoaHelianthus Annuus (Sunflower) Seed Extractethylhexyl methoxycinnamateaminomethyl propanolParfum (Fragrance)Butylene GlycolCitric AcidSodium BenzoatePotassium Sorbatecoumarinhexyl cinnamalLimoneneLinalool<\/span><\/p>\n<\/div>\n<\/div>","protected":false},"excerpt":{"rendered":"<p><strong>Lifestyling Texturizing Spritz &#8211; Sprej za teksturo las<\/strong><\/p>\n<ul>\n<li>lasem nudi &#8220;beach look&#8221; z mat zaklju\u010dkom<\/li>\n<li>lasem daje teksturo<\/li>\n<li>nudi ne\u017eno utrjevanje<\/li>\n<li>lase \u0161\u010diti pred toploto<\/li>\n<\/ul>","protected":false},"featured_media":10673,"template":"","meta":{"_acf_changed":false,"inline_featured_image":false,"_monsterinsights_skip_tracking":false,"_monsterinsights_sitenote_active":false,"_monsterinsights_sitenote_note":"","_monsterinsights_sitenote_category":0},"product_cat":[366,153],"product_tag":[],"aioseo_notices":[],"acf":[],"_links":{"self":[{"href":"https:\/\/shop.tjasha.si\/en\/wp-json\/wp\/v2\/product\/10672"}],"collection":[{"href":"https:\/\/shop.tjasha.si\/en\/wp-json\/wp\/v2\/product"}],"about":[{"href":"https:\/\/shop.tjasha.si\/en\/wp-json\/wp\/v2\/types\/product"}],"version-history":[{"count":1,"href":"https:\/\/shop.tjasha.si\/en\/wp-json\/wp\/v2\/product\/10672\/revisions"}],"predecessor-version":[{"id":10674,"href":"https:\/\/shop.tjasha.si\/en\/wp-json\/wp\/v2\/product\/10672\/revisions\/10674"}],"wp:featuredmedia":[{"embeddable":true,"href":"https:\/\/shop.tjasha.si\/en\/wp-json\/wp\/v2\/media\/10673"}],"wp:attachment":[{"href":"https:\/\/shop.tjasha.si\/en\/wp-json\/wp\/v2\/media?parent=10672"}],"wp:term":[{"taxonomy":"product_cat","embeddable":true,"href":"https:\/\/shop.tjasha.si\/en\/wp-json\/wp\/v2\/product_cat?post=10672"},{"taxonomy":"product_tag","embeddable":true,"href":"https:\/\/shop.tjasha.si\/en\/wp-json\/wp\/v2\/product_tag?post=10672"}],"curies":[{"name":"wp","href":"https:\/\/api.w.org\/{rel}","templated":true}]}}