{"id":10675,"date":"2024-07-03T07:37:13","date_gmt":"2024-07-03T07:37:13","guid":{"rendered":"https:\/\/shop.tjasha.si\/?post_type=product&#038;p=10675"},"modified":"2024-07-03T07:37:13","modified_gmt":"2024-07-03T07:37:13","slug":"lifestyling-blow-dry-primer-pena-za-susenje-200-ml","status":"publish","type":"product","link":"https:\/\/shop.tjasha.si\/en\/trgovina\/lifestyling-blow-dry-primer-pena-za-susenje-200-ml\/","title":{"rendered":"Lifestyling Blow-Dry Primer &#8211; Pena za su\u0161enje  200 ml"},"content":{"rendered":"<p><strong>Uporaba<\/strong><\/p>\n<div class=\"collapsible-tab__text\">\n<ul>\n<li><span class=\"metafield-multi_line_text_field\">izdelek nanesite na \u010diste in \u0161e rahlo vla\u017ene lase<br \/>\n<\/span><\/li>\n<li><span class=\"metafield-multi_line_text_field\">poskrbite da je izdelek enakomerno porazdeljen po celotni dol\u017eini las<br \/>\n<\/span><\/li>\n<li><span class=\"metafield-multi_line_text_field\">nadaljujte z oblikovanjem las<\/span><\/li>\n<\/ul>\n<p><strong>Sestavine<\/strong><\/p>\n<div class=\"collapsible-tab__text\">\n<p><span class=\"metafield-multi_line_text_field\">Aqua (Water)Alcohol denatpvpcocomidopropyl betainePolysorbate 20Polyquaternium-28Hydrolyzed Milk Proteinpyrus malus (apple) fruit extractCitrus Limon (Lemon) Fruit ExtractVacciniumMyrtillus Fruit ExtractHydrolyzed Chestnut Extracthydrolyzed quinoaHelianthus Annuus (Sunflower) SeedExtractethylhexyl methoxycinnamateDiethylamino Hydroxybenzoyl Hexyl BenzoatePhenoxyethanolParfum (Fragrance)chlorphenesinEthylhexylglycerinButylene GlycolCitric AcidPotassium SorbateSodium Benzoateglycinecapryl glycolSodium Chloridesodium lactateSodium Hydroxidecoumarinhexyl cinnamalLimoneneLinaloolBenzyl Alcoholci 16035 (red 40)<\/span><\/p>\n<\/div>\n<\/div>","protected":false},"excerpt":{"rendered":"<p><strong>Lifestyling Blow-Dry Primer &#8211; Pena za su\u0161enje<\/strong><\/p>\n<ul>\n<li>razpr\u0161ilnik pretvori izdelek v mehko peno<\/li>\n<li>\u0161\u010diti pred vro\u010dino<\/li>\n<li>skraj\u0161a \u010das su\u0161enja<\/li>\n<li>dlje \u010dasa ohranja pri\u010deske<\/li>\n<li>prepre\u010duje bledenje barv<\/li>\n<\/ul>","protected":false},"featured_media":10676,"template":"","meta":{"_acf_changed":false,"inline_featured_image":false,"_monsterinsights_skip_tracking":false,"_monsterinsights_sitenote_active":false,"_monsterinsights_sitenote_note":"","_monsterinsights_sitenote_category":0},"product_cat":[366,153],"product_tag":[],"aioseo_notices":[],"acf":[],"_links":{"self":[{"href":"https:\/\/shop.tjasha.si\/en\/wp-json\/wp\/v2\/product\/10675"}],"collection":[{"href":"https:\/\/shop.tjasha.si\/en\/wp-json\/wp\/v2\/product"}],"about":[{"href":"https:\/\/shop.tjasha.si\/en\/wp-json\/wp\/v2\/types\/product"}],"version-history":[{"count":1,"href":"https:\/\/shop.tjasha.si\/en\/wp-json\/wp\/v2\/product\/10675\/revisions"}],"predecessor-version":[{"id":10677,"href":"https:\/\/shop.tjasha.si\/en\/wp-json\/wp\/v2\/product\/10675\/revisions\/10677"}],"wp:featuredmedia":[{"embeddable":true,"href":"https:\/\/shop.tjasha.si\/en\/wp-json\/wp\/v2\/media\/10676"}],"wp:attachment":[{"href":"https:\/\/shop.tjasha.si\/en\/wp-json\/wp\/v2\/media?parent=10675"}],"wp:term":[{"taxonomy":"product_cat","embeddable":true,"href":"https:\/\/shop.tjasha.si\/en\/wp-json\/wp\/v2\/product_cat?post=10675"},{"taxonomy":"product_tag","embeddable":true,"href":"https:\/\/shop.tjasha.si\/en\/wp-json\/wp\/v2\/product_tag?post=10675"}],"curies":[{"name":"wp","href":"https:\/\/api.w.org\/{rel}","templated":true}]}}