{"id":10684,"date":"2024-07-03T07:47:43","date_gmt":"2024-07-03T07:47:43","guid":{"rendered":"https:\/\/shop.tjasha.si\/?post_type=product&#038;p=10684"},"modified":"2024-07-03T07:47:43","modified_gmt":"2024-07-03T07:47:43","slug":"direct-colour-direktna-barva-100-ml-yellow-rumena","status":"publish","type":"product","link":"https:\/\/shop.tjasha.si\/en\/trgovina\/direct-colour-direktna-barva-100-ml-yellow-rumena\/","title":{"rendered":"Direct Colour &#8211; Direktna barva 100 ml  YELLOW &#8211; RUMENA"},"content":{"rendered":"<p><strong>Uporaba<\/strong><\/p>\n<div class=\"collapsible-tab__text\">\n<ul>\n<li><span class=\"metafield-multi_line_text_field\">Lase umijte s primernim \u0161amponom, tako lase pripravite na absorbcijo pigmenta.<br \/>\n<\/span><\/li>\n<li><span class=\"metafield-multi_line_text_field\">Barvo lahko v posodi, ki ni iz kovine, pome\u0161ate z whipped cream.<br \/>\n<\/span><\/li>\n<li><span class=\"metafield-multi_line_text_field\">Barvo enakomerno nanesite na z brisa\u010do osu\u0161ene lase (uporabite rokavice in \u010dopi\u010d ali glavnik).<br \/>\n<\/span><\/li>\n<li><span class=\"metafield-multi_line_text_field\">Lase nato splahnite z mla\u010dno vodo.<\/span><\/li>\n<\/ul>\n<p><strong>Sestavine<\/strong><\/p>\n<div class=\"collapsible-tab__text\">\n<p><span class=\"metafield-multi_line_text_field\">Aqua (Water)PPG-2 Methyl EtherHydroxyethylcellulosePolysorbate 20Cocamidopropyl BetaineCetrimoniumChlorideParfum (Fragrance)Phenyl TrimethiconeButylene GlycolDisperse Violet 1Imidazolidinyl UreaHelianthusAnnuus (Sunflower) Seed ExtractSodium HydroxideLimoneneLinaloolCitronellolArgania Spinosa Kernel OilButyrospermum Parkii (Shea) OilPEG-5 Cocomonium MethosulfateSodium GlutamateHydrolyzed Milk ProteinHydroxypropyltrimonium Hydrolyzed CaseinSodium Cocoyl GlutamateHydroxypropyl Guar HydroxypropyltrimoniumChloride<\/span><\/p>\n<\/div>\n<\/div>","protected":false},"excerpt":{"rendered":"<p><strong>Direct Colour<\/strong>\u00a0je ne\u017ena in vsestranska barva za enostavno barvanje s \u010dudovitimi rezultati. Negovalna baza obogatena z mle\u010dnimi beljakovinami, karitejevim maslom, arganovim oljem in sestavino Integrity 41\u00ae. Popolnoma brez amonijaka in ne potrebuje uporabe aktivne emulzije. Obstojna od 8-10 pranj.<\/p>\n<p>Direktne barve, ki ne potrebujejo razvijalne emulzije za svoje delovanje. Kisla pH vrednost barv zagotavlja, da bodo lasje mehkej\u0161i in bolj zdravi po vsakem nanosu.\u00a0Barva omogo\u010da:<\/p>\n<ul>\n<li>poudarjanje naravnih odtenkov<\/li>\n<li>doseganje intenzivnih odtenkov pri nanosu na posvetljeno podlago<\/li>\n<li>barvanje in nega las v enem koraku<\/li>\n<li>mo\u017enost raz\u0161iritve salonske ponudbe z lasnim koktejlom za va\u0161e stranke<\/li>\n<li>brezskrbno uporabo izdelka tudi doma<\/li>\n<\/ul>","protected":false},"featured_media":10695,"template":"","meta":{"_acf_changed":false,"inline_featured_image":false,"_monsterinsights_skip_tracking":false,"_monsterinsights_sitenote_active":false,"_monsterinsights_sitenote_note":"","_monsterinsights_sitenote_category":0},"product_cat":[366,153],"product_tag":[],"aioseo_notices":[],"acf":[],"_links":{"self":[{"href":"https:\/\/shop.tjasha.si\/en\/wp-json\/wp\/v2\/product\/10684"}],"collection":[{"href":"https:\/\/shop.tjasha.si\/en\/wp-json\/wp\/v2\/product"}],"about":[{"href":"https:\/\/shop.tjasha.si\/en\/wp-json\/wp\/v2\/types\/product"}],"version-history":[{"count":1,"href":"https:\/\/shop.tjasha.si\/en\/wp-json\/wp\/v2\/product\/10684\/revisions"}],"predecessor-version":[{"id":10696,"href":"https:\/\/shop.tjasha.si\/en\/wp-json\/wp\/v2\/product\/10684\/revisions\/10696"}],"wp:featuredmedia":[{"embeddable":true,"href":"https:\/\/shop.tjasha.si\/en\/wp-json\/wp\/v2\/media\/10695"}],"wp:attachment":[{"href":"https:\/\/shop.tjasha.si\/en\/wp-json\/wp\/v2\/media?parent=10684"}],"wp:term":[{"taxonomy":"product_cat","embeddable":true,"href":"https:\/\/shop.tjasha.si\/en\/wp-json\/wp\/v2\/product_cat?post=10684"},{"taxonomy":"product_tag","embeddable":true,"href":"https:\/\/shop.tjasha.si\/en\/wp-json\/wp\/v2\/product_tag?post=10684"}],"curies":[{"name":"wp","href":"https:\/\/api.w.org\/{rel}","templated":true}]}}