{"id":10759,"date":"2024-07-03T08:35:07","date_gmt":"2024-07-03T08:35:07","guid":{"rendered":"https:\/\/shop.tjasha.si\/?post_type=product&#038;p=10759"},"modified":"2024-07-03T08:35:07","modified_gmt":"2024-07-03T08:35:07","slug":"captain-fawcetts-hair-oil-100ml","status":"publish","type":"product","link":"https:\/\/shop.tjasha.si\/en\/trgovina\/captain-fawcetts-hair-oil-100ml\/","title":{"rendered":"Captain Fawcett&#8217;s Hair Oil 100ml"},"content":{"rendered":"<p><strong>Uporaba<\/strong><\/p>\n<div class=\"collapsible-tab__text\">\n<p><span class=\"metafield-multi_line_text_field\">Na dlan nanesite majhno koli\u010dino Treatment Oil for Hair, Scalp and Beard in jo razma\u017eite po vla\u017enih ali suhih laseh. Za no\u010dno nego las, ki jo lahko pustite, vmasirajte v lasi\u0161\u010de in ovijete lase kot spro\u0161\u010dujo\u010d obred pred spanjem. Za za\u0161\u010dito pred onesna\u017eenjem in sijaj \u010dez dan pa nanesite majhno koli\u010dino od sredine lasi\u0161\u010da do konic, pri \u010demer se izogibajte lasi\u0161\u010du. Oblikujte po \u017eelji, da bodo lasje na glavi ali bradi gladki, mehki in \u010dudovito obogateni.<\/span><\/p>\n<p><strong>Sestavine<\/strong><\/p>\n<div class=\"collapsible-tab__text\">\n<p><span class=\"metafield-multi_line_text_field\">Base Oils: Sweet Almond Prunus Dulcis, Tomato Seed Solanum Lycopersicum Seed, Argan Argania Spinosa, Broccoli Seed Brassica Oleacea Italica Seed<\/p>\n<p>Essential Oils: West Indian Bay Rum Pimento Racemosa, Black Pepper Piper Nigrum, Labdanum Cistus Ladaniferus, Cedarwood Cedrus Atlantica, Cinnamon Leaf Cinnamomum Zeylanicum, Vanilla Plantifolia, Lime Citrus Aurantifolia.<\/p>\n<p>Allergens typically present in essential oils: Cinnamic Alcohol, Cinnamic Aldehyde, Citral, Eugenol, Limonene.<\/span><\/p>\n<\/div>\n<\/div>","protected":false},"excerpt":{"rendered":"<p>Olje za lase, brado in lasi\u0161\u010de.<\/p>\n<p>Ta razko\u0161na nega za lase in lasi\u0161\u010de zdru\u017euje 4 negovalna osnovna olja z 9 aromati\u010dnimi eteri\u010dnimi olji za spodbujanje zdrave rasti las na glavi in bradi. Vmasirajte v korenine, da navla\u017eite ko\u017eo, napolnite lase in jim dodate \u010dudovit aromati\u010den lesk. Bogato z meh\u010dalnimi snovmi, ki zadr\u017eujejo vlago in pomagajo pri obnovi.<\/p>\n<p>Masa\u017ea lasi\u0161\u010da in mazanje las z oljem sta \u017ee ve\u010d kot 5000 let del svetih ajurvedskih obredov. Me\u0161anica po meri kapitana Fawcetta je poklon starodavnim frizerskim praksam ju\u017ene Indije in spro\u0161\u010dujo\u010di samopomo\u010di, ki je globoko zakoreninjena v lokalni tradiciji.<\/p>","protected":false},"featured_media":10760,"template":"","meta":{"_acf_changed":false,"inline_featured_image":false,"_monsterinsights_skip_tracking":false,"_monsterinsights_sitenote_active":false,"_monsterinsights_sitenote_note":"","_monsterinsights_sitenote_category":0},"product_cat":[367,153],"product_tag":[],"aioseo_notices":[],"acf":[],"_links":{"self":[{"href":"https:\/\/shop.tjasha.si\/en\/wp-json\/wp\/v2\/product\/10759"}],"collection":[{"href":"https:\/\/shop.tjasha.si\/en\/wp-json\/wp\/v2\/product"}],"about":[{"href":"https:\/\/shop.tjasha.si\/en\/wp-json\/wp\/v2\/types\/product"}],"version-history":[{"count":1,"href":"https:\/\/shop.tjasha.si\/en\/wp-json\/wp\/v2\/product\/10759\/revisions"}],"predecessor-version":[{"id":10761,"href":"https:\/\/shop.tjasha.si\/en\/wp-json\/wp\/v2\/product\/10759\/revisions\/10761"}],"wp:featuredmedia":[{"embeddable":true,"href":"https:\/\/shop.tjasha.si\/en\/wp-json\/wp\/v2\/media\/10760"}],"wp:attachment":[{"href":"https:\/\/shop.tjasha.si\/en\/wp-json\/wp\/v2\/media?parent=10759"}],"wp:term":[{"taxonomy":"product_cat","embeddable":true,"href":"https:\/\/shop.tjasha.si\/en\/wp-json\/wp\/v2\/product_cat?post=10759"},{"taxonomy":"product_tag","embeddable":true,"href":"https:\/\/shop.tjasha.si\/en\/wp-json\/wp\/v2\/product_tag?post=10759"}],"curies":[{"name":"wp","href":"https:\/\/api.w.org\/{rel}","templated":true}]}}