{"id":10762,"date":"2024-07-03T08:36:32","date_gmt":"2024-07-03T08:36:32","guid":{"rendered":"https:\/\/shop.tjasha.si\/?post_type=product&#038;p=10762"},"modified":"2024-07-03T08:36:33","modified_gmt":"2024-07-03T08:36:33","slug":"captain-fawcetts-beerd-shampoo-250ml","status":"publish","type":"product","link":"https:\/\/shop.tjasha.si\/en\/trgovina\/captain-fawcetts-beerd-shampoo-250ml\/","title":{"rendered":"Captain Fawcett&#8217;s Beer&#8217;d Shampoo 250ml"},"content":{"rendered":"<p><strong>Uporaba<\/strong><\/p>\n<div class=\"collapsible-tab__text\">\n<p><span class=\"metafield-multi_line_text_field\">Navla\u017eite brado, nanesite \u0161ampon in ga nanesite tako, da se dobro speni, nato pa ga temeljito sperite, po potrebi ponovite.<\/span><\/p>\n<p><strong>Sestavine<\/strong><\/p>\n<div class=\"collapsible-tab__text\">\n<p><span class=\"metafield-multi_line_text_field\">Aqua (Water), Beer, Sodium Lauroyl Methyl Isethionate, Cocamidopropyl Betaine, Sodium Methyl Cocyl Taurate, Lauryl Glucoside, Polyquaternium-10, Tetrasodium Glutamate Diacetate, Benzyl Alcohol, Sodium Hydroxide, Methylchloroisothiazolinone, Magnesium Chloride, Magnesium Nitrate, Methylisothiazolinone.<\/span><\/p>\n<\/div>\n<\/div>","protected":false},"excerpt":{"rendered":"<p>Nagrajeni \u0161ampon Beer&#8217;d Shampoo\u00ae kapitana Fawcetta, ki ga je pripravil s svojim najljub\u0161im alkoholom IPA, je pomirjujo\u010de ne\u017een, \u010distilni pripravek, ki je zasnovan tako, da ne le spere ostanke dneva, temve\u010d tudi poskrbi, da je va\u0161 ponos in veselje videti preprosto odli\u010dno in v vrhunskem stanju. Ta \u010dudovita formula vsebuje ve\u010d kot 80 ml vrhunskega piva (slad, hmelj in pivski kvas) in ima slastno privla\u010dno aromo.<br \/>\nUpo\u0161tevajte, da se kljub mamljivosti za vsako ceno izogibajte pitju, sicer tvegate, da boste ve\u010dno pihali mehur\u010dke &#8230;<\/p>\n<p>Opomba: Ob nakupu \u0161ampona Beer&#8217;d \u017eal ni prilo\u017eena steklenica na\u0161ega vrhunskega piva.<\/p>","protected":false},"featured_media":10763,"template":"","meta":{"_acf_changed":false,"inline_featured_image":false,"_monsterinsights_skip_tracking":false,"_monsterinsights_sitenote_active":false,"_monsterinsights_sitenote_note":"","_monsterinsights_sitenote_category":0},"product_cat":[367,153],"product_tag":[],"aioseo_notices":[],"acf":[],"_links":{"self":[{"href":"https:\/\/shop.tjasha.si\/en\/wp-json\/wp\/v2\/product\/10762"}],"collection":[{"href":"https:\/\/shop.tjasha.si\/en\/wp-json\/wp\/v2\/product"}],"about":[{"href":"https:\/\/shop.tjasha.si\/en\/wp-json\/wp\/v2\/types\/product"}],"version-history":[{"count":1,"href":"https:\/\/shop.tjasha.si\/en\/wp-json\/wp\/v2\/product\/10762\/revisions"}],"predecessor-version":[{"id":10764,"href":"https:\/\/shop.tjasha.si\/en\/wp-json\/wp\/v2\/product\/10762\/revisions\/10764"}],"wp:featuredmedia":[{"embeddable":true,"href":"https:\/\/shop.tjasha.si\/en\/wp-json\/wp\/v2\/media\/10763"}],"wp:attachment":[{"href":"https:\/\/shop.tjasha.si\/en\/wp-json\/wp\/v2\/media?parent=10762"}],"wp:term":[{"taxonomy":"product_cat","embeddable":true,"href":"https:\/\/shop.tjasha.si\/en\/wp-json\/wp\/v2\/product_cat?post=10762"},{"taxonomy":"product_tag","embeddable":true,"href":"https:\/\/shop.tjasha.si\/en\/wp-json\/wp\/v2\/product_tag?post=10762"}],"curies":[{"name":"wp","href":"https:\/\/api.w.org\/{rel}","templated":true}]}}