{"id":10780,"date":"2024-07-03T08:45:40","date_gmt":"2024-07-03T08:45:40","guid":{"rendered":"https:\/\/shop.tjasha.si\/?post_type=product&#038;p=10780"},"modified":"2024-07-03T08:45:40","modified_gmt":"2024-07-03T08:45:40","slug":"captain-fawcetts-clay-pomade-100g","status":"publish","type":"product","link":"https:\/\/shop.tjasha.si\/en\/trgovina\/captain-fawcetts-clay-pomade-100g\/","title":{"rendered":"Captain Fawcett\u2019s Clay pomade 100g"},"content":{"rendered":"<p><strong>Uporaba<\/strong><\/p>\n<div class=\"collapsible-tab__text\">\n<p><span class=\"metafield-multi_line_text_field\">S kazalcema naberite majhno kepico Captain Fawcett&#8217;s Patent Pomade iz plo\u010devinke. Segrejte jo z mo\u010dnim drgnjenjem med dlanmi, nato pa jo razma\u017eite po \u010distih, z brisa\u010do posu\u0161enih laseh. Za\u010dnite z majhno koli\u010dino pomade in eksperimentirajte, da ugotovite, kaj vam najbolj ustreza. Odvisno od debeline las in \u017eelene pri\u010deske boste morda \u017eeleli za\u010deti s spodnjim delom las. Pre\u010de\u0161ite in oblikujte po svoji \u017eelji.<\/p>\n<p>Ta glina ima teksturo, ki se je lahko dotika, in je idealna za preoblikovanje.<\/span><\/p>\n<p><strong>Sestavine<\/strong><\/p>\n<div class=\"collapsible-tab__text\">\n<p><span class=\"metafield-multi_line_text_field\">Aqua, Kaolin, Petrolatum, Cera Alba, PEG-7 Glyceryl Cocoate, Cetoleth-5, VP\/VA Copolymer, AMP-Acrylates\/Allyl Methacrylate Copolymer, Copernicia Cerifera Cera, Ceteareth-25, Parfum, Phenoxylethanol, Polyacrylamide, Ethylhexylglycerin, C13-14 Isoparaffin, Laureth-7, Acrylamide, Citral, Citronellol, Coumarin, Evernia Prunastri Extract, Limonene, Linalool, CI77499.<\/span><\/p>\n<\/div>\n<\/div>","protected":false},"excerpt":{"rendered":"<p>Srednje obstojen in mat fini\u0161.<\/p>\n<p>Ta la\u017eja pomada dodaja razmr\u0161eno obliko tankim in srednje tankim lasem. Je izjemno vsestranska, saj jo lahko uporabite za razli\u010dne pri\u010deske, ki zahtevajo ve\u010dji volumen in teksturo z mat zaklju\u010dkom brez sijaja in za drugi dan. Prilagodljiva obstojnost za vse debeline las, idealna za kraj\u0161e, razmr\u0161ene pri\u010deske.<\/p>\n<p>Di\u0161ava je mehka in prefinjena, saj zdru\u017euje zelene lesne note in ne\u017ene za\u010dimbe, ki jih za\u010dinijo citrusi.<\/p>","protected":false},"featured_media":10781,"template":"","meta":{"_acf_changed":false,"inline_featured_image":false,"_monsterinsights_skip_tracking":false,"_monsterinsights_sitenote_active":false,"_monsterinsights_sitenote_note":"","_monsterinsights_sitenote_category":0},"product_cat":[367,153],"product_tag":[],"aioseo_notices":[],"acf":[],"_links":{"self":[{"href":"https:\/\/shop.tjasha.si\/en\/wp-json\/wp\/v2\/product\/10780"}],"collection":[{"href":"https:\/\/shop.tjasha.si\/en\/wp-json\/wp\/v2\/product"}],"about":[{"href":"https:\/\/shop.tjasha.si\/en\/wp-json\/wp\/v2\/types\/product"}],"version-history":[{"count":1,"href":"https:\/\/shop.tjasha.si\/en\/wp-json\/wp\/v2\/product\/10780\/revisions"}],"predecessor-version":[{"id":10782,"href":"https:\/\/shop.tjasha.si\/en\/wp-json\/wp\/v2\/product\/10780\/revisions\/10782"}],"wp:featuredmedia":[{"embeddable":true,"href":"https:\/\/shop.tjasha.si\/en\/wp-json\/wp\/v2\/media\/10781"}],"wp:attachment":[{"href":"https:\/\/shop.tjasha.si\/en\/wp-json\/wp\/v2\/media?parent=10780"}],"wp:term":[{"taxonomy":"product_cat","embeddable":true,"href":"https:\/\/shop.tjasha.si\/en\/wp-json\/wp\/v2\/product_cat?post=10780"},{"taxonomy":"product_tag","embeddable":true,"href":"https:\/\/shop.tjasha.si\/en\/wp-json\/wp\/v2\/product_tag?post=10780"}],"curies":[{"name":"wp","href":"https:\/\/api.w.org\/{rel}","templated":true}]}}