{"id":10786,"date":"2024-07-03T08:49:23","date_gmt":"2024-07-03T08:49:23","guid":{"rendered":"https:\/\/shop.tjasha.si\/?post_type=product&#038;p=10786"},"modified":"2024-07-03T08:49:24","modified_gmt":"2024-07-03T08:49:24","slug":"captain-fawcetts-maharajah-vosek-za-brke-15ml","status":"publish","type":"product","link":"https:\/\/shop.tjasha.si\/en\/trgovina\/captain-fawcetts-maharajah-vosek-za-brke-15ml\/","title":{"rendered":"Captain Fawcett\u2019s Maharajah Vosek za brke 15ml"},"content":{"rendered":"<p><strong>Uporaba<\/strong><\/p>\n<div class=\"collapsible-tab__text\">\n<p><span class=\"metafield-multi_line_text_field\">Vosek za brke hranite na toplem v \u017eepu telovnika ali hla\u010d.<br \/>\nS hrbtno stranjo nohta odstranite majhno koli\u010dino voska iz plo\u010devinke.<br \/>\nMed palcem in kazalcem zmeh\u010dajte vosek in ga z gibi navzven in navzgor razma\u017eite po brkih.<br \/>\nNa svoje zdaj \u010dvrste konice dodajte \u0161e en dotik voska, da jih dokon\u010dno zavrtite, in tako zagotovite vrhunski videz.<\/span><\/p>\n<p><strong>Sestavine<\/strong><\/p>\n<div class=\"collapsible-tab__text\">\n<p><span class=\"metafield-multi_line_text_field\">Cera Flava (Yellow Beeswax), Cera Alba (White Beeswax), Petrolatum, Parfum (Fragrance), Alpha-Isomethyl ionone, Citronellol, Limonene, Hexyl cinnamal, Courmarin, Benzyl benzonate, BHT, Geraniol, Linalool &amp; Citral.<\/span><\/p>\n<\/div>\n<\/div>","protected":false},"excerpt":{"rendered":"<p>Lepo di\u0161e\u010di vosek za brke pri\u010dara vro\u010dino o\u010darljivih indijskih no\u010di. Di\u0161i po aromati\u010dnem dimu in drobljenju svetlih cvetnih listov, ki jih je ustvaril kapitanov mojster me\u0161anja, ki je opojno vrtnico prepletel s peko\u010dimi za\u010dimbami, bogatim mo\u0161usom, cedro in usnjem ter osupljivimi vrhnjimi notami citrusov; veli\u010dastna evokacija starodavne mo\u010di, alkimizirana v najbolj eleganten vonj, ki je povsem primeren za sodobnega gentlemana.<\/p>\n<p>Dobavljen v aluminijasti plo\u010devinki s pokrov\u010dkom na vijak.<\/p>\n<p>Sodelovanje kapitana Fawcetta z dru\u017ebo The Jodhpur Company je prineslo izjemno novo serijo podpisov: Maharajah!<\/p>","protected":false},"featured_media":10787,"template":"","meta":{"_acf_changed":false,"inline_featured_image":false,"_monsterinsights_skip_tracking":false,"_monsterinsights_sitenote_active":false,"_monsterinsights_sitenote_note":"","_monsterinsights_sitenote_category":0},"product_cat":[367,153],"product_tag":[],"aioseo_notices":[],"acf":[],"_links":{"self":[{"href":"https:\/\/shop.tjasha.si\/en\/wp-json\/wp\/v2\/product\/10786"}],"collection":[{"href":"https:\/\/shop.tjasha.si\/en\/wp-json\/wp\/v2\/product"}],"about":[{"href":"https:\/\/shop.tjasha.si\/en\/wp-json\/wp\/v2\/types\/product"}],"version-history":[{"count":1,"href":"https:\/\/shop.tjasha.si\/en\/wp-json\/wp\/v2\/product\/10786\/revisions"}],"predecessor-version":[{"id":10788,"href":"https:\/\/shop.tjasha.si\/en\/wp-json\/wp\/v2\/product\/10786\/revisions\/10788"}],"wp:featuredmedia":[{"embeddable":true,"href":"https:\/\/shop.tjasha.si\/en\/wp-json\/wp\/v2\/media\/10787"}],"wp:attachment":[{"href":"https:\/\/shop.tjasha.si\/en\/wp-json\/wp\/v2\/media?parent=10786"}],"wp:term":[{"taxonomy":"product_cat","embeddable":true,"href":"https:\/\/shop.tjasha.si\/en\/wp-json\/wp\/v2\/product_cat?post=10786"},{"taxonomy":"product_tag","embeddable":true,"href":"https:\/\/shop.tjasha.si\/en\/wp-json\/wp\/v2\/product_tag?post=10786"}],"curies":[{"name":"wp","href":"https:\/\/api.w.org\/{rel}","templated":true}]}}